{"id":140751,"date":"2022-10-13T13:07:22","date_gmt":"2022-10-13T11:07:22","guid":{"rendered":"http:\/\/dev.claret.cat\/producte\/ayunar-es-facil\/"},"modified":"2023-01-28T14:19:43","modified_gmt":"2023-01-28T13:19:43","slug":"ayunar-es-facil-9788491114253","status":"publish","type":"product","link":"https:\/\/www.claret.cat\/es\/libro\/ayunar-es-facil-9788491114253\/","title":{"rendered":"AYUNAR ES F\u00c1CIL"},"content":{"rendered":"<p>Un programa para sentirse bien sin caer en la obsesi\u00f3n \u00abEl ayuno es el gran remedio, el m\u00e9dico en nuestro interior\u00bb (Paracelso). El ayuno es un m\u00e9todo curativo probado para muchas dolencias. Cuando el cuerpo no necesita gastar energ\u00eda en la digesti\u00f3n y el metabolismo se puede centrar en reparar, limpiar y curar. Una vez hayas probado el ayuno, lo notar\u00e1s: despu\u00e9s de una cura de ayuno te sentir\u00e1s fresco y lleno de energ\u00eda, alegre y din\u00e1mico. Barbara Simonsohn, una experta en nutrici\u00f3n y coach de salud con gran experiencia, explica en qu\u00e9 consiste el ayuno de una forma tan clara que hasta los principiantes podr\u00e1n comprender. AUTOR (1954) es una popular experta en alimentaci\u00f3n y salud, especialmente en superalimentos, y escritora superventas sobre estos temas. Ha estudiado Ciencias Sociales y ha vivido y trabajado en los jardines de la comunidad Findhorn (Escocia), pioneros de la agricultura sostenible. Durante este tiempo tambi\u00e9n entr\u00f3 en contacto con m\u00e9todos hol\u00edsticos de curaci\u00f3n.<\/p>\n","protected":false},"excerpt":{"rendered":"<p>SIMONSOHN, BARBARA<\/p>\n","protected":false},"featured_media":140752,"template":"","meta":{"_acf_changed":false,"om_disable_all_campaigns":false,"rs_blank_template":"","rs_page_bg_color":"","slide_template_v7":"","inline_featured_image":false,"_monsterinsights_skip_tracking":false,"_monsterinsights_sitenote_active":false,"_monsterinsights_sitenote_note":"","_monsterinsights_sitenote_category":0},"product_brand":[],"product_cat":[97],"product_tag":[],"class_list":{"0":"post-140751","1":"product","2":"type-product","3":"status-publish","4":"has-post-thumbnail","6":"product_cat-salut","8":"first","9":"instock","10":"taxable","11":"shipping-taxable","12":"purchasable","13":"product-type-simple"},"acf":{"editorial":[{"ID":6318,"post_author":"3","post_date":"2022-07-28 17:49:37","post_date_gmt":"2022-07-28 15:49:37","post_content":"","post_title":"OBELISCO","post_excerpt":"","post_status":"publish","comment_status":"closed","ping_status":"closed","post_password":"","post_name":"obelisco","to_ping":"","pinged":"","post_modified":"2022-07-28 17:49:37","post_modified_gmt":"2022-07-28 15:49:37","post_content_filtered":"","post_parent":0,"guid":"http:\/\/dev.claret.cat\/editorial\/obelisco\/","menu_order":0,"post_type":"editorial","post_mime_type":"","comment_count":"0","filter":"raw"}],"autor":"SIMONSOHN, BARBARA","codart":"849111425","libros-coleccion":"SALUD Y VIDA NATURAL","ediciones":"1","encuadernacion":"R\u00fastica","fecha_de_publicacion":"01\/12\/2018","novedad":"1","paginas":"112","subtitulo":"","orden":"0","portada":"0","idioma":"spa","autores-libros":[{"ID":151361,"post_author":"3","post_date":"2022-10-14 14:40:16","post_date_gmt":"2022-10-14 12:40:16","post_content":"","post_title":"BARBARA SIMONSOHN","post_excerpt":"","post_status":"publish","comment_status":"closed","ping_status":"closed","post_password":"","post_name":"barbara-simonsohn","to_ping":"","pinged":"","post_modified":"2022-10-14 14:40:16","post_modified_gmt":"2022-10-14 12:40:16","post_content_filtered":"","post_parent":0,"guid":"http:\/\/dev.claret.cat\/autor\/barbara-simonsohn\/","menu_order":0,"post_type":"autor","post_mime_type":"","comment_count":"0","filter":"raw"}]},"aioseo_notices":[],"_links":{"self":[{"href":"https:\/\/www.claret.cat\/es\/wp-json\/wp\/v2\/product\/140751","targetHints":{"allow":["GET"]}}],"collection":[{"href":"https:\/\/www.claret.cat\/es\/wp-json\/wp\/v2\/product"}],"about":[{"href":"https:\/\/www.claret.cat\/es\/wp-json\/wp\/v2\/types\/product"}],"wp:featuredmedia":[{"embeddable":true,"href":"https:\/\/www.claret.cat\/es\/wp-json\/wp\/v2\/media\/140752"}],"wp:attachment":[{"href":"https:\/\/www.claret.cat\/es\/wp-json\/wp\/v2\/media?parent=140751"}],"wp:term":[{"taxonomy":"product_brand","embeddable":true,"href":"https:\/\/www.claret.cat\/es\/wp-json\/wp\/v2\/product_brand?post=140751"},{"taxonomy":"product_cat","embeddable":true,"href":"https:\/\/www.claret.cat\/es\/wp-json\/wp\/v2\/product_cat?post=140751"},{"taxonomy":"product_tag","embeddable":true,"href":"https:\/\/www.claret.cat\/es\/wp-json\/wp\/v2\/product_tag?post=140751"}],"curies":[{"name":"wp","href":"https:\/\/api.w.org\/{rel}","templated":true}]}}