{"id":140886,"date":"2022-10-13T13:09:30","date_gmt":"2022-10-13T11:09:30","guid":{"rendered":"http:\/\/dev.claret.cat\/producte\/heidi-2\/"},"modified":"2026-02-25T11:00:21","modified_gmt":"2026-02-25T10:00:21","slug":"heidi-9788417599065","status":"publish","type":"product","link":"https:\/\/www.claret.cat\/es\/libro\/heidi-9788417599065\/","title":{"rendered":"HEIDI"},"content":{"rendered":"<p>La Heidi \u00e9s una nena \u00f2rfena que viu amb la seva tieta, fins que un bon dia se&#8217;n va a les muntanyes a viure amb el seu avi. All\u00e0 far\u00e0 molts amics i ser\u00e0 feli\u00e7, per\u00f2 ha de tornar a la ciutat i enyorar\u00e0 la vida a l&#8217;are lliure. Podr\u00e0 tornar algun dia a les muntanyes?<\/p>\n","protected":false},"excerpt":{"rendered":"<p>SPYRI, JOHANNA<\/p>\n","protected":false},"featured_media":317913,"template":"","meta":{"_acf_changed":false,"om_disable_all_campaigns":false,"rs_blank_template":"","rs_page_bg_color":"","slide_template_v7":"","inline_featured_image":false,"_monsterinsights_skip_tracking":false,"_monsterinsights_sitenote_active":false,"_monsterinsights_sitenote_note":"","_monsterinsights_sitenote_category":0},"product_brand":[],"product_cat":[86,352],"product_tag":[],"class_list":{"0":"post-140886","1":"product","2":"type-product","3":"status-publish","4":"has-post-thumbnail","6":"product_cat-infantil","7":"product_cat-infantil-3_infantil-juvenil-spa","9":"first","10":"instock","11":"taxable","12":"shipping-taxable","13":"purchasable","14":"product-type-simple"},"acf":{"editorial":[{"ID":6123,"post_author":"3","post_date":"2022-07-28 17:45:23","post_date_gmt":"2022-07-28 15:45:23","post_content":"","post_title":"ANIMALLIBRES","post_excerpt":"","post_status":"publish","comment_status":"closed","ping_status":"closed","post_password":"","post_name":"animallibres","to_ping":"","pinged":"","post_modified":"2022-07-28 17:45:23","post_modified_gmt":"2022-07-28 15:45:23","post_content_filtered":"","post_parent":0,"guid":"http:\/\/dev.claret.cat\/editorial\/animallibres\/","menu_order":0,"post_type":"editorial","post_mime_type":"","comment_count":"0","filter":"raw"}],"autor":"SPYRI, JOHANNA","codart":"841759906","libros-coleccion":"El Lle\u00f3","ediciones":"1","encuadernacion":"R\u00fastica","fecha_de_publicacion":"01\/01\/2019","novedad":"1","paginas":"24","subtitulo":"","orden":"0","portada":"0","idioma":"cat","autores-libros":[{"ID":159597,"post_author":"3","post_date":"2022-10-14 15:46:09","post_date_gmt":"2022-10-14 13:46:09","post_content":"","post_title":"JOHANNA SPYRI","post_excerpt":"","post_status":"publish","comment_status":"closed","ping_status":"closed","post_password":"","post_name":"johanna-spyri","to_ping":"","pinged":"","post_modified":"2022-10-14 15:46:09","post_modified_gmt":"2022-10-14 13:46:09","post_content_filtered":"","post_parent":0,"guid":"http:\/\/dev.claret.cat\/autor\/johanna-spyri\/","menu_order":0,"post_type":"autor","post_mime_type":"","comment_count":"0","filter":"raw"}],"booktrailer":"","resenas":""},"aioseo_notices":[],"_links":{"self":[{"href":"https:\/\/www.claret.cat\/es\/wp-json\/wp\/v2\/product\/140886","targetHints":{"allow":["GET"]}}],"collection":[{"href":"https:\/\/www.claret.cat\/es\/wp-json\/wp\/v2\/product"}],"about":[{"href":"https:\/\/www.claret.cat\/es\/wp-json\/wp\/v2\/types\/product"}],"wp:featuredmedia":[{"embeddable":true,"href":"https:\/\/www.claret.cat\/es\/wp-json\/wp\/v2\/media\/317913"}],"wp:attachment":[{"href":"https:\/\/www.claret.cat\/es\/wp-json\/wp\/v2\/media?parent=140886"}],"wp:term":[{"taxonomy":"product_brand","embeddable":true,"href":"https:\/\/www.claret.cat\/es\/wp-json\/wp\/v2\/product_brand?post=140886"},{"taxonomy":"product_cat","embeddable":true,"href":"https:\/\/www.claret.cat\/es\/wp-json\/wp\/v2\/product_cat?post=140886"},{"taxonomy":"product_tag","embeddable":true,"href":"https:\/\/www.claret.cat\/es\/wp-json\/wp\/v2\/product_tag?post=140886"}],"curies":[{"name":"wp","href":"https:\/\/api.w.org\/{rel}","templated":true}]}}