{"id":140937,"date":"2022-10-13T13:10:18","date_gmt":"2022-10-13T11:10:18","guid":{"rendered":"http:\/\/dev.claret.cat\/producte\/cuanto-sabes-de-economia\/"},"modified":"2023-01-28T03:15:43","modified_gmt":"2023-01-28T02:15:43","slug":"cuanto-sabes-de-economia-9788417622374","status":"publish","type":"product","link":"https:\/\/www.claret.cat\/es\/libro\/cuanto-sabes-de-economia-9788417622374\/","title":{"rendered":"\u00bfCU\u00c1NTO SABES DE ECONOM\u00cdA?"},"content":{"rendered":"<p>La econom\u00eda como nadie te la ha contado<br \/> \u00bfQu\u00e9 diferencia hay entre un pr\u00e9stamo y un cr\u00e9dito? \u00bfQu\u00e9 es la prima de riesgo? \u00bfPor qu\u00e9 fue necesario rescatar a los bancos? \u00bfQu\u00e9 es el \u00edndice de Gini? \u00bfCu\u00e1nto sabes de<br \/> econom\u00eda?<br \/> Tomar contacto con una materia tan amplia como la econom\u00eda puede ser dif\u00edcil. Conocer los t\u00e9rminos b\u00e1sicos y c\u00f3mo funcionan sus distintas \u00e1reas es indispensable para el d\u00eda a d\u00eda, pues son parte fundamental en muchos \u00e1mbitos de la sociedad. El objetivo de este libro es ayudarnos a entenderla y a sacar nuestras propias conclusiones.<br \/> El autor explica con una claridad nada habitual c\u00f3mo funciona la econom\u00eda, la que gobierna el mundo, tu pa\u00eds y tu hogar. Desde los conceptos b\u00e1sicos de la teor\u00eda econ\u00f3mica, el funcionamiento del mercado, hasta las pol\u00edticas econ\u00f3micas y su impacto en la vida diaria, este libro es una lectura imprescindible para quien quiera ir por la vida sin que le tomen el pelo y comprender uno de los aspectos que m\u00e1s determinan c\u00f3mo vivimos.<\/p>\n","protected":false},"excerpt":{"rendered":"<p>JIM\u00c9NEZ LARGO, I\u00d1AKI<\/p>\n","protected":false},"featured_media":140938,"template":"","meta":{"_acf_changed":false,"om_disable_all_campaigns":false,"rs_blank_template":"","rs_page_bg_color":"","slide_template_v7":"","inline_featured_image":false,"_monsterinsights_skip_tracking":false,"_monsterinsights_sitenote_active":false,"_monsterinsights_sitenote_note":"","_monsterinsights_sitenote_category":0},"product_brand":[],"product_cat":[120],"product_tag":[],"class_list":{"0":"post-140937","1":"product","2":"type-product","3":"status-publish","4":"has-post-thumbnail","6":"product_cat-politica","8":"first","9":"instock","10":"taxable","11":"shipping-taxable","12":"purchasable","13":"product-type-simple"},"acf":{"autor":"JIM\u00c9NEZ LARGO, I\u00d1AKI","codart":"841762237","libros-coleccion":"ACTUAL","ediciones":"1","encuadernacion":"Carpeta","fecha_de_publicacion":"01\/01\/2019","novedad":"1","paginas":"186","subtitulo":"","orden":"0","portada":"0","idioma":"spa","editorial":[{"ID":147355,"post_author":"3","post_date":"2022-10-14 11:49:56","post_date_gmt":"2022-10-14 09:49:56","post_content":"","post_title":"(378) PLATAFORMA EDITORIAL","post_excerpt":"","post_status":"publish","comment_status":"closed","ping_status":"closed","post_password":"","post_name":"378-plataforma-editorial","to_ping":"","pinged":"","post_modified":"2022-10-14 11:49:56","post_modified_gmt":"2022-10-14 09:49:56","post_content_filtered":"","post_parent":0,"guid":"http:\/\/dev.claret.cat\/editorial\/378-plataforma-editorial\/","menu_order":0,"post_type":"editorial","post_mime_type":"","comment_count":"0","filter":"raw"}],"autores-libros":[{"ID":157952,"post_author":"3","post_date":"2022-10-14 15:32:58","post_date_gmt":"2022-10-14 13:32:58","post_content":"","post_title":"I\u00d1AKI JIM\u00c9NEZ LARGO","post_excerpt":"","post_status":"publish","comment_status":"closed","ping_status":"closed","post_password":"","post_name":"inaki-jimenez-largo","to_ping":"","pinged":"","post_modified":"2022-10-14 15:32:58","post_modified_gmt":"2022-10-14 13:32:58","post_content_filtered":"","post_parent":0,"guid":"http:\/\/dev.claret.cat\/autor\/inaki-jimenez-largo\/","menu_order":0,"post_type":"autor","post_mime_type":"","comment_count":"0","filter":"raw"}]},"aioseo_notices":[],"_links":{"self":[{"href":"https:\/\/www.claret.cat\/es\/wp-json\/wp\/v2\/product\/140937","targetHints":{"allow":["GET"]}}],"collection":[{"href":"https:\/\/www.claret.cat\/es\/wp-json\/wp\/v2\/product"}],"about":[{"href":"https:\/\/www.claret.cat\/es\/wp-json\/wp\/v2\/types\/product"}],"wp:featuredmedia":[{"embeddable":true,"href":"https:\/\/www.claret.cat\/es\/wp-json\/wp\/v2\/media\/140938"}],"wp:attachment":[{"href":"https:\/\/www.claret.cat\/es\/wp-json\/wp\/v2\/media?parent=140937"}],"wp:term":[{"taxonomy":"product_brand","embeddable":true,"href":"https:\/\/www.claret.cat\/es\/wp-json\/wp\/v2\/product_brand?post=140937"},{"taxonomy":"product_cat","embeddable":true,"href":"https:\/\/www.claret.cat\/es\/wp-json\/wp\/v2\/product_cat?post=140937"},{"taxonomy":"product_tag","embeddable":true,"href":"https:\/\/www.claret.cat\/es\/wp-json\/wp\/v2\/product_tag?post=140937"}],"curies":[{"name":"wp","href":"https:\/\/api.w.org\/{rel}","templated":true}]}}