{"id":140967,"date":"2022-10-13T13:10:47","date_gmt":"2022-10-13T11:10:47","guid":{"rendered":"http:\/\/dev.claret.cat\/producte\/tierra-de-mujeres\/"},"modified":"2023-01-28T05:37:00","modified_gmt":"2023-01-28T04:37:00","slug":"tierra-de-mujeres-9788432234682","status":"publish","type":"product","link":"https:\/\/www.claret.cat\/es\/libro\/tierra-de-mujeres-9788432234682\/","title":{"rendered":"TIERRA DE MUJERES"},"content":{"rendered":"<p>Hija y nieta de veterinarios, la \u00faltima de\u00a0varias generaciones vinculadas desde hace a\u00f1os a la tierra y a los animales,\u00a0Mar\u00eda S\u00e1nchez (C\u00f3rdoba, 1989) es la primera mujer en su familia en dedicarse a\u00a0un oficio desempe\u00f1ado tradicionalmente por hombres. Su d\u00eda a d\u00eda como veterinaria de campo pasa por recorrer Espa\u00f1a en una furgoneta y esquivar las miradas en un entorno predominantemente masculino como es el mundo rural. En este personal\u00edsimo ensayo, la escritora se propone\u00a0servir de altavoz y dar espacio\u00a0a todas las mujeres silenciadas\u00a0en los campos espa\u00f1oles, a todas aquellas que tuvieron que renunciar a una educaci\u00f3n y a una independencia para trabajar la tierra con las manos y cuidar de sus familias.<br \/>A partir de historias familiares, de reflexiones sobre ciencia y literatura fruto de sus lecturas y de algunos de los conflictos que asolan al medio rural en Espa\u00f1a (la despoblaci\u00f3n y el olvido de los pueblos, la explotaci\u00f3n de los recursos naturales, el incumplimiento de pol\u00edticas ambientales o las condiciones laborales en el campo), Tierra de mujeres\u00a0viene a llenar un hueco en el debate sobre feminismo y literatura rural. Busca, adem\u00e1s, ofrecer una visi\u00f3n de la vida en campo realista, alejada de las postales buc\u00f3licas dadas desde las grandes ciudades, y subrayar el peligro de perder para siempre un conocimiento hasta ahora transmitido de generaci\u00f3n en generaci\u00f3n.<\/p>\n","protected":false},"excerpt":{"rendered":"<p>S\u00c1NCHEZ, MAR\u00cdA<\/p>\n","protected":false},"featured_media":140968,"template":"","meta":{"_acf_changed":false,"om_disable_all_campaigns":false,"rs_blank_template":"","rs_page_bg_color":"","slide_template_v7":"","inline_featured_image":false,"_monsterinsights_skip_tracking":false,"_monsterinsights_sitenote_active":false,"_monsterinsights_sitenote_note":"","_monsterinsights_sitenote_category":0},"product_brand":[],"product_cat":[84],"product_tag":[],"class_list":{"0":"post-140967","1":"product","2":"type-product","3":"status-publish","4":"has-post-thumbnail","6":"product_cat-sociologia","8":"first","9":"instock","10":"taxable","11":"shipping-taxable","12":"purchasable","13":"product-type-simple"},"acf":{"autor":"S\u00c1NCHEZ, MAR\u00cdA","codart":"843223468","libros-coleccion":"Los Tres Mundos","ediciones":"1","encuadernacion":"R\u00fastica","fecha_de_publicacion":"01\/02\/2019","novedad":"1","paginas":"190","subtitulo":"UNA MIRADA \u00cdNTIMA Y FAMILIAR AL MUNDO RURAL","orden":"0","portada":"0","idioma":"spa","editorial":[{"ID":148799,"post_author":"3","post_date":"2022-10-14 12:01:05","post_date_gmt":"2022-10-14 10:01:05","post_content":"","post_title":"Seix Barral","post_excerpt":"","post_status":"publish","comment_status":"closed","ping_status":"closed","post_password":"","post_name":"seix-barral","to_ping":"","pinged":"","post_modified":"2022-10-14 12:01:05","post_modified_gmt":"2022-10-14 10:01:05","post_content_filtered":"","post_parent":0,"guid":"http:\/\/dev.claret.cat\/editorial\/seix-barral\/","menu_order":0,"post_type":"editorial","post_mime_type":"","comment_count":"0","filter":"raw"}],"autores-libros":[{"ID":163769,"post_author":"3","post_date":"2022-10-14 17:41:42","post_date_gmt":"2022-10-14 15:41:42","post_content":"","post_title":"MARIA S\u00c1NCHEZ","post_excerpt":"","post_status":"publish","comment_status":"closed","ping_status":"closed","post_password":"","post_name":"maria-sanchez","to_ping":"","pinged":"","post_modified":"2022-10-14 17:41:42","post_modified_gmt":"2022-10-14 15:41:42","post_content_filtered":"","post_parent":0,"guid":"http:\/\/dev.claret.cat\/autor\/maria-sanchez\/","menu_order":0,"post_type":"autor","post_mime_type":"","comment_count":"0","filter":"raw"}]},"aioseo_notices":[],"_links":{"self":[{"href":"https:\/\/www.claret.cat\/es\/wp-json\/wp\/v2\/product\/140967","targetHints":{"allow":["GET"]}}],"collection":[{"href":"https:\/\/www.claret.cat\/es\/wp-json\/wp\/v2\/product"}],"about":[{"href":"https:\/\/www.claret.cat\/es\/wp-json\/wp\/v2\/types\/product"}],"wp:featuredmedia":[{"embeddable":true,"href":"https:\/\/www.claret.cat\/es\/wp-json\/wp\/v2\/media\/140968"}],"wp:attachment":[{"href":"https:\/\/www.claret.cat\/es\/wp-json\/wp\/v2\/media?parent=140967"}],"wp:term":[{"taxonomy":"product_brand","embeddable":true,"href":"https:\/\/www.claret.cat\/es\/wp-json\/wp\/v2\/product_brand?post=140967"},{"taxonomy":"product_cat","embeddable":true,"href":"https:\/\/www.claret.cat\/es\/wp-json\/wp\/v2\/product_cat?post=140967"},{"taxonomy":"product_tag","embeddable":true,"href":"https:\/\/www.claret.cat\/es\/wp-json\/wp\/v2\/product_tag?post=140967"}],"curies":[{"name":"wp","href":"https:\/\/api.w.org\/{rel}","templated":true}]}}