{"id":141021,"date":"2022-10-13T13:11:37","date_gmt":"2022-10-13T11:11:37","guid":{"rendered":"http:\/\/dev.claret.cat\/producte\/mujeres-matematicas-2\/"},"modified":"2025-02-04T17:55:11","modified_gmt":"2025-02-04T16:55:11","slug":"mujeres-matematicas-9788491872665","status":"publish","type":"product","link":"https:\/\/www.claret.cat\/es\/libro\/mujeres-matematicas-9788491872665\/","title":{"rendered":"MUJERES MATEM\u00c1TICAS"},"content":{"rendered":"<p>Desde el siglo IV a. C. y hasta nuestros d\u00edas, son muchas las mujeres que han aportado conocimiento al mundo matem\u00e1tico. Hipatia de Alejandr\u00eda mejor\u00f3 el astrolabio y cre\u00f3 el higr\u00f3metro; Caroline Lucretia Herschel descubri\u00f3 dos mil estrellas dobles y demostr\u00f3 sus sistemas binarios; Sofia Kovalevskaya formul\u00f3 el teorema de Cauchy-Kovalevski y gan\u00f3 el reputado Premio Bordin. Este libro nos descubre a grandes mujeres, de todas las \u00e9pocas, que, superando los m\u00e1s arraigados prejuicios, marcaron la evoluci\u00f3n y la historia de las ciencias matem\u00e1ticas.<\/p>\n","protected":false},"excerpt":{"rendered":"<p>NAVARRO JOAQU\u00cdN<\/p>\n","protected":false},"featured_media":141022,"template":"","meta":{"_acf_changed":false,"om_disable_all_campaigns":false,"rs_blank_template":"","rs_page_bg_color":"","slide_template_v7":"","inline_featured_image":false,"_monsterinsights_skip_tracking":false,"_monsterinsights_sitenote_active":false,"_monsterinsights_sitenote_note":"","_monsterinsights_sitenote_category":0},"product_brand":[],"product_cat":[104,554],"product_tag":[],"class_list":{"0":"post-141021","1":"product","2":"type-product","3":"status-publish","4":"has-post-thumbnail","6":"product_cat-ciencia","7":"product_cat-ciencia-5_otras-spa","9":"first","10":"instock","11":"taxable","12":"shipping-taxable","13":"purchasable","14":"product-type-simple"},"acf":{"editorial":[{"ID":148737,"post_author":"3","post_date":"2022-10-14 12:00:35","post_date_gmt":"2022-10-14 10:00:35","post_content":"","post_title":"RBA Libros","post_excerpt":"","post_status":"publish","comment_status":"closed","ping_status":"closed","post_password":"","post_name":"rba-libros","to_ping":"","pinged":"","post_modified":"2022-10-14 12:00:35","post_modified_gmt":"2022-10-14 10:00:35","post_content_filtered":"","post_parent":0,"guid":"http:\/\/dev.claret.cat\/editorial\/rba-libros\/","menu_order":0,"post_type":"editorial","post_mime_type":"","comment_count":"0","filter":"raw"}],"autor":"NAVARRO JOAQU\u00cdN","codart":"849187266","libros-coleccion":"Divulgaci\u00f3n","ediciones":"1","encuadernacion":"R\u00fastica","fecha_de_publicacion":"01\/02\/2019","novedad":"1","paginas":"171","subtitulo":"","orden":"0","portada":"0","idioma":"spa","autores-libros":[{"ID":165713,"post_author":"3","post_date":"2022-10-14 17:57:22","post_date_gmt":"2022-10-14 15:57:22","post_content":"","post_title":"NAVARRO JOAQU\u00cdN","post_excerpt":"","post_status":"publish","comment_status":"closed","ping_status":"closed","post_password":"","post_name":"navarro-joaquin","to_ping":"","pinged":"","post_modified":"2022-10-14 17:57:22","post_modified_gmt":"2022-10-14 15:57:22","post_content_filtered":"","post_parent":0,"guid":"http:\/\/dev.claret.cat\/autor\/navarro-joaquin\/","menu_order":0,"post_type":"autor","post_mime_type":"","comment_count":"0","filter":"raw"}]},"aioseo_notices":[],"_links":{"self":[{"href":"https:\/\/www.claret.cat\/es\/wp-json\/wp\/v2\/product\/141021","targetHints":{"allow":["GET"]}}],"collection":[{"href":"https:\/\/www.claret.cat\/es\/wp-json\/wp\/v2\/product"}],"about":[{"href":"https:\/\/www.claret.cat\/es\/wp-json\/wp\/v2\/types\/product"}],"wp:featuredmedia":[{"embeddable":true,"href":"https:\/\/www.claret.cat\/es\/wp-json\/wp\/v2\/media\/141022"}],"wp:attachment":[{"href":"https:\/\/www.claret.cat\/es\/wp-json\/wp\/v2\/media?parent=141021"}],"wp:term":[{"taxonomy":"product_brand","embeddable":true,"href":"https:\/\/www.claret.cat\/es\/wp-json\/wp\/v2\/product_brand?post=141021"},{"taxonomy":"product_cat","embeddable":true,"href":"https:\/\/www.claret.cat\/es\/wp-json\/wp\/v2\/product_cat?post=141021"},{"taxonomy":"product_tag","embeddable":true,"href":"https:\/\/www.claret.cat\/es\/wp-json\/wp\/v2\/product_tag?post=141021"}],"curies":[{"name":"wp","href":"https:\/\/api.w.org\/{rel}","templated":true}]}}