{"id":141027,"date":"2022-10-13T13:11:43","date_gmt":"2022-10-13T11:11:43","guid":{"rendered":"http:\/\/dev.claret.cat\/producte\/ana-de-las-tejas-verdes-4-mas-aventuras-en-avolea\/"},"modified":"2025-04-07T12:28:24","modified_gmt":"2025-04-07T10:28:24","slug":"ana-de-las-tejas-verdes-4-mas-aventuras-en-avolea-9788427215788","status":"publish","type":"product","link":"https:\/\/www.claret.cat\/es\/libro\/ana-de-las-tejas-verdes-4-mas-aventuras-en-avolea-9788427215788\/","title":{"rendered":"ANA DE LAS TEJAS VERDES 4. M\u00c1S AVENTURAS EN AVOLEA"},"content":{"rendered":"<p>El amor est\u00e1 en el aire en Avonlea. Antiguos enamorados que se reencuentran, romances que no lo eran, nuevas parejas y alg\u00fan encuentro m\u00e1gico que provoca un buen entuerto&#8230; \u00a1Nunca faltan las emociones cuando Ana Shirley anda cerca! La so\u00f1adora pelirroja se hace mayor y la vida le reserva sus propias sorpresas. Las peripecias de Ana de las Tejas Verdes, una saga cl\u00e1sica ahora revisada y actualizada en una cuidada edici\u00f3n ilustrada por Maria Llovet.<\/p>\n","protected":false},"excerpt":{"rendered":"<p>MONTGOMERY LUCY MAUD<\/p>\n","protected":false},"featured_media":141028,"template":"","meta":{"_acf_changed":false,"om_disable_all_campaigns":false,"rs_blank_template":"","rs_page_bg_color":"","slide_template_v7":"","inline_featured_image":false,"_monsterinsights_skip_tracking":false,"_monsterinsights_sitenote_active":false,"_monsterinsights_sitenote_note":"","_monsterinsights_sitenote_category":0},"product_brand":[],"product_cat":[86,352],"product_tag":[],"class_list":{"0":"post-141027","1":"product","2":"type-product","3":"status-publish","4":"has-post-thumbnail","6":"product_cat-infantil","7":"product_cat-infantil-3_infantil-juvenil-spa","9":"first","10":"instock","11":"taxable","12":"shipping-taxable","13":"purchasable","14":"product-type-simple"},"acf":{"editorial":[{"ID":6346,"post_author":"3","post_date":"2022-07-28 17:50:13","post_date_gmt":"2022-07-28 15:50:13","post_content":"","post_title":"RBA Molino","post_excerpt":"","post_status":"publish","comment_status":"closed","ping_status":"closed","post_password":"","post_name":"rba-molino","to_ping":"","pinged":"","post_modified":"2022-07-28 17:50:13","post_modified_gmt":"2022-07-28 15:50:13","post_content_filtered":"","post_parent":0,"guid":"http:\/\/dev.claret.cat\/editorial\/rba-molino\/","menu_order":0,"post_type":"editorial","post_mime_type":"","comment_count":"0","filter":"raw"}],"autor":"MONTGOMERY LUCY MAUD","codart":"842721578","libros-coleccion":"INOLVIDABLES","ediciones":"1","encuadernacion":"Carton\u00e9","fecha_de_publicacion":"01\/02\/2019","novedad":"1","paginas":"219","subtitulo":"","orden":"0","portada":"0","idioma":"spa","autores-libros":[{"ID":165372,"post_author":"3","post_date":"2022-10-14 17:54:39","post_date_gmt":"2022-10-14 15:54:39","post_content":"","post_title":"MONTGOMERY LUCY MAUD","post_excerpt":"","post_status":"publish","comment_status":"closed","ping_status":"closed","post_password":"","post_name":"montgomery-lucy-maud","to_ping":"","pinged":"","post_modified":"2022-10-14 17:54:39","post_modified_gmt":"2022-10-14 15:54:39","post_content_filtered":"","post_parent":0,"guid":"http:\/\/dev.claret.cat\/autor\/montgomery-lucy-maud\/","menu_order":0,"post_type":"autor","post_mime_type":"","comment_count":"0","filter":"raw"}]},"aioseo_notices":[],"_links":{"self":[{"href":"https:\/\/www.claret.cat\/es\/wp-json\/wp\/v2\/product\/141027","targetHints":{"allow":["GET"]}}],"collection":[{"href":"https:\/\/www.claret.cat\/es\/wp-json\/wp\/v2\/product"}],"about":[{"href":"https:\/\/www.claret.cat\/es\/wp-json\/wp\/v2\/types\/product"}],"wp:featuredmedia":[{"embeddable":true,"href":"https:\/\/www.claret.cat\/es\/wp-json\/wp\/v2\/media\/141028"}],"wp:attachment":[{"href":"https:\/\/www.claret.cat\/es\/wp-json\/wp\/v2\/media?parent=141027"}],"wp:term":[{"taxonomy":"product_brand","embeddable":true,"href":"https:\/\/www.claret.cat\/es\/wp-json\/wp\/v2\/product_brand?post=141027"},{"taxonomy":"product_cat","embeddable":true,"href":"https:\/\/www.claret.cat\/es\/wp-json\/wp\/v2\/product_cat?post=141027"},{"taxonomy":"product_tag","embeddable":true,"href":"https:\/\/www.claret.cat\/es\/wp-json\/wp\/v2\/product_tag?post=141027"}],"curies":[{"name":"wp","href":"https:\/\/api.w.org\/{rel}","templated":true}]}}