{"id":141042,"date":"2022-10-13T13:11:56","date_gmt":"2022-10-13T11:11:56","guid":{"rendered":"http:\/\/dev.claret.cat\/producte\/nadie-ha-visto-nunca-a-dios\/"},"modified":"2025-11-17T20:05:39","modified_gmt":"2025-11-17T19:05:39","slug":"nadie-ha-visto-nunca-a-dios-9788490734421","status":"publish","type":"product","link":"https:\/\/www.claret.cat\/es\/libro\/nadie-ha-visto-nunca-a-dios-9788490734421\/","title":{"rendered":"NADIE HA VISTO NUNCA A DIOS"},"content":{"rendered":"<p>Juan no es un evangelio ca\u00eddo del cielo sino que supone un principio, un contexto hist\u00f3rico, una tradici\u00f3n, que ha determinado una interpretaci\u00f3n elevada de la persona, de la doctrina y de la obra de Jes\u00fas, el Nazareno. Recuperar el proceso de la formaci\u00f3n de este evangelio no \u00fanicamente revela el impacto que Jesucristo ejerci\u00f3 entre sus disc\u00edpulos a lo largo de su vida, sino el descubrimiento posterior de la virtualidad contenida en la experiencia de fe de la Iglesia primitiva. <br \/>El evangelio de Juan debe ser entendido desde la tierra. El lector del actual trabajo encontrar\u00e1 una herramienta para reconocer la relevancia literaria y la elevaci\u00f3n teol\u00f3gica que proceden del disc\u00edpulo preferido de Cristo.<\/p>\n","protected":false},"excerpt":{"rendered":"<p>TRAGAN, PIUS-RAMON; PERRONI, MARINELLA<\/p>\n","protected":false},"featured_media":372863,"template":"","meta":{"_acf_changed":false,"om_disable_all_campaigns":false,"rs_blank_template":"","rs_page_bg_color":"","slide_template_v7":"","inline_featured_image":false,"_monsterinsights_skip_tracking":false,"_monsterinsights_sitenote_active":false,"_monsterinsights_sitenote_note":"","_monsterinsights_sitenote_category":0},"product_brand":[],"product_cat":[75,341],"product_tag":[],"class_list":{"0":"post-141042","1":"product","2":"type-product","3":"status-publish","4":"has-post-thumbnail","6":"product_cat-biblia","7":"product_cat-biblia-es","9":"first","10":"instock","11":"taxable","12":"shipping-taxable","13":"purchasable","14":"product-type-simple"},"acf":{"editorial":[{"ID":6390,"post_author":"3","post_date":"2022-07-28 17:51:08","post_date_gmt":"2022-07-28 15:51:08","post_content":"","post_title":"VERBO DIVINO","post_excerpt":"","post_status":"publish","comment_status":"closed","ping_status":"closed","post_password":"","post_name":"verbo-divino","to_ping":"","pinged":"","post_modified":"2022-07-28 17:51:08","post_modified_gmt":"2022-07-28 15:51:08","post_content_filtered":"","post_parent":0,"guid":"http:\/\/dev.claret.cat\/editorial\/verbo-divino\/","menu_order":0,"post_type":"editorial","post_mime_type":"","comment_count":"0","filter":"raw"}],"autor":"TRAGAN, PIUS-RAMON; PERRONI, MARINELLA","codart":"849073442","libros-coleccion":"Estudios B\u00edblicos","ediciones":"1","encuadernacion":"R\u00fastica","fecha_de_publicacion":"13\/02\/2019","novedad":"1","paginas":"312","subtitulo":"UNA GU\u00cdA PARA LA LECTURA DEL EVANGELIO DE JUAN","orden":"0","portada":"0","idioma":"spa","autores-libros":[{"ID":167362,"post_author":"3","post_date":"2022-10-14 18:10:36","post_date_gmt":"2022-10-14 16:10:36","post_content":"","post_title":"PIUS-RAMON TRAGAN","post_excerpt":"","post_status":"publish","comment_status":"closed","ping_status":"closed","post_password":"","post_name":"pius-ramon-tragan","to_ping":"","pinged":"","post_modified":"2022-10-14 18:10:36","post_modified_gmt":"2022-10-14 16:10:36","post_content_filtered":"","post_parent":0,"guid":"http:\/\/dev.claret.cat\/autor\/pius-ramon-tragan\/","menu_order":0,"post_type":"autor","post_mime_type":"","comment_count":"0","filter":"raw"},{"ID":163956,"post_author":"3","post_date":"2022-10-14 17:43:12","post_date_gmt":"2022-10-14 15:43:12","post_content":"","post_title":"MARINELLA PERRONI","post_excerpt":"","post_status":"publish","comment_status":"closed","ping_status":"closed","post_password":"","post_name":"marinella-perroni","to_ping":"","pinged":"","post_modified":"2022-10-14 17:43:12","post_modified_gmt":"2022-10-14 15:43:12","post_content_filtered":"","post_parent":0,"guid":"http:\/\/dev.claret.cat\/autor\/marinella-perroni\/","menu_order":0,"post_type":"autor","post_mime_type":"","comment_count":"0","filter":"raw"}],"booktrailer":"","resenas":""},"aioseo_notices":[],"_links":{"self":[{"href":"https:\/\/www.claret.cat\/es\/wp-json\/wp\/v2\/product\/141042","targetHints":{"allow":["GET"]}}],"collection":[{"href":"https:\/\/www.claret.cat\/es\/wp-json\/wp\/v2\/product"}],"about":[{"href":"https:\/\/www.claret.cat\/es\/wp-json\/wp\/v2\/types\/product"}],"wp:featuredmedia":[{"embeddable":true,"href":"https:\/\/www.claret.cat\/es\/wp-json\/wp\/v2\/media\/372863"}],"wp:attachment":[{"href":"https:\/\/www.claret.cat\/es\/wp-json\/wp\/v2\/media?parent=141042"}],"wp:term":[{"taxonomy":"product_brand","embeddable":true,"href":"https:\/\/www.claret.cat\/es\/wp-json\/wp\/v2\/product_brand?post=141042"},{"taxonomy":"product_cat","embeddable":true,"href":"https:\/\/www.claret.cat\/es\/wp-json\/wp\/v2\/product_cat?post=141042"},{"taxonomy":"product_tag","embeddable":true,"href":"https:\/\/www.claret.cat\/es\/wp-json\/wp\/v2\/product_tag?post=141042"}],"curies":[{"name":"wp","href":"https:\/\/api.w.org\/{rel}","templated":true}]}}