{"id":141108,"date":"2022-10-13T13:12:49","date_gmt":"2022-10-13T11:12:49","guid":{"rendered":"http:\/\/dev.claret.cat\/producte\/els-historionautes-una-aventura-vikinga\/"},"modified":"2025-01-31T17:55:18","modified_gmt":"2025-01-31T16:55:18","slug":"els-historionautes-una-aventura-vikinga-9788424663780","status":"publish","type":"product","link":"https:\/\/www.claret.cat\/es\/libro\/els-historionautes-una-aventura-vikinga-9788424663780\/","title":{"rendered":"ELS HISTORIONAUTES. UNA AVENTURA VIKINGA"},"content":{"rendered":"<p>Apunta&#8217;t a viatjar a l&#8217;\u00e8poca dels vikings amb els Historionautes i ajuda&#8217;ls a descobrir els secrets del passat! Per poder tornar a casa, haur\u00e0s de desxifrar els misteris que amaguen les runes, construir vaixells, trobar menjar al bosc i saber-ho tot sobre els saquejos dels vikings. Els Historionautes s\u00f3n la combinaci\u00f3 perfecta d&#8217;Hist\u00f2ria i diversi\u00f3!<\/p>\n","protected":false},"excerpt":{"rendered":"<p>DURKIN, FRANCES \/ COOKE, GRACE<\/p>\n","protected":false},"featured_media":141109,"template":"","meta":{"_acf_changed":false,"om_disable_all_campaigns":false,"rs_blank_template":"","rs_page_bg_color":"","slide_template_v7":"","inline_featured_image":false,"_monsterinsights_skip_tracking":false,"_monsterinsights_sitenote_active":false,"_monsterinsights_sitenote_note":"","_monsterinsights_sitenote_category":0},"product_brand":[],"product_cat":[86,352],"product_tag":[],"class_list":{"0":"post-141108","1":"product","2":"type-product","3":"status-publish","4":"has-post-thumbnail","6":"product_cat-infantil","7":"product_cat-infantil-3_infantil-juvenil-spa","9":"first","10":"instock","11":"taxable","12":"shipping-taxable","13":"purchasable","14":"product-type-simple"},"acf":{"autor":"DURKIN, FRANCES \/ COOKE, GRACE","codart":"842466378","libros-coleccion":"","ediciones":"1","encuadernacion":"R\u00fastica","fecha_de_publicacion":"01\/02\/2019","novedad":"1","paginas":"0","subtitulo":"","orden":"0","portada":"0","idioma":"cat","editorial":[{"ID":148189,"post_author":"3","post_date":"2022-10-14 11:56:19","post_date_gmt":"2022-10-14 09:56:19","post_content":"","post_title":"GALERA, EDITORIAL","post_excerpt":"","post_status":"publish","comment_status":"closed","ping_status":"closed","post_password":"","post_name":"galera-editorial","to_ping":"","pinged":"","post_modified":"2022-10-14 11:56:19","post_modified_gmt":"2022-10-14 09:56:19","post_content_filtered":"","post_parent":0,"guid":"http:\/\/dev.claret.cat\/editorial\/galera-editorial\/","menu_order":0,"post_type":"editorial","post_mime_type":"","comment_count":"0","filter":"raw"}],"autores-libros":[{"ID":156056,"post_author":"3","post_date":"2022-10-14 15:17:46","post_date_gmt":"2022-10-14 13:17:46","post_content":"","post_title":"FRANCES DURKIN","post_excerpt":"","post_status":"publish","comment_status":"closed","ping_status":"closed","post_password":"","post_name":"frances-durkin","to_ping":"","pinged":"","post_modified":"2022-10-14 15:17:46","post_modified_gmt":"2022-10-14 13:17:46","post_content_filtered":"","post_parent":0,"guid":"http:\/\/dev.claret.cat\/autor\/frances-durkin\/","menu_order":0,"post_type":"autor","post_mime_type":"","comment_count":"0","filter":"raw"},{"ID":157084,"post_author":"3","post_date":"2022-10-14 15:25:59","post_date_gmt":"2022-10-14 13:25:59","post_content":"","post_title":"GRACE COOKE","post_excerpt":"","post_status":"publish","comment_status":"closed","ping_status":"closed","post_password":"","post_name":"grace-cooke","to_ping":"","pinged":"","post_modified":"2022-10-14 15:25:59","post_modified_gmt":"2022-10-14 13:25:59","post_content_filtered":"","post_parent":0,"guid":"http:\/\/dev.claret.cat\/autor\/grace-cooke\/","menu_order":0,"post_type":"autor","post_mime_type":"","comment_count":"0","filter":"raw"}]},"aioseo_notices":[],"_links":{"self":[{"href":"https:\/\/www.claret.cat\/es\/wp-json\/wp\/v2\/product\/141108","targetHints":{"allow":["GET"]}}],"collection":[{"href":"https:\/\/www.claret.cat\/es\/wp-json\/wp\/v2\/product"}],"about":[{"href":"https:\/\/www.claret.cat\/es\/wp-json\/wp\/v2\/types\/product"}],"wp:featuredmedia":[{"embeddable":true,"href":"https:\/\/www.claret.cat\/es\/wp-json\/wp\/v2\/media\/141109"}],"wp:attachment":[{"href":"https:\/\/www.claret.cat\/es\/wp-json\/wp\/v2\/media?parent=141108"}],"wp:term":[{"taxonomy":"product_brand","embeddable":true,"href":"https:\/\/www.claret.cat\/es\/wp-json\/wp\/v2\/product_brand?post=141108"},{"taxonomy":"product_cat","embeddable":true,"href":"https:\/\/www.claret.cat\/es\/wp-json\/wp\/v2\/product_cat?post=141108"},{"taxonomy":"product_tag","embeddable":true,"href":"https:\/\/www.claret.cat\/es\/wp-json\/wp\/v2\/product_tag?post=141108"}],"curies":[{"name":"wp","href":"https:\/\/api.w.org\/{rel}","templated":true}]}}