{"id":141222,"date":"2022-10-13T13:14:31","date_gmt":"2022-10-13T11:14:31","guid":{"rendered":"http:\/\/dev.claret.cat\/producte\/el-violi-den-patrick\/"},"modified":"2023-01-28T09:35:07","modified_gmt":"2023-01-28T08:35:07","slug":"el-violi-den-patrick-9788417552220","status":"publish","type":"product","link":"https:\/\/www.claret.cat\/es\/libro\/el-violi-den-patrick-9788417552220\/","title":{"rendered":"EL VIOL\u00cd D&#8217;EN PATRICK"},"content":{"rendered":"<p>El m\u00f3n pot ser un lloc molt gris, molt seri\u00f3s, molt pobre. Per\u00f2 en Patrick acaba de trobar, en un mercat d\u2019antiguitats, una eina m\u00e0gica: un viol\u00ed!<br \/>Quan en Patrick toca el viol\u00ed, passen les coses m\u00e9s incre\u00efbles: els peixos comencen a volar, les vaques ballen i dels arbres creixen pastissos en lloc de pomes. I de sobte fins i tot els m\u00e9s tristos somriuen i mil focs artificials esclaten al cel. Colors per tot arreu!<br \/>En Patrick ens demostra com arribem a necessitar la m\u00fasica, la fantasia i hist\u00f2ries com la seva per fer que el nostre m\u00f3n sigui un lloc m\u00e9s bonic i divertit. Un lloc millor.<\/p>\n","protected":false},"excerpt":{"rendered":"<p>BLAKE, QUENTIN<\/p>\n","protected":false},"featured_media":141223,"template":"","meta":{"_acf_changed":false,"om_disable_all_campaigns":false,"rs_blank_template":"","rs_page_bg_color":"","slide_template_v7":"","inline_featured_image":false,"_monsterinsights_skip_tracking":false,"_monsterinsights_sitenote_active":false,"_monsterinsights_sitenote_note":"","_monsterinsights_sitenote_category":0},"product_brand":[],"product_cat":[86],"product_tag":[],"class_list":{"0":"post-141222","1":"product","2":"type-product","3":"status-publish","4":"has-post-thumbnail","6":"product_cat-infantil","8":"first","9":"instock","10":"taxable","11":"shipping-taxable","12":"purchasable","13":"product-type-simple"},"acf":{"editorial":[{"ID":6146,"post_author":"3","post_date":"2022-07-28 17:45:52","post_date_gmt":"2022-07-28 15:45:52","post_content":"","post_title":"Blackie Books","post_excerpt":"","post_status":"publish","comment_status":"closed","ping_status":"closed","post_password":"","post_name":"blackie-books","to_ping":"","pinged":"","post_modified":"2022-07-28 17:45:52","post_modified_gmt":"2022-07-28 15:45:52","post_content_filtered":"","post_parent":0,"guid":"http:\/\/dev.claret.cat\/editorial\/blackie-books\/","menu_order":0,"post_type":"editorial","post_mime_type":"","comment_count":"0","filter":"raw"}],"autor":"BLAKE, QUENTIN","codart":"841755222","libros-coleccion":"Primers lectors","ediciones":"1","encuadernacion":"Carton\u00e9","fecha_de_publicacion":"01\/02\/2019","novedad":"1","paginas":"40","subtitulo":"","orden":"0","portada":"0","idioma":"cat","autores-libros":[{"ID":167450,"post_author":"3","post_date":"2022-10-14 18:11:18","post_date_gmt":"2022-10-14 16:11:18","post_content":"","post_title":"QUENTIN BLAKE","post_excerpt":"","post_status":"publish","comment_status":"closed","ping_status":"closed","post_password":"","post_name":"quentin-blake","to_ping":"","pinged":"","post_modified":"2022-10-14 18:11:18","post_modified_gmt":"2022-10-14 16:11:18","post_content_filtered":"","post_parent":0,"guid":"http:\/\/dev.claret.cat\/autor\/quentin-blake\/","menu_order":0,"post_type":"autor","post_mime_type":"","comment_count":"0","filter":"raw"}]},"aioseo_notices":[],"_links":{"self":[{"href":"https:\/\/www.claret.cat\/es\/wp-json\/wp\/v2\/product\/141222","targetHints":{"allow":["GET"]}}],"collection":[{"href":"https:\/\/www.claret.cat\/es\/wp-json\/wp\/v2\/product"}],"about":[{"href":"https:\/\/www.claret.cat\/es\/wp-json\/wp\/v2\/types\/product"}],"wp:featuredmedia":[{"embeddable":true,"href":"https:\/\/www.claret.cat\/es\/wp-json\/wp\/v2\/media\/141223"}],"wp:attachment":[{"href":"https:\/\/www.claret.cat\/es\/wp-json\/wp\/v2\/media?parent=141222"}],"wp:term":[{"taxonomy":"product_brand","embeddable":true,"href":"https:\/\/www.claret.cat\/es\/wp-json\/wp\/v2\/product_brand?post=141222"},{"taxonomy":"product_cat","embeddable":true,"href":"https:\/\/www.claret.cat\/es\/wp-json\/wp\/v2\/product_cat?post=141222"},{"taxonomy":"product_tag","embeddable":true,"href":"https:\/\/www.claret.cat\/es\/wp-json\/wp\/v2\/product_tag?post=141222"}],"curies":[{"name":"wp","href":"https:\/\/api.w.org\/{rel}","templated":true}]}}