{"id":141273,"date":"2022-10-13T13:15:14","date_gmt":"2022-10-13T11:15:14","guid":{"rendered":"http:\/\/dev.claret.cat\/producte\/algunas-consideraciones-sobre-el-pensamiento-de-martin-heidegger\/"},"modified":"2024-05-23T09:40:00","modified_gmt":"2024-05-23T07:40:00","slug":"algunas-consideraciones-sobre-el-pensamiento-de-martin-heidegger-9788483534557","status":"publish","type":"product","link":"https:\/\/www.claret.cat\/es\/libro\/algunas-consideraciones-sobre-el-pensamiento-de-martin-heidegger-9788483534557\/","title":{"rendered":"ALGUNAS CONSIDERACIONES SOBRE EL PENSAMIENTO DE MARTIN HEIDEGGER"},"content":{"rendered":"<p>El pensamiento de Martin Heidegger fue siempre pol\u00e9mico y controvertido. Se le catalog\u00f3, r\u00e1pidamente y sin esperar, dentro del existencialismo ateo o del agnosticismo m\u00e1s evidente. Sin embargo, se olvid\u00f3 f\u00e1cilmente, como recuerda su sobrino y sacerdote Heinrich Heidegger, que creci\u00f3 como monaguillo y que vivi\u00f3 con respeto piadoso las ceremonias religiosas de los diversos tiempos lit\u00fargicos. Su espacio y atm\u00f3sfera natural era la iglesia. Se\u00f1ala el autor: \u201cSiempre present\u00ed, impl\u00edcito en su reflexi\u00f3n, un cierto matiz m\u00edstico procedente de una a\u00f1oranza de Dios inconfesada. De hecho, ante el vac\u00edo que deja la ausencia de Dios, Heidegger insiste en despertar la actitud ante el misterio del Ser como camino para preparar la espera de Dios\u201d.<\/p>\n","protected":false},"excerpt":{"rendered":"<p>CANCELO GARC\u00cdA, JOS\u00c9 LUIS<\/p>\n","protected":false},"featured_media":357268,"template":"","meta":{"_acf_changed":false,"om_disable_all_campaigns":false,"rs_blank_template":"","rs_page_bg_color":"","slide_template_v7":"","inline_featured_image":false,"_monsterinsights_skip_tracking":false,"_monsterinsights_sitenote_active":false,"_monsterinsights_sitenote_note":"","_monsterinsights_sitenote_category":0},"product_brand":[],"product_cat":[345,79,349,83],"product_tag":[],"class_list":{"0":"post-141273","1":"product","2":"type-product","3":"status-publish","4":"has-post-thumbnail","6":"product_cat-espiritualidad","7":"product_cat-espiritualitat","8":"product_cat-filosofia-2_humanidades","9":"product_cat-filosofia","11":"first","12":"instock","13":"taxable","14":"shipping-taxable","15":"purchasable","16":"product-type-simple"},"acf":{"editorial":[{"ID":6309,"post_author":"3","post_date":"2022-07-28 17:49:25","post_date_gmt":"2022-07-28 15:49:25","post_content":"","post_title":"Monte Carmelo","post_excerpt":"","post_status":"publish","comment_status":"closed","ping_status":"closed","post_password":"","post_name":"monte-carmelo","to_ping":"","pinged":"","post_modified":"2022-07-28 17:49:25","post_modified_gmt":"2022-07-28 15:49:25","post_content_filtered":"","post_parent":0,"guid":"http:\/\/dev.claret.cat\/editorial\/monte-carmelo\/","menu_order":0,"post_type":"editorial","post_mime_type":"","comment_count":"0","filter":"raw"}],"autor":"CANCELO GARC\u00cdA, JOS\u00c9 LUIS","codart":"848353455","libros-coleccion":"ESPIRITU-NORTE","ediciones":"1","encuadernacion":"R\u00fastica","fecha_de_publicacion":"11\/02\/2019","novedad":"1","paginas":"214","subtitulo":"SE\u00d1ALES DE SU TRASFONDO RELIGIOSO","orden":"0","portada":"0","idioma":"spa","autores-libros":[{"ID":160314,"post_author":"3","post_date":"2022-10-14 15:52:04","post_date_gmt":"2022-10-14 13:52:04","post_content":"","post_title":"JOS\u00c9 LUIS CANCELO GARC\u00cdA","post_excerpt":"","post_status":"publish","comment_status":"closed","ping_status":"closed","post_password":"","post_name":"jose-luis-cancelo-garcia","to_ping":"","pinged":"","post_modified":"2022-10-14 15:52:04","post_modified_gmt":"2022-10-14 13:52:04","post_content_filtered":"","post_parent":0,"guid":"http:\/\/dev.claret.cat\/autor\/jose-luis-cancelo-garcia\/","menu_order":0,"post_type":"autor","post_mime_type":"","comment_count":"0","filter":"raw"}]},"aioseo_notices":[],"_links":{"self":[{"href":"https:\/\/www.claret.cat\/es\/wp-json\/wp\/v2\/product\/141273","targetHints":{"allow":["GET"]}}],"collection":[{"href":"https:\/\/www.claret.cat\/es\/wp-json\/wp\/v2\/product"}],"about":[{"href":"https:\/\/www.claret.cat\/es\/wp-json\/wp\/v2\/types\/product"}],"wp:featuredmedia":[{"embeddable":true,"href":"https:\/\/www.claret.cat\/es\/wp-json\/wp\/v2\/media\/357268"}],"wp:attachment":[{"href":"https:\/\/www.claret.cat\/es\/wp-json\/wp\/v2\/media?parent=141273"}],"wp:term":[{"taxonomy":"product_brand","embeddable":true,"href":"https:\/\/www.claret.cat\/es\/wp-json\/wp\/v2\/product_brand?post=141273"},{"taxonomy":"product_cat","embeddable":true,"href":"https:\/\/www.claret.cat\/es\/wp-json\/wp\/v2\/product_cat?post=141273"},{"taxonomy":"product_tag","embeddable":true,"href":"https:\/\/www.claret.cat\/es\/wp-json\/wp\/v2\/product_tag?post=141273"}],"curies":[{"name":"wp","href":"https:\/\/api.w.org\/{rel}","templated":true}]}}