{"id":141336,"date":"2022-10-13T13:16:05","date_gmt":"2022-10-13T11:16:05","guid":{"rendered":"http:\/\/dev.claret.cat\/producte\/arteterapia-corazones-6-dibujos-magicos\/"},"modified":"2023-01-28T14:02:44","modified_gmt":"2023-01-28T13:02:44","slug":"arteterapia-corazones-6-dibujos-magicos-9788417240820","status":"publish","type":"product","link":"https:\/\/www.claret.cat\/es\/libro\/arteterapia-corazones-6-dibujos-magicos-9788417240820\/","title":{"rendered":"ARTETERAPIA. CORAZONES. 6 DIBUJOS M\u00c1GICOS"},"content":{"rendered":"<p>Rel\u00e1jate con estos 6 preciosos dibujos cuyo elemento principal es el coraz\u00f3n. En las ilustraciones \u00fanicamente se aprecia la l\u00ednea del motivo dibujado porque el color est\u00e1 oculto y no se ve. \u00bfC\u00f3mo sacarlo a la luz? No tienes m\u00e1s que coger el estilete de madera que encontrar\u00e1s al final del libro y rascar las ilustraciones hasta dotarlas del maravilloso colorido que se escond\u00eda detr\u00e1s. <br \/> Adem\u00e1s, las partes donde no hay ilustraci\u00f3n pueden decorarse con motivos, palabras para que puedas personalizar la l\u00e1mina.<\/p>\n","protected":false},"excerpt":{"rendered":"<p>VV.AA.<\/p>\n","protected":false},"featured_media":141337,"template":"","meta":{"_acf_changed":false,"om_disable_all_campaigns":false,"rs_blank_template":"","rs_page_bg_color":"","slide_template_v7":"","inline_featured_image":false,"_monsterinsights_skip_tracking":false,"_monsterinsights_sitenote_active":false,"_monsterinsights_sitenote_note":"","_monsterinsights_sitenote_category":0},"product_brand":[],"product_cat":[86],"product_tag":[],"class_list":{"0":"post-141336","1":"product","2":"type-product","3":"status-publish","4":"has-post-thumbnail","6":"product_cat-infantil","8":"first","9":"instock","10":"taxable","11":"shipping-taxable","12":"purchasable","13":"product-type-simple"},"acf":{"autores-libros":[{"ID":6086,"post_author":"3","post_date":"2022-07-28 17:37:50","post_date_gmt":"2022-07-28 15:37:50","post_content":"","post_title":"VV.AA.","post_excerpt":"","post_status":"publish","comment_status":"closed","ping_status":"closed","post_password":"","post_name":"vv-aa-2","to_ping":"","pinged":"","post_modified":"2022-07-28 17:37:50","post_modified_gmt":"2022-07-28 15:37:50","post_content_filtered":"","post_parent":0,"guid":"http:\/\/dev.claret.cat\/autor\/vv-aa-2\/","menu_order":0,"post_type":"autor","post_mime_type":"","comment_count":"0","filter":"raw"}],"autor":"VV.AA.","codart":"841724082","libros-coleccion":"Hachette Heroes - Disney - Especializado","ediciones":"1","encuadernacion":"R\u00fastica","fecha_de_publicacion":"01\/01\/2019","novedad":"1","paginas":"0","subtitulo":"","orden":"0","portada":"0","idioma":"spa","editorial":[{"ID":148238,"post_author":"3","post_date":"2022-10-14 11:56:42","post_date_gmt":"2022-10-14 09:56:42","post_content":"","post_title":"Hachette","post_excerpt":"","post_status":"publish","comment_status":"closed","ping_status":"closed","post_password":"","post_name":"hachette","to_ping":"","pinged":"","post_modified":"2022-10-14 11:56:42","post_modified_gmt":"2022-10-14 09:56:42","post_content_filtered":"","post_parent":0,"guid":"http:\/\/dev.claret.cat\/editorial\/hachette\/","menu_order":0,"post_type":"editorial","post_mime_type":"","comment_count":"0","filter":"raw"}]},"aioseo_notices":[],"_links":{"self":[{"href":"https:\/\/www.claret.cat\/es\/wp-json\/wp\/v2\/product\/141336","targetHints":{"allow":["GET"]}}],"collection":[{"href":"https:\/\/www.claret.cat\/es\/wp-json\/wp\/v2\/product"}],"about":[{"href":"https:\/\/www.claret.cat\/es\/wp-json\/wp\/v2\/types\/product"}],"wp:featuredmedia":[{"embeddable":true,"href":"https:\/\/www.claret.cat\/es\/wp-json\/wp\/v2\/media\/141337"}],"wp:attachment":[{"href":"https:\/\/www.claret.cat\/es\/wp-json\/wp\/v2\/media?parent=141336"}],"wp:term":[{"taxonomy":"product_brand","embeddable":true,"href":"https:\/\/www.claret.cat\/es\/wp-json\/wp\/v2\/product_brand?post=141336"},{"taxonomy":"product_cat","embeddable":true,"href":"https:\/\/www.claret.cat\/es\/wp-json\/wp\/v2\/product_cat?post=141336"},{"taxonomy":"product_tag","embeddable":true,"href":"https:\/\/www.claret.cat\/es\/wp-json\/wp\/v2\/product_tag?post=141336"}],"curies":[{"name":"wp","href":"https:\/\/api.w.org\/{rel}","templated":true}]}}