{"id":141375,"date":"2022-10-13T13:16:36","date_gmt":"2022-10-13T11:16:36","guid":{"rendered":"http:\/\/dev.claret.cat\/producte\/las-emociones-de-gaston-tengo-una-rabieta\/"},"modified":"2026-02-10T17:40:56","modified_gmt":"2026-02-10T16:40:56","slug":"las-emociones-de-gaston-tengo-una-rabieta-9788469625507","status":"publish","type":"product","link":"https:\/\/www.claret.cat\/es\/libro\/las-emociones-de-gaston-tengo-una-rabieta-9788469625507\/","title":{"rendered":"LAS EMOCIONES DE GAST\u00d3N. \u00a1TENGO UNA RABIETA!"},"content":{"rendered":"<p>El peque\u00f1o Gast\u00f3n es un unicornio muy especial: \u00a1su melena y su cola arco\u00edris cambian de color seg\u00fan sus emociones! <br \/> Hoy Gast\u00f3n est\u00e1 muy enfadado&#8230; \u00a1porque las cosas no son como \u00e9l quiere! \u00a1Descubre c\u00f3mo conseguir\u00e1 que se le pase la rabieta!<\/p>\n","protected":false},"excerpt":{"rendered":"<p>CHIEN CHOW CHINE, AUR\u00c9LIE<\/p>\n","protected":false},"featured_media":1082973,"template":"","meta":{"_acf_changed":false,"om_disable_all_campaigns":false,"rs_blank_template":"","rs_page_bg_color":"","slide_template_v7":"","inline_featured_image":false,"_monsterinsights_skip_tracking":false,"_monsterinsights_sitenote_active":false,"_monsterinsights_sitenote_note":"","_monsterinsights_sitenote_category":0},"product_brand":[],"product_cat":[352,86],"product_tag":[],"class_list":{"0":"post-141375","1":"product","2":"type-product","3":"status-publish","4":"has-post-thumbnail","6":"product_cat-infantil-3_infantil-juvenil-spa","7":"product_cat-infantil","9":"first","10":"outofstock","11":"taxable","12":"shipping-taxable","13":"purchasable","14":"product-type-simple"},"acf":{"autor":"CHIEN CHOW CHINE, AUR\u00c9LIE","codart":"846962550","libros-coleccion":"Castellano - A Partir De 3 A\u00f1os - Libros","ediciones":"1","encuadernacion":"Carton\u00e9","fecha_de_publicacion":"01\/01\/2019","novedad":"1","paginas":"0","subtitulo":"","orden":"0","portada":"0","idioma":"spa","editorial":[{"ID":147936,"post_author":"3","post_date":"2022-10-14 11:54:22","post_date_gmt":"2022-10-14 09:54:22","post_content":"","post_title":"Editorial Bru\u00f1o","post_excerpt":"","post_status":"publish","comment_status":"closed","ping_status":"closed","post_password":"","post_name":"editorial-bruno","to_ping":"","pinged":"","post_modified":"2022-10-14 11:54:22","post_modified_gmt":"2022-10-14 09:54:22","post_content_filtered":"","post_parent":0,"guid":"http:\/\/dev.claret.cat\/editorial\/editorial-bruno\/","menu_order":0,"post_type":"editorial","post_mime_type":"","comment_count":"0","filter":"raw"}],"autores-libros":[{"ID":151244,"post_author":"3","post_date":"2022-10-14 14:39:21","post_date_gmt":"2022-10-14 12:39:21","post_content":"","post_title":"AUR\u00c9LIE CHIEN CHOW CHINE","post_excerpt":"","post_status":"publish","comment_status":"closed","ping_status":"closed","post_password":"","post_name":"aurelie-chien-chow-chine","to_ping":"","pinged":"","post_modified":"2022-10-14 14:39:21","post_modified_gmt":"2022-10-14 12:39:21","post_content_filtered":"","post_parent":0,"guid":"http:\/\/dev.claret.cat\/autor\/aurelie-chien-chow-chine\/","menu_order":0,"post_type":"autor","post_mime_type":"","comment_count":"0","filter":"raw"}],"booktrailer":"","resenas":""},"aioseo_notices":[],"_links":{"self":[{"href":"https:\/\/www.claret.cat\/es\/wp-json\/wp\/v2\/product\/141375","targetHints":{"allow":["GET"]}}],"collection":[{"href":"https:\/\/www.claret.cat\/es\/wp-json\/wp\/v2\/product"}],"about":[{"href":"https:\/\/www.claret.cat\/es\/wp-json\/wp\/v2\/types\/product"}],"wp:featuredmedia":[{"embeddable":true,"href":"https:\/\/www.claret.cat\/es\/wp-json\/wp\/v2\/media\/1082973"}],"wp:attachment":[{"href":"https:\/\/www.claret.cat\/es\/wp-json\/wp\/v2\/media?parent=141375"}],"wp:term":[{"taxonomy":"product_brand","embeddable":true,"href":"https:\/\/www.claret.cat\/es\/wp-json\/wp\/v2\/product_brand?post=141375"},{"taxonomy":"product_cat","embeddable":true,"href":"https:\/\/www.claret.cat\/es\/wp-json\/wp\/v2\/product_cat?post=141375"},{"taxonomy":"product_tag","embeddable":true,"href":"https:\/\/www.claret.cat\/es\/wp-json\/wp\/v2\/product_tag?post=141375"}],"curies":[{"name":"wp","href":"https:\/\/api.w.org\/{rel}","templated":true}]}}