{"id":141462,"date":"2022-10-13T13:17:48","date_gmt":"2022-10-13T11:17:48","guid":{"rendered":"http:\/\/dev.claret.cat\/producte\/la-imaginacion-conservadora\/"},"modified":"2023-01-28T18:36:40","modified_gmt":"2023-01-28T17:36:40","slug":"la-imaginacion-conservadora-9788434429611","status":"publish","type":"product","link":"https:\/\/www.claret.cat\/es\/libro\/la-imaginacion-conservadora-9788434429611\/","title":{"rendered":"LA IMAGINACI\u00d3N CONSERVADORA"},"content":{"rendered":"<p>La fidelidad a la transmisi\u00f3n de una tradici\u00f3n no tiene que estar re\u00f1ida con el fomento de la innovaci\u00f3n y el cambio. Sobre esta afirmaci\u00f3n descansa La imaginaci\u00f3n conservadora, una defensa, y al mismo tiempo un tributo, al conservadurismo, entendido como una forma de vivir y de hacer pol\u00edtica reivindicando el legado de nuestras costumbres, c\u00f3digos e historia, en oposici\u00f3n al menosprecio de la prudencia y la orgullosa pretensi\u00f3n revolucionaria de hacer borr\u00f3n y cuenta nueva del pasado.<br \/>Si es posible seguir emocion\u00e1ndose con Homero, Safo, Esquilo, Fidias o Miguel \u00c1ngel; si la quinta sinfon\u00eda de Shostak\u00f3vich o Las meninas de Vel\u00e1zquez contin\u00faan dej\u00e1ndonos sin aliento; si Plat\u00f3n, San Agust\u00edn o Maquiavelo todav\u00eda nos ayudan a pensar; si seguimos necesitados de amor y consuelo, de un trabajo alegre y de un amor seguro; si podemos reconocer en la democracia ateniense algunos de nuestros problemas y en Tuc\u00eddides o Tito Livio algunas claves de la vida pol\u00edtica; si no acabamos de hallar respuestas satisfactorias en la ciencia para nuestras demandas de belleza, bondad y justicia? En suma, si seguimos siendo animales pol\u00edticos, este es tu libro.<\/p>\n","protected":false},"excerpt":{"rendered":"<p>LURI, GREGORIO<\/p>\n","protected":false},"featured_media":141463,"template":"","meta":{"_acf_changed":false,"om_disable_all_campaigns":false,"rs_blank_template":"","rs_page_bg_color":"","slide_template_v7":"","inline_featured_image":false,"_monsterinsights_skip_tracking":false,"_monsterinsights_sitenote_active":false,"_monsterinsights_sitenote_note":"","_monsterinsights_sitenote_category":0},"product_brand":[],"product_cat":[16],"product_tag":[],"class_list":{"0":"post-141462","1":"product","2":"type-product","3":"status-publish","4":"has-post-thumbnail","6":"product_cat-sense-categoria","8":"first","9":"instock","10":"taxable","11":"shipping-taxable","12":"purchasable","13":"product-type-simple"},"acf":{"editorial":[{"ID":6220,"post_author":"3","post_date":"2022-07-28 17:47:28","post_date_gmt":"2022-07-28 15:47:28","post_content":"","post_title":"Editorial Ariel","post_excerpt":"","post_status":"publish","comment_status":"closed","ping_status":"closed","post_password":"","post_name":"editorial-ariel","to_ping":"","pinged":"","post_modified":"2022-07-28 17:47:28","post_modified_gmt":"2022-07-28 15:47:28","post_content_filtered":"","post_parent":0,"guid":"http:\/\/dev.claret.cat\/editorial\/editorial-ariel\/","menu_order":0,"post_type":"editorial","post_mime_type":"","comment_count":"0","filter":"raw"}],"autor":"LURI, GREGORIO","codart":"843442961","libros-coleccion":"Ariel","ediciones":"1","encuadernacion":"R\u00fastica","fecha_de_publicacion":"01\/01\/2019","novedad":"1","paginas":"399","subtitulo":"UNA DEFENSA APASIONADA DE LAS IDEAS QUE HAN HECHO DEL MUNDO UN LUGAR MEJOR","orden":"0","portada":"0","idioma":"spa","autores-libros":[{"ID":157131,"post_author":"3","post_date":"2022-10-14 15:26:22","post_date_gmt":"2022-10-14 13:26:22","post_content":"","post_title":"GREGORIO LURI","post_excerpt":"","post_status":"publish","comment_status":"closed","ping_status":"closed","post_password":"","post_name":"gregorio-luri","to_ping":"","pinged":"","post_modified":"2022-10-14 15:26:22","post_modified_gmt":"2022-10-14 13:26:22","post_content_filtered":"","post_parent":0,"guid":"http:\/\/dev.claret.cat\/autor\/gregorio-luri\/","menu_order":0,"post_type":"autor","post_mime_type":"","comment_count":"0","filter":"raw"}]},"aioseo_notices":[],"_links":{"self":[{"href":"https:\/\/www.claret.cat\/es\/wp-json\/wp\/v2\/product\/141462","targetHints":{"allow":["GET"]}}],"collection":[{"href":"https:\/\/www.claret.cat\/es\/wp-json\/wp\/v2\/product"}],"about":[{"href":"https:\/\/www.claret.cat\/es\/wp-json\/wp\/v2\/types\/product"}],"wp:featuredmedia":[{"embeddable":true,"href":"https:\/\/www.claret.cat\/es\/wp-json\/wp\/v2\/media\/141463"}],"wp:attachment":[{"href":"https:\/\/www.claret.cat\/es\/wp-json\/wp\/v2\/media?parent=141462"}],"wp:term":[{"taxonomy":"product_brand","embeddable":true,"href":"https:\/\/www.claret.cat\/es\/wp-json\/wp\/v2\/product_brand?post=141462"},{"taxonomy":"product_cat","embeddable":true,"href":"https:\/\/www.claret.cat\/es\/wp-json\/wp\/v2\/product_cat?post=141462"},{"taxonomy":"product_tag","embeddable":true,"href":"https:\/\/www.claret.cat\/es\/wp-json\/wp\/v2\/product_tag?post=141462"}],"curies":[{"name":"wp","href":"https:\/\/api.w.org\/{rel}","templated":true}]}}