{"id":141474,"date":"2022-10-13T13:17:58","date_gmt":"2022-10-13T11:17:58","guid":{"rendered":"http:\/\/dev.claret.cat\/producte\/100-obras-musicales-imprescindibles\/"},"modified":"2024-05-24T04:49:32","modified_gmt":"2024-05-24T02:49:32","slug":"100-obras-musicales-imprescindibles-9788432150494","status":"publish","type":"product","link":"https:\/\/www.claret.cat\/es\/libro\/100-obras-musicales-imprescindibles-9788432150494\/","title":{"rendered":"100 OBRAS MUSICALES IMPRESCINDIBLES"},"content":{"rendered":"<p>Aproximaci\u00f3n al inmenso universo de la m\u00fasica, mediante 100 breves comentarios a grandes obras. Leer los textos, m\u00e1s a\u00fan mientras se escucha alguna de las numerosas interpretaciones accesibles desde cualquier dispositivo, supone una experiencia est\u00e9tica sorprendente.<\/p>\n","protected":false},"excerpt":{"rendered":"<p>COMELLAS, JOS\u00c9 LUIS<\/p>\n","protected":false},"featured_media":344083,"template":"","meta":{"_acf_changed":false,"om_disable_all_campaigns":false,"rs_blank_template":"","rs_page_bg_color":"","slide_template_v7":"","inline_featured_image":false,"_monsterinsights_skip_tracking":false,"_monsterinsights_sitenote_active":false,"_monsterinsights_sitenote_note":"","_monsterinsights_sitenote_category":0},"product_brand":[],"product_cat":[111,332],"product_tag":[],"class_list":{"0":"post-141474","1":"product","2":"type-product","3":"status-publish","4":"has-post-thumbnail","6":"product_cat-musica","7":"product_cat-musica-4_escolar-spa","9":"first","10":"instock","11":"taxable","12":"shipping-taxable","13":"purchasable","14":"product-type-simple"},"acf":{"editorial":[{"ID":6348,"post_author":"3","post_date":"2022-07-28 17:50:16","post_date_gmt":"2022-07-28 15:50:16","post_content":"","post_title":"Rialp","post_excerpt":"","post_status":"publish","comment_status":"closed","ping_status":"closed","post_password":"","post_name":"rialp","to_ping":"","pinged":"","post_modified":"2022-07-28 17:50:16","post_modified_gmt":"2022-07-28 15:50:16","post_content_filtered":"","post_parent":0,"guid":"http:\/\/dev.claret.cat\/editorial\/rialp\/","menu_order":0,"post_type":"editorial","post_mime_type":"","comment_count":"0","filter":"raw"}],"autor":"COMELLAS, JOS\u00c9 LUIS","codart":"843215049","libros-coleccion":"Historia y Biograf\u00edas","ediciones":"1","encuadernacion":"R\u00fastica","fecha_de_publicacion":"08\/02\/2019","novedad":"1","paginas":"308","subtitulo":"","orden":"0","portada":"0","idioma":"spa"},"aioseo_notices":[],"_links":{"self":[{"href":"https:\/\/www.claret.cat\/es\/wp-json\/wp\/v2\/product\/141474","targetHints":{"allow":["GET"]}}],"collection":[{"href":"https:\/\/www.claret.cat\/es\/wp-json\/wp\/v2\/product"}],"about":[{"href":"https:\/\/www.claret.cat\/es\/wp-json\/wp\/v2\/types\/product"}],"wp:featuredmedia":[{"embeddable":true,"href":"https:\/\/www.claret.cat\/es\/wp-json\/wp\/v2\/media\/344083"}],"wp:attachment":[{"href":"https:\/\/www.claret.cat\/es\/wp-json\/wp\/v2\/media?parent=141474"}],"wp:term":[{"taxonomy":"product_brand","embeddable":true,"href":"https:\/\/www.claret.cat\/es\/wp-json\/wp\/v2\/product_brand?post=141474"},{"taxonomy":"product_cat","embeddable":true,"href":"https:\/\/www.claret.cat\/es\/wp-json\/wp\/v2\/product_cat?post=141474"},{"taxonomy":"product_tag","embeddable":true,"href":"https:\/\/www.claret.cat\/es\/wp-json\/wp\/v2\/product_tag?post=141474"}],"curies":[{"name":"wp","href":"https:\/\/api.w.org\/{rel}","templated":true}]}}