{"id":141738,"date":"2022-10-13T13:21:38","date_gmt":"2022-10-13T11:21:38","guid":{"rendered":"http:\/\/dev.claret.cat\/producte\/macanudo-13\/"},"modified":"2023-01-28T11:25:19","modified_gmt":"2023-01-28T10:25:19","slug":"macanudo-13-9788417125288","status":"publish","type":"product","link":"https:\/\/www.claret.cat\/es\/libro\/macanudo-13-9788417125288\/","title":{"rendered":"MACANUDO 13"},"content":{"rendered":"<p>El n\u00famero 13 del universo Macanudo El fabuloso universo de Macanudo llega a su n\u00famero 13. Este nuevo  volumen cuenta las andanzas de personajes como Enriqueta y su osito  Madariaga, la aceituna Oliverio, Olga,  duendes, ping\u00fcinos, El misterioso hombre de negro, Fellini, El traductor de nombres de  pel\u00edculas, Cosas que a lo mejor le pasaron a Picasso, Lorenzo y Teresita, Pan Chueco y Conceptual Incomprensible. En este n\u00famero 13 encontrar\u00e1s un sinf\u00edn de historias fant\u00e1sticamente  reales de la mano de uno de los mejores dibujantes internacionales. Los lectores comentan&#8230;<br \/>\u00abLiniers es diferente. En el sentido m\u00e1s amplio y sorprendente de la palabra.\u00bb<br \/>Andreu Buenafuente \u00abLiniers sabe bajar al papel todos esos pensamientos tan m\u00e1gicos como coloridos que viven en nuestro interior.\u00bb<br \/>Agustina Guerrero \u00abMe da rabia Liniers: sus tiras son tiernas, ingeniosas, divertidas e  impredecibles. Encima dibuja genial y es encantador (en persona). \u00a1Ay que rabia!\u00bb<br \/>Joaqu\u00edn Reyes<\/p>\n","protected":false},"excerpt":{"rendered":"<p>LINIERS,<\/p>\n","protected":false},"featured_media":141739,"template":"","meta":{"_acf_changed":false,"om_disable_all_campaigns":false,"rs_blank_template":"","rs_page_bg_color":"","slide_template_v7":"","inline_featured_image":false,"_monsterinsights_skip_tracking":false,"_monsterinsights_sitenote_active":false,"_monsterinsights_sitenote_note":"","_monsterinsights_sitenote_category":0},"product_brand":[],"product_cat":[108],"product_tag":[],"class_list":{"0":"post-141738","1":"product","2":"type-product","3":"status-publish","4":"has-post-thumbnail","6":"product_cat-comic","8":"first","9":"instock","10":"taxable","11":"shipping-taxable","12":"purchasable","13":"product-type-simple"},"acf":{"autor":"LINIERS,","codart":"841712528","libros-coleccion":"Reservoir Kids","ediciones":"1","encuadernacion":"Carton\u00e9","fecha_de_publicacion":"01\/01\/2019","novedad":"1","paginas":"0","subtitulo":"TODO ENTRA EN LA IMAGINACI\u00d3N","orden":"0","portada":"0","idioma":"spa","editorial":[{"ID":148749,"post_author":"3","post_date":"2022-10-14 12:00:41","post_date_gmt":"2022-10-14 10:00:41","post_content":"","post_title":"RESERVOIR BOOKS","post_excerpt":"","post_status":"publish","comment_status":"closed","ping_status":"closed","post_password":"","post_name":"reservoir-books","to_ping":"","pinged":"","post_modified":"2022-10-14 12:00:41","post_modified_gmt":"2022-10-14 10:00:41","post_content_filtered":"","post_parent":0,"guid":"http:\/\/dev.claret.cat\/editorial\/reservoir-books\/","menu_order":0,"post_type":"editorial","post_mime_type":"","comment_count":"0","filter":"raw"}],"autores-libros":[{"ID":162243,"post_author":"3","post_date":"2022-10-14 17:29:28","post_date_gmt":"2022-10-14 15:29:28","post_content":"","post_title":"LINIERS","post_excerpt":"","post_status":"publish","comment_status":"closed","ping_status":"closed","post_password":"","post_name":"liniers","to_ping":"","pinged":"","post_modified":"2022-10-14 17:29:28","post_modified_gmt":"2022-10-14 15:29:28","post_content_filtered":"","post_parent":0,"guid":"http:\/\/dev.claret.cat\/autor\/liniers\/","menu_order":0,"post_type":"autor","post_mime_type":"","comment_count":"0","filter":"raw"}]},"aioseo_notices":[],"_links":{"self":[{"href":"https:\/\/www.claret.cat\/es\/wp-json\/wp\/v2\/product\/141738","targetHints":{"allow":["GET"]}}],"collection":[{"href":"https:\/\/www.claret.cat\/es\/wp-json\/wp\/v2\/product"}],"about":[{"href":"https:\/\/www.claret.cat\/es\/wp-json\/wp\/v2\/types\/product"}],"wp:featuredmedia":[{"embeddable":true,"href":"https:\/\/www.claret.cat\/es\/wp-json\/wp\/v2\/media\/141739"}],"wp:attachment":[{"href":"https:\/\/www.claret.cat\/es\/wp-json\/wp\/v2\/media?parent=141738"}],"wp:term":[{"taxonomy":"product_brand","embeddable":true,"href":"https:\/\/www.claret.cat\/es\/wp-json\/wp\/v2\/product_brand?post=141738"},{"taxonomy":"product_cat","embeddable":true,"href":"https:\/\/www.claret.cat\/es\/wp-json\/wp\/v2\/product_cat?post=141738"},{"taxonomy":"product_tag","embeddable":true,"href":"https:\/\/www.claret.cat\/es\/wp-json\/wp\/v2\/product_tag?post=141738"}],"curies":[{"name":"wp","href":"https:\/\/api.w.org\/{rel}","templated":true}]}}