{"id":141804,"date":"2022-10-13T13:22:34","date_gmt":"2022-10-13T11:22:34","guid":{"rendered":"http:\/\/dev.claret.cat\/producte\/el-evangelio-celebrado\/"},"modified":"2024-05-23T03:22:59","modified_gmt":"2024-05-23T01:22:59","slug":"el-evangelio-celebrado-9788491651932","status":"publish","type":"product","link":"https:\/\/www.claret.cat\/es\/libro\/el-evangelio-celebrado-9788491651932\/","title":{"rendered":"EL EVANGELIO CELEBRADO"},"content":{"rendered":"<p>Un libro que no es para expertos, sino para cualquiera que se preocupe por una de las pocas realidades esenciales y decisivas para la vida de la Iglesia. \u00bfTodav\u00eda hay pastores y laicos que creen en la importancia de la liturgia para dedicar tiempo a un libro sobre el tema?\u00bb. Con estas provocadoras palabras, los autores dan comienzo a esta publicaci\u00f3n, que re\u00fane una serie de art\u00edculos sobre liturgia que son el resultado de las preguntas abordadas en conferencias, semanas lit\u00fargicas, seminarios, retiros. Por lo tanto, han sido dise\u00f1ados y escritos para destinatarios concretos, y no abstractos, y para circunstancias precisas y no te\u00f3ricas. Una aportaci\u00f3n imprescindible para recordarnos el verdadero sentido de la liturgia, en el coraz\u00f3n del Misterio y del Evangelio. Goffredo Boselli (Codogno 1967) es monje del monasterio de Bose, en Italia, doctor en Liturgia por el Instituto Cat\u00f3lico de Par\u00eds y Master en Historia de las religiones y antropolog\u00eda por la Universidad de la Sorbona Par\u00eds IV. Profesor de Liturgia y experto en la relaci\u00f3n entre liturgia, arquitectura y arte, colabora con la Comisi\u00f3n episcopal de liturgia de la Conferencia Episcopal Italiana. Colabora habitualmente con las revistas Arts Sacr\u00e9s, Rivista Liturgica y Thema. Enzo Bianchi (Monferrato, 1943) estudi\u00f3 Econom\u00eda y Comercio en la Universidad de Tur\u00edn. En 1965 inici\u00f3 la comunidad mon\u00e1stica ecum\u00e9nica de Bose, de la que ha sido prior hasta enero de 2017. Fundador de la editorial Qiqajon, ha publicado numerosos textos de espiritualidad b\u00edblica, patr\u00edstica, lit\u00fargica y mon\u00e1stica. Es Consultor del Pontificio Consejo para la promoci\u00f3n de la unidad de los cristianos.<\/p>\n","protected":false},"excerpt":{"rendered":"<p>BIANCHI, ENZO; BOSELLI, GOFFREDO<\/p>\n","protected":false},"featured_media":361235,"template":"","meta":{"_acf_changed":false,"om_disable_all_campaigns":false,"rs_blank_template":"","rs_page_bg_color":"","slide_template_v7":"","inline_featured_image":false,"_monsterinsights_skip_tracking":false,"_monsterinsights_sitenote_active":false,"_monsterinsights_sitenote_note":"","_monsterinsights_sitenote_category":0},"product_brand":[],"product_cat":[345,79,80,346],"product_tag":[],"class_list":{"0":"post-141804","1":"product","2":"type-product","3":"status-publish","4":"has-post-thumbnail","6":"product_cat-espiritualidad","7":"product_cat-espiritualitat","8":"product_cat-liturgia","9":"product_cat-libros-liturgia","11":"first","12":"instock","13":"taxable","14":"shipping-taxable","15":"purchasable","16":"product-type-simple"},"acf":{"editorial":[{"ID":6172,"post_author":"3","post_date":"2022-07-28 17:46:27","post_date_gmt":"2022-07-28 15:46:27","post_content":"","post_title":"CPL","post_excerpt":"","post_status":"publish","comment_status":"closed","ping_status":"closed","post_password":"","post_name":"cpl","to_ping":"","pinged":"","post_modified":"2022-07-28 17:46:27","post_modified_gmt":"2022-07-28 15:46:27","post_content_filtered":"","post_parent":0,"guid":"http:\/\/dev.claret.cat\/editorial\/cpl\/","menu_order":0,"post_type":"editorial","post_mime_type":"","comment_count":"0","filter":"raw"}],"autores-libros":[{"ID":157012,"post_author":"3","post_date":"2022-10-14 15:25:25","post_date_gmt":"2022-10-14 13:25:25","post_content":"","post_title":"GOFFREDO BOSELLI","post_excerpt":"","post_status":"publish","comment_status":"closed","ping_status":"closed","post_password":"","post_name":"goffredo-boselli","to_ping":"","pinged":"","post_modified":"2022-10-14 15:25:25","post_modified_gmt":"2022-10-14 13:25:25","post_content_filtered":"","post_parent":0,"guid":"http:\/\/dev.claret.cat\/autor\/goffredo-boselli\/","menu_order":0,"post_type":"autor","post_mime_type":"","comment_count":"0","filter":"raw"},{"ID":5454,"post_author":"3","post_date":"2022-07-28 17:24:18","post_date_gmt":"2022-07-28 15:24:18","post_content":"","post_title":"ENZO BIANCHI","post_excerpt":"","post_status":"publish","comment_status":"closed","ping_status":"closed","post_password":"","post_name":"enzo-bianchi","to_ping":"","pinged":"","post_modified":"2022-07-28 17:24:18","post_modified_gmt":"2022-07-28 15:24:18","post_content_filtered":"","post_parent":0,"guid":"http:\/\/dev.claret.cat\/autor\/enzo-bianchi\/","menu_order":0,"post_type":"autor","post_mime_type":"","comment_count":"0","filter":"raw"}],"autor":"BIANCHI, ENZO; BOSELLI, GOFFREDO","codart":"849165193","libros-coleccion":"DOSSIERS CPL","ediciones":"1","encuadernacion":"R\u00fastica","fecha_de_publicacion":"05\/02\/2019","novedad":"1","paginas":"200","subtitulo":"","orden":"0","portada":"0","idioma":"spa"},"aioseo_notices":[],"_links":{"self":[{"href":"https:\/\/www.claret.cat\/es\/wp-json\/wp\/v2\/product\/141804","targetHints":{"allow":["GET"]}}],"collection":[{"href":"https:\/\/www.claret.cat\/es\/wp-json\/wp\/v2\/product"}],"about":[{"href":"https:\/\/www.claret.cat\/es\/wp-json\/wp\/v2\/types\/product"}],"wp:featuredmedia":[{"embeddable":true,"href":"https:\/\/www.claret.cat\/es\/wp-json\/wp\/v2\/media\/361235"}],"wp:attachment":[{"href":"https:\/\/www.claret.cat\/es\/wp-json\/wp\/v2\/media?parent=141804"}],"wp:term":[{"taxonomy":"product_brand","embeddable":true,"href":"https:\/\/www.claret.cat\/es\/wp-json\/wp\/v2\/product_brand?post=141804"},{"taxonomy":"product_cat","embeddable":true,"href":"https:\/\/www.claret.cat\/es\/wp-json\/wp\/v2\/product_cat?post=141804"},{"taxonomy":"product_tag","embeddable":true,"href":"https:\/\/www.claret.cat\/es\/wp-json\/wp\/v2\/product_tag?post=141804"}],"curies":[{"name":"wp","href":"https:\/\/api.w.org\/{rel}","templated":true}]}}