{"id":141873,"date":"2022-10-13T13:23:32","date_gmt":"2022-10-13T11:23:32","guid":{"rendered":"http:\/\/dev.claret.cat\/producte\/superlopez-xxl-super-humor-superlopez-20\/"},"modified":"2026-04-16T11:35:38","modified_gmt":"2026-04-16T09:35:38","slug":"superlopez-xxl-super-humor-superlopez-20-9788402421692","status":"publish","type":"product","link":"https:\/\/www.claret.cat\/es\/libro\/superlopez-xxl-super-humor-superlopez-20-9788402421692\/","title":{"rendered":"SUPERL\u00d3PEZ XXL (S\u00daPER HUMOR SUPERL\u00d3PEZ 20)"},"content":{"rendered":"<p>Entrega n\u00famero 20 de \u00abS\u00faper Humor\u00bb, la colecci\u00f3n que arrasa entre los fans de S\u00faperl\u00f3pez.  \u00a1Las \u00faltimas aventuras de Superl\u00f3pez reunidas en un solo libro! Este tomo contiene las aventuras de&#8230; Superl\u00f3pez XXL, en la que gracias a sus poderes lograr\u00e1  desmantelar una f\u00e1brica de comida basura, preocupado por el alarmante  ascenso de la obesidad infantil, un tema que nos preocupa a todos en general y a los padres en particular. Nuevas aventuras de Mambr\u00fa, en donde Superl\u00f3pez se entera de  que un grupo terrorista est\u00e1 preparando un atentado a gran escala, pero  \u00e9l cambiar\u00e1 in extremis el material que pensaban usar los terroristas impidiendo una tragedia. Robinson, Superl\u00f3pez se siente igual que el protagonista del  cl\u00e1sico de la literatura, y hasta tendr\u00e1 un aliado llamado jueves, para  luchar contra el aislamiento al que te pueden llevar las nuevas  tecnolog\u00edas y las redes sociales. Bien usadas pueden ser de mucha  utilidad, pero hay que estar atento para no quedar aislado del mundo que te rodea. Sobre la colecci\u00f3n:<br \/>La colecci\u00f3n \u00abS\u00faper Humor\u00bb empez\u00f3 a publicarse en la editorial Bruguera en el a\u00f1o 1975. Sus n\u00fameros recopilaban aventuras  aparecidas anteriormente en la colecci\u00f3n \u00abOl\u00e9!\u00bb, mezclando diversos  personajes de la casa en un mismo \u00e1lbum, aunque siempre priorizando los  de Ib\u00e1\u00f1ez y Escobar. Posteriormente, en 1987, Ediciones B recuper\u00f3 la colecci\u00f3n manteniendo su formato original hasta 1992, momento en  el que se empez\u00f3 a hacer distinci\u00f3n por personajes, pudiendo encontrar \u00abS\u00faper Humor\u00bb seriados de Mortadelo y Filem\u00f3n, Superl\u00f3pez, Zipi y  Zape, etc. En la actualidad se publica un \u00fanico n\u00famero de \u00abS\u00faper Humor\u00bb al a\u00f1o con las \u00faltimas novedades de las series de Mortadelo y Filem\u00f3n y  Superl\u00f3pez.<\/p>\n","protected":false},"excerpt":{"rendered":"<p>JAN,<\/p>\n","protected":false},"featured_media":1097191,"template":"","meta":{"_acf_changed":false,"om_disable_all_campaigns":false,"rs_blank_template":"","rs_page_bg_color":"","slide_template_v7":"","inline_featured_image":false,"_monsterinsights_skip_tracking":false,"_monsterinsights_sitenote_active":false,"_monsterinsights_sitenote_note":"","_monsterinsights_sitenote_category":0},"product_brand":[],"product_cat":[108,558],"product_tag":[],"class_list":{"0":"post-141873","1":"product","2":"type-product","3":"status-publish","4":"has-post-thumbnail","6":"product_cat-comic","7":"product_cat-comic-3_infantil-juvenil-spa-spa","9":"first","10":"outofstock","11":"taxable","12":"shipping-taxable","13":"purchasable","14":"product-type-simple"},"acf":{"editorial":[{"ID":147571,"post_author":"3","post_date":"2022-10-14 11:51:35","post_date_gmt":"2022-10-14 09:51:35","post_content":"","post_title":"Bruguera (Ediciones B)","post_excerpt":"","post_status":"publish","comment_status":"closed","ping_status":"closed","post_password":"","post_name":"bruguera-ediciones-b","to_ping":"","pinged":"","post_modified":"2022-10-14 11:51:35","post_modified_gmt":"2022-10-14 09:51:35","post_content_filtered":"","post_parent":0,"guid":"http:\/\/dev.claret.cat\/editorial\/bruguera-ediciones-b\/","menu_order":0,"post_type":"editorial","post_mime_type":"","comment_count":"0","filter":"raw"}],"autores-libros":[{"ID":158452,"post_author":"3","post_date":"2022-10-14 15:36:58","post_date_gmt":"2022-10-14 13:36:58","post_content":"","post_title":"JAN","post_excerpt":"","post_status":"publish","comment_status":"closed","ping_status":"closed","post_password":"","post_name":"jan","to_ping":"","pinged":"","post_modified":"2022-10-14 15:36:58","post_modified_gmt":"2022-10-14 13:36:58","post_content_filtered":"","post_parent":0,"guid":"http:\/\/dev.claret.cat\/autor\/jan\/","menu_order":0,"post_type":"autor","post_mime_type":"","comment_count":"0","filter":"raw"}],"autor":"JAN,","codart":"840242169","libros-coleccion":"Bruguera Cl\u00e1sica","ediciones":"1","encuadernacion":"Carton\u00e9","fecha_de_publicacion":"01\/02\/2019","novedad":"0","paginas":"46","subtitulo":"","orden":"0","portada":"0","idioma":"spa","booktrailer":"","resenas":""},"aioseo_notices":[],"_links":{"self":[{"href":"https:\/\/www.claret.cat\/es\/wp-json\/wp\/v2\/product\/141873","targetHints":{"allow":["GET"]}}],"collection":[{"href":"https:\/\/www.claret.cat\/es\/wp-json\/wp\/v2\/product"}],"about":[{"href":"https:\/\/www.claret.cat\/es\/wp-json\/wp\/v2\/types\/product"}],"wp:featuredmedia":[{"embeddable":true,"href":"https:\/\/www.claret.cat\/es\/wp-json\/wp\/v2\/media\/1097191"}],"wp:attachment":[{"href":"https:\/\/www.claret.cat\/es\/wp-json\/wp\/v2\/media?parent=141873"}],"wp:term":[{"taxonomy":"product_brand","embeddable":true,"href":"https:\/\/www.claret.cat\/es\/wp-json\/wp\/v2\/product_brand?post=141873"},{"taxonomy":"product_cat","embeddable":true,"href":"https:\/\/www.claret.cat\/es\/wp-json\/wp\/v2\/product_cat?post=141873"},{"taxonomy":"product_tag","embeddable":true,"href":"https:\/\/www.claret.cat\/es\/wp-json\/wp\/v2\/product_tag?post=141873"}],"curies":[{"name":"wp","href":"https:\/\/api.w.org\/{rel}","templated":true}]}}