{"id":141993,"date":"2022-10-13T13:25:09","date_gmt":"2022-10-13T11:25:09","guid":{"rendered":"http:\/\/dev.claret.cat\/producte\/la-ley-del-espejo-version-ampliada\/"},"modified":"2023-01-28T14:23:31","modified_gmt":"2023-01-28T13:23:31","slug":"la-ley-del-espejo-version-ampliada-9788417188818","status":"publish","type":"product","link":"https:\/\/www.claret.cat\/es\/libro\/la-ley-del-espejo-version-ampliada-9788417188818\/","title":{"rendered":"LA LEY DEL ESPEJO (VERSI\u00d3N AMPLIADA)"},"content":{"rendered":"<p>A partir de una historia sencilla y emotiva, Yoshinori Noguchi (Hiroshima, 1963), reconocido experto en coaching y asesoramiento psicol\u00f3gico, nos sit\u00faa delante de un espejo para mirar hacia nuestro interior. A Eiko le preocupa que los compa\u00f1eros de colegio de su hijo Yuta lo maltraten, y se siente impotente y sola ante un problema que no sabe c\u00f3mo resolver. Sin embargo, el enigm\u00e1tico Yaguchi le facilita un m\u00e9todo sorprendente gracias al cual vivir\u00e1 la situaci\u00f3n m\u00e1s dif\u00edcil de todas: enfrentarse a sus fantasmas y seguir adelante con esp\u00edritu nuevo. En el a\u00f1o 2010, los lectores de Espa\u00f1a y Am\u00e9rica Latina descubrieron este relato de Yoshinori Noguchi y las reflexiones que lo acompa\u00f1an. Esta ense\u00f1anza, a medio camino entre el coaching y las constelaciones familiares, nos acerca a una filosof\u00eda oriental renovada y nos propone pautas claras y efectivas para resolver de ra\u00edz los problemas de la vida.<\/p>\n","protected":false},"excerpt":{"rendered":"<p>NOGUCHI, YOSHINORI<\/p>\n","protected":false},"featured_media":141994,"template":"","meta":{"_acf_changed":false,"om_disable_all_campaigns":false,"rs_blank_template":"","rs_page_bg_color":"","slide_template_v7":"","inline_featured_image":false,"_monsterinsights_skip_tracking":false,"_monsterinsights_sitenote_active":false,"_monsterinsights_sitenote_note":"","_monsterinsights_sitenote_category":0},"product_brand":[],"product_cat":[81],"product_tag":[],"class_list":{"0":"post-141993","1":"product","2":"type-product","3":"status-publish","4":"has-post-thumbnail","6":"product_cat-psicologia","8":"first","9":"instock","10":"taxable","11":"shipping-taxable","12":"purchasable","13":"product-type-simple"},"acf":{"editorial":[{"ID":6222,"post_author":"3","post_date":"2022-07-28 17:47:31","post_date_gmt":"2022-07-28 15:47:31","post_content":"","post_title":"Editorial Comanegra","post_excerpt":"","post_status":"publish","comment_status":"closed","ping_status":"closed","post_password":"","post_name":"editorial-comanegra","to_ping":"","pinged":"","post_modified":"2022-07-28 17:47:31","post_modified_gmt":"2022-07-28 15:47:31","post_content_filtered":"","post_parent":0,"guid":"http:\/\/dev.claret.cat\/editorial\/editorial-comanegra\/","menu_order":0,"post_type":"editorial","post_mime_type":"","comment_count":"0","filter":"raw"}],"autor":"NOGUCHI, YOSHINORI","codart":"841718881","libros-coleccion":"COMANEGRA","ediciones":"1","encuadernacion":"R\u00fastica","fecha_de_publicacion":"01\/02\/2019","novedad":"0","paginas":"103","subtitulo":"","orden":"0","portada":"0","idioma":"spa","autores-libros":[{"ID":171607,"post_author":"3","post_date":"2022-10-14 22:44:46","post_date_gmt":"2022-10-14 20:44:46","post_content":"","post_title":"YOSHINORI NOGUCHI","post_excerpt":"","post_status":"publish","comment_status":"closed","ping_status":"closed","post_password":"","post_name":"yoshinori-noguchi","to_ping":"","pinged":"","post_modified":"2022-10-14 22:44:46","post_modified_gmt":"2022-10-14 20:44:46","post_content_filtered":"","post_parent":0,"guid":"http:\/\/dev.claret.cat\/autor\/yoshinori-noguchi\/","menu_order":0,"post_type":"autor","post_mime_type":"","comment_count":"0","filter":"raw"}]},"aioseo_notices":[],"_links":{"self":[{"href":"https:\/\/www.claret.cat\/es\/wp-json\/wp\/v2\/product\/141993","targetHints":{"allow":["GET"]}}],"collection":[{"href":"https:\/\/www.claret.cat\/es\/wp-json\/wp\/v2\/product"}],"about":[{"href":"https:\/\/www.claret.cat\/es\/wp-json\/wp\/v2\/types\/product"}],"wp:featuredmedia":[{"embeddable":true,"href":"https:\/\/www.claret.cat\/es\/wp-json\/wp\/v2\/media\/141994"}],"wp:attachment":[{"href":"https:\/\/www.claret.cat\/es\/wp-json\/wp\/v2\/media?parent=141993"}],"wp:term":[{"taxonomy":"product_brand","embeddable":true,"href":"https:\/\/www.claret.cat\/es\/wp-json\/wp\/v2\/product_brand?post=141993"},{"taxonomy":"product_cat","embeddable":true,"href":"https:\/\/www.claret.cat\/es\/wp-json\/wp\/v2\/product_cat?post=141993"},{"taxonomy":"product_tag","embeddable":true,"href":"https:\/\/www.claret.cat\/es\/wp-json\/wp\/v2\/product_tag?post=141993"}],"curies":[{"name":"wp","href":"https:\/\/api.w.org\/{rel}","templated":true}]}}