{"id":141996,"date":"2022-10-13T13:25:12","date_gmt":"2022-10-13T11:25:12","guid":{"rendered":"http:\/\/dev.claret.cat\/producte\/la-llei-del-mirall-versio-ampliada\/"},"modified":"2024-11-04T18:10:25","modified_gmt":"2024-11-04T17:10:25","slug":"la-llei-del-mirall-versio-ampliada-9788417188801","status":"publish","type":"product","link":"https:\/\/www.claret.cat\/es\/libro\/la-llei-del-mirall-versio-ampliada-9788417188801\/","title":{"rendered":"LA LLEI DEL MIRALL (VERSI\u00d3 AMPLIADA)"},"content":{"rendered":"<p>A partir d&#8217;una hist\u00f2ria senzilla i emotiva, Yoshinori Noguchi (Hiroshima, 1963), un reconegut expert en coaching i assessorament psicol\u00f2gic, ens situa davant d&#8217;un mirall per mirar el nostre interior. L&#8217;Eiko est\u00e0 preocupada perqu\u00e8 els nens de l&#8217;escola maltracten el seu fill Yuta, i se sent impotent i sola davant d&#8217;un problema que no sap com resoldre. Fins que l&#8217;enigm\u00e0tic Yaguchi li ofereix un m\u00e8tode sorprenent que la far\u00e0 viure la situaci\u00f3 m\u00e9s dif\u00edcil de totes: enfrontar-se als seus fantasmes i continuar endavant amb un esperit nou.<br \/>  L&#8217;any 2010, els lectors catalans van descobrir aquest conte de Yoshinori Noguchi i les reflexions que l&#8217;acompanyen. Una ensenyan\u00e7a a mig cam\u00ed entre el coaching i les constel\u00b7lacions familiars que ens enlla\u00e7a amb una filosofia oriental renovada i ens proposa pautes per resoldre d&#8217;arrel els problemes de la vida.<\/p>\n","protected":false},"excerpt":{"rendered":"<p>NOGUCHI, YOSHINORI<\/p>\n","protected":false},"featured_media":141997,"template":"","meta":{"_acf_changed":false,"om_disable_all_campaigns":false,"rs_blank_template":"","rs_page_bg_color":"","slide_template_v7":"","inline_featured_image":false,"_monsterinsights_skip_tracking":false,"_monsterinsights_sitenote_active":false,"_monsterinsights_sitenote_note":"","_monsterinsights_sitenote_category":0},"product_brand":[],"product_cat":[81,347],"product_tag":[],"class_list":{"0":"post-141996","1":"product","2":"type-product","3":"status-publish","4":"has-post-thumbnail","6":"product_cat-psicologia","7":"product_cat-psicologia-2_humanidades","9":"first","10":"instock","11":"taxable","12":"shipping-taxable","13":"purchasable","14":"product-type-simple"},"acf":{"editorial":[{"ID":6222,"post_author":"3","post_date":"2022-07-28 17:47:31","post_date_gmt":"2022-07-28 15:47:31","post_content":"","post_title":"Editorial Comanegra","post_excerpt":"","post_status":"publish","comment_status":"closed","ping_status":"closed","post_password":"","post_name":"editorial-comanegra","to_ping":"","pinged":"","post_modified":"2022-07-28 17:47:31","post_modified_gmt":"2022-07-28 15:47:31","post_content_filtered":"","post_parent":0,"guid":"http:\/\/dev.claret.cat\/editorial\/editorial-comanegra\/","menu_order":0,"post_type":"editorial","post_mime_type":"","comment_count":"0","filter":"raw"}],"autor":"NOGUCHI, YOSHINORI","codart":"841718880","libros-coleccion":"","ediciones":"1","encuadernacion":"R\u00fastica","fecha_de_publicacion":"01\/02\/2019","novedad":"1","paginas":"103","subtitulo":"","orden":"0","portada":"0","idioma":"cat","autores-libros":[{"ID":171607,"post_author":"3","post_date":"2022-10-14 22:44:46","post_date_gmt":"2022-10-14 20:44:46","post_content":"","post_title":"YOSHINORI NOGUCHI","post_excerpt":"","post_status":"publish","comment_status":"closed","ping_status":"closed","post_password":"","post_name":"yoshinori-noguchi","to_ping":"","pinged":"","post_modified":"2022-10-14 22:44:46","post_modified_gmt":"2022-10-14 20:44:46","post_content_filtered":"","post_parent":0,"guid":"http:\/\/dev.claret.cat\/autor\/yoshinori-noguchi\/","menu_order":0,"post_type":"autor","post_mime_type":"","comment_count":"0","filter":"raw"}]},"aioseo_notices":[],"_links":{"self":[{"href":"https:\/\/www.claret.cat\/es\/wp-json\/wp\/v2\/product\/141996","targetHints":{"allow":["GET"]}}],"collection":[{"href":"https:\/\/www.claret.cat\/es\/wp-json\/wp\/v2\/product"}],"about":[{"href":"https:\/\/www.claret.cat\/es\/wp-json\/wp\/v2\/types\/product"}],"wp:featuredmedia":[{"embeddable":true,"href":"https:\/\/www.claret.cat\/es\/wp-json\/wp\/v2\/media\/141997"}],"wp:attachment":[{"href":"https:\/\/www.claret.cat\/es\/wp-json\/wp\/v2\/media?parent=141996"}],"wp:term":[{"taxonomy":"product_brand","embeddable":true,"href":"https:\/\/www.claret.cat\/es\/wp-json\/wp\/v2\/product_brand?post=141996"},{"taxonomy":"product_cat","embeddable":true,"href":"https:\/\/www.claret.cat\/es\/wp-json\/wp\/v2\/product_cat?post=141996"},{"taxonomy":"product_tag","embeddable":true,"href":"https:\/\/www.claret.cat\/es\/wp-json\/wp\/v2\/product_tag?post=141996"}],"curies":[{"name":"wp","href":"https:\/\/api.w.org\/{rel}","templated":true}]}}