{"id":142032,"date":"2022-10-13T13:25:41","date_gmt":"2022-10-13T11:25:41","guid":{"rendered":"http:\/\/dev.claret.cat\/producte\/un-mar-dhistories-els-falcons\/"},"modified":"2023-01-28T08:39:29","modified_gmt":"2023-01-28T07:39:29","slug":"un-mar-dhistories-els-falcons-9788499796208","status":"publish","type":"product","link":"https:\/\/www.claret.cat\/es\/libro\/un-mar-dhistories-els-falcons-9788499796208\/","title":{"rendered":"UN MAR D&#8217;HIST\u00d2RIES: ELS FALCONS"},"content":{"rendered":"<p>El llibre infantil Un mar d&#8217;hist\u00f2ries: Els falcons, s&#8217;endinsa en el m\u00f3n d&#8217;aquesta manifestaci\u00f3 folkl\u00f2rica catalana amb or\u00edgens ben llunyans, ja que provenen de Tx\u00e8quia. Els protagonistes del conte s\u00f3n l&#8217;Oriol i la Vika, que aprendran en qu\u00e8 consisteixen aquestes construccions humanes, les colles actives avui i les figures que presenten. El text \u00e9s d&#8217;Amadeu Carb\u00f3, especialista en cultura popular, i les il\u00b7lustracions s\u00f3n de Subi.<\/p>\n","protected":false},"excerpt":{"rendered":"<p>CARB\u00d3, AMADEU<\/p>\n","protected":false},"featured_media":142033,"template":"","meta":{"_acf_changed":false,"om_disable_all_campaigns":false,"rs_blank_template":"","rs_page_bg_color":"","slide_template_v7":"","inline_featured_image":false,"_monsterinsights_skip_tracking":false,"_monsterinsights_sitenote_active":false,"_monsterinsights_sitenote_note":"","_monsterinsights_sitenote_category":0},"product_brand":[],"product_cat":[86],"product_tag":[],"class_list":{"0":"post-142032","1":"product","2":"type-product","3":"status-publish","4":"has-post-thumbnail","6":"product_cat-infantil","8":"first","9":"instock","10":"taxable","11":"shipping-taxable","12":"purchasable","13":"product-type-simple"},"acf":{"editorial":[{"ID":148004,"post_author":"3","post_date":"2022-10-14 11:54:53","post_date_gmt":"2022-10-14 09:54:53","post_content":"","post_title":"Editorial Mediterr\u00e0nia, SL","post_excerpt":"","post_status":"publish","comment_status":"closed","ping_status":"closed","post_password":"","post_name":"editorial-mediterrania-sl","to_ping":"","pinged":"","post_modified":"2022-10-14 11:54:53","post_modified_gmt":"2022-10-14 09:54:53","post_content_filtered":"","post_parent":0,"guid":"http:\/\/dev.claret.cat\/editorial\/editorial-mediterrania-sl\/","menu_order":0,"post_type":"editorial","post_mime_type":"","comment_count":"0","filter":"raw"}],"autor":"CARB\u00d3, AMADEU","codart":"849979620","libros-coleccion":"Iluminado","ediciones":"1","encuadernacion":"R\u00fastica","fecha_de_publicacion":"01\/11\/2018","novedad":"1","paginas":"25","subtitulo":"","orden":"0","portada":"0","idioma":"cat","autores-libros":[{"ID":149955,"post_author":"3","post_date":"2022-10-14 14:29:04","post_date_gmt":"2022-10-14 12:29:04","post_content":"","post_title":"AMADEU CARB\u00d3","post_excerpt":"","post_status":"publish","comment_status":"closed","ping_status":"closed","post_password":"","post_name":"amadeu-carbo","to_ping":"","pinged":"","post_modified":"2022-10-14 14:29:04","post_modified_gmt":"2022-10-14 12:29:04","post_content_filtered":"","post_parent":0,"guid":"http:\/\/dev.claret.cat\/autor\/amadeu-carbo\/","menu_order":0,"post_type":"autor","post_mime_type":"","comment_count":"0","filter":"raw"}]},"aioseo_notices":[],"_links":{"self":[{"href":"https:\/\/www.claret.cat\/es\/wp-json\/wp\/v2\/product\/142032","targetHints":{"allow":["GET"]}}],"collection":[{"href":"https:\/\/www.claret.cat\/es\/wp-json\/wp\/v2\/product"}],"about":[{"href":"https:\/\/www.claret.cat\/es\/wp-json\/wp\/v2\/types\/product"}],"wp:featuredmedia":[{"embeddable":true,"href":"https:\/\/www.claret.cat\/es\/wp-json\/wp\/v2\/media\/142033"}],"wp:attachment":[{"href":"https:\/\/www.claret.cat\/es\/wp-json\/wp\/v2\/media?parent=142032"}],"wp:term":[{"taxonomy":"product_brand","embeddable":true,"href":"https:\/\/www.claret.cat\/es\/wp-json\/wp\/v2\/product_brand?post=142032"},{"taxonomy":"product_cat","embeddable":true,"href":"https:\/\/www.claret.cat\/es\/wp-json\/wp\/v2\/product_cat?post=142032"},{"taxonomy":"product_tag","embeddable":true,"href":"https:\/\/www.claret.cat\/es\/wp-json\/wp\/v2\/product_tag?post=142032"}],"curies":[{"name":"wp","href":"https:\/\/api.w.org\/{rel}","templated":true}]}}