{"id":1422,"date":"2022-07-27T20:44:16","date_gmt":"2022-07-27T18:44:16","guid":{"rendered":"http:\/\/dev.claret.cat\/producto\/cientos-de-miles-de-millones-de-sonrisas-9788403518513\/"},"modified":"2023-06-01T10:52:59","modified_gmt":"2023-06-01T08:52:59","slug":"cientos-de-miles-de-millones-de-sonrisas-9788403518513","status":"publish","type":"product","link":"https:\/\/www.claret.cat\/es\/libro\/cientos-de-miles-de-millones-de-sonrisas-9788403518513\/","title":{"rendered":"CIENTOS DE MILES DE MILLONES DE SONRISAS"},"content":{"rendered":"<p>Cientos de miles de millones de motivos para perseguir tus sue\u00f1os. El libro que todos los Coquetes est\u00e1n esperando. \u00bfEres de los que piensa que no hay nada imposible? \u00bfEres fan de los  besos antes del desayuno, de los planes espont\u00e1neos y de disfrutar de los momentos m\u00e1s insignificantes? \u00bfTe emocionas ante la posibilidad de un nuevo reto, un viaje que llevas tiempo planeando, una cena en familia? Si tu respuesta es s\u00ed, este libro es para ti. Lee y sonr\u00ede.&#8212;&#8212;-Ver\u00f3nica D\u00edaz, m\u00e1s conocida como @ModaJustCoco, ha puesto en palabras la  mejor de sus sonrisas para dibujar un viaje fascinante hacia el  optimismo, un lugar desde el que la vida se disfruta con pasi\u00f3n. A trav\u00e9s de sus p\u00e1ginas descubrir\u00e1s lo que significa ser un loco feliz, disfrutar de las peque\u00f1as cosas, darle una oportunidad a los sue\u00f1os y vivir de acuerdo a tus deseos. Ya ha llegado el momento de comenzar a vivir la vida que siempre has imaginado. Este libro resume la filosof\u00eda  Coquete, esa que prima los besos diarios y los planes m\u00e1s especiales, y que te inunda la vida con cientos de miles de millones de sonrisas.&#8212;&#8212;-Un buen Coquete&#8230; <br \/>ve la vida como una oportunidad,<br \/> es optimista, <br \/>es aventurero, <br \/>es so\u00f1ador,<br \/> colecciona momentos \u00fanicos,<br \/> disfruta en familia,<br \/> es un loco feliz.<\/p>\n","protected":false},"excerpt":{"rendered":"<p>VER\u00d3NICA D\u00cdAZ (@MODAJUSTCOCO)<\/p>\n","protected":false},"featured_media":70716,"template":"","meta":{"_acf_changed":false,"om_disable_all_campaigns":false,"rs_blank_template":"","rs_page_bg_color":"","slide_template_v7":"","inline_featured_image":false,"_monsterinsights_skip_tracking":false,"_monsterinsights_sitenote_active":false,"_monsterinsights_sitenote_note":"","_monsterinsights_sitenote_category":0},"product_brand":[],"product_cat":[565,116,81,347,105,555],"product_tag":[],"class_list":{"0":"post-1422","1":"product","2":"type-product","3":"status-publish","4":"has-post-thumbnail","6":"product_cat-influencers-3_infantil-juvenil-spa-spa","7":"product_cat-influencers","8":"product_cat-psicologia","9":"product_cat-psicologia-2_humanidades","10":"product_cat-regal","11":"product_cat-regalo","13":"first","14":"instock","15":"taxable","16":"shipping-taxable","17":"purchasable","18":"product-type-simple"},"acf":{"autor":"VER\u00d3NICA D\u00cdAZ (@MODAJUSTCOCO)","codart":"840351851","ediciones":"1","encuadernacion":"R\u00fastica","fecha_de_publicacion":"01\/04\/2018","novedad":"1","paginas":"158","subtitulo":"","orden":"0","portada":"0","idioma":"spa","libros-coleccion":"Tendencias","autores-libros":[{"ID":6076,"post_author":"3","post_date":"2022-07-28 17:37:38","post_date_gmt":"2022-07-28 15:37:38","post_content":"","post_title":"VER\u00d3NICA D\u00cdAZ (@MODAJUSTCOCO)","post_excerpt":"","post_status":"publish","comment_status":"closed","ping_status":"closed","post_password":"","post_name":"veronica-diaz-modajustcoco","to_ping":"","pinged":"","post_modified":"2022-07-28 17:37:38","post_modified_gmt":"2022-07-28 15:37:38","post_content_filtered":"","post_parent":0,"guid":"http:\/\/dev.claret.cat\/autor\/veronica-diaz-modajustcoco\/","menu_order":0,"post_type":"autor","post_mime_type":"","comment_count":"0","filter":"raw"}],"editorial":[{"ID":6294,"post_author":"3","post_date":"2022-07-28 17:49:06","post_date_gmt":"2022-07-28 15:49:06","post_content":"","post_title":"LOSADA","post_excerpt":"","post_status":"publish","comment_status":"closed","ping_status":"closed","post_password":"","post_name":"losada","to_ping":"","pinged":"","post_modified":"2022-07-28 17:49:06","post_modified_gmt":"2022-07-28 15:49:06","post_content_filtered":"","post_parent":0,"guid":"http:\/\/dev.claret.cat\/editorial\/losada\/","menu_order":0,"post_type":"editorial","post_mime_type":"","comment_count":"0","filter":"raw"}]},"aioseo_notices":[],"_links":{"self":[{"href":"https:\/\/www.claret.cat\/es\/wp-json\/wp\/v2\/product\/1422","targetHints":{"allow":["GET"]}}],"collection":[{"href":"https:\/\/www.claret.cat\/es\/wp-json\/wp\/v2\/product"}],"about":[{"href":"https:\/\/www.claret.cat\/es\/wp-json\/wp\/v2\/types\/product"}],"wp:featuredmedia":[{"embeddable":true,"href":"https:\/\/www.claret.cat\/es\/wp-json\/wp\/v2\/media\/70716"}],"wp:attachment":[{"href":"https:\/\/www.claret.cat\/es\/wp-json\/wp\/v2\/media?parent=1422"}],"wp:term":[{"taxonomy":"product_brand","embeddable":true,"href":"https:\/\/www.claret.cat\/es\/wp-json\/wp\/v2\/product_brand?post=1422"},{"taxonomy":"product_cat","embeddable":true,"href":"https:\/\/www.claret.cat\/es\/wp-json\/wp\/v2\/product_cat?post=1422"},{"taxonomy":"product_tag","embeddable":true,"href":"https:\/\/www.claret.cat\/es\/wp-json\/wp\/v2\/product_tag?post=1422"}],"curies":[{"name":"wp","href":"https:\/\/api.w.org\/{rel}","templated":true}]}}