{"id":142206,"date":"2022-10-13T13:28:04","date_gmt":"2022-10-13T11:28:04","guid":{"rendered":"http:\/\/dev.claret.cat\/producte\/a-la-biblia-por-la-liturgia\/"},"modified":"2024-05-23T05:20:29","modified_gmt":"2024-05-23T03:20:29","slug":"a-la-biblia-por-la-liturgia-9788490734735","status":"publish","type":"product","link":"https:\/\/www.claret.cat\/es\/libro\/a-la-biblia-por-la-liturgia-9788490734735\/","title":{"rendered":"A LA BIBLIA POR LA LITURGIA"},"content":{"rendered":"<p>Comentarios a las primeras lecturas de las misas de cada d\u00eda del tiempo ordinario. Una obra \u00fatil para la preparaci\u00f3n de unas homil\u00edas m\u00e1s ricas y completas. Destinada tanto a los sacerdotes como a todas aquellas personas que quieran vivir en profundidad la eucarist\u00eda. En los \u00faltimos a\u00f1os han aparecido con mucha aceptaci\u00f3n diferentes comentarios a los evangelios de la misa de cada d\u00eda con enfoques variados, que est\u00e1n ayudando mucho a la participaci\u00f3n en la celebraci\u00f3n de la eucarist\u00eda. En este contexto, la primera lectura, especialmente cuando est\u00e1 tomada del Antiguo Testamento, pasa desapercibida sin pena ni gloria en la celebraci\u00f3n de la eucarist\u00eda. Precisamente para evitar ese olvido, el profesor Antonio Rodr\u00edguez Carmona ha escrito esta obra con el deseo de que sirva de ayuda a todos aquellos que, sin menoscabo de la importancia que tiene la lectura evang\u00e9lica, quieran prestar atenci\u00f3n a las primeras lecturas, aprovechando la gran riqueza que ofrecen sus textos, una aut\u00e9ntica introducci\u00f3n al conocimiento de la Biblia.<\/p>\n","protected":false},"excerpt":{"rendered":"<p>RODR\u00cdGUEZ CARMONA, ANTONIO<\/p>\n","protected":false},"featured_media":372885,"template":"","meta":{"_acf_changed":false,"om_disable_all_campaigns":false,"rs_blank_template":"","rs_page_bg_color":"","slide_template_v7":"","inline_featured_image":false,"_monsterinsights_skip_tracking":false,"_monsterinsights_sitenote_active":false,"_monsterinsights_sitenote_note":"","_monsterinsights_sitenote_category":0},"product_brand":[],"product_cat":[543,93,346,80,344,78],"product_tag":[],"class_list":{"0":"post-142206","1":"product","2":"type-product","3":"status-publish","4":"has-post-thumbnail","6":"product_cat-eclesiologia-es","7":"product_cat-eclesiologia","8":"product_cat-libros-liturgia","9":"product_cat-liturgia","10":"product_cat-pastoral-1_espiritualidad","11":"product_cat-pastoral","13":"first","14":"instock","15":"taxable","16":"shipping-taxable","17":"purchasable","18":"product-type-simple"},"acf":{"autores-libros":[{"ID":5268,"post_author":"3","post_date":"2022-07-28 17:20:24","post_date_gmt":"2022-07-28 15:20:24","post_content":"","post_title":"ANTONIO RODRIGUEZ CARMONA","post_excerpt":"","post_status":"publish","comment_status":"closed","ping_status":"closed","post_password":"","post_name":"antonio-rodriguez-carmona","to_ping":"","pinged":"","post_modified":"2022-07-28 17:20:24","post_modified_gmt":"2022-07-28 15:20:24","post_content_filtered":"","post_parent":0,"guid":"http:\/\/dev.claret.cat\/autor\/antonio-rodriguez-carmona\/","menu_order":0,"post_type":"autor","post_mime_type":"","comment_count":"0","filter":"raw"}],"editorial":[{"ID":148049,"post_author":"3","post_date":"2022-10-14 11:55:14","post_date_gmt":"2022-10-14 09:55:14","post_content":"","post_title":"Editorial Verbo Divino","post_excerpt":"","post_status":"publish","comment_status":"closed","ping_status":"closed","post_password":"","post_name":"editorial-verbo-divino","to_ping":"","pinged":"","post_modified":"2022-10-14 11:55:14","post_modified_gmt":"2022-10-14 09:55:14","post_content_filtered":"","post_parent":0,"guid":"http:\/\/dev.claret.cat\/editorial\/editorial-verbo-divino\/","menu_order":0,"post_type":"editorial","post_mime_type":"","comment_count":"0","filter":"raw"}],"autor":"RODR\u00cdGUEZ CARMONA, ANTONIO","codart":"849073473","libros-coleccion":"Acci\u00f3n Pastoral","ediciones":"1","encuadernacion":"Carpeta","fecha_de_publicacion":"01\/01\/2019","novedad":"1","paginas":"310","subtitulo":"","orden":"0","portada":"0","idioma":"spa"},"aioseo_notices":[],"_links":{"self":[{"href":"https:\/\/www.claret.cat\/es\/wp-json\/wp\/v2\/product\/142206","targetHints":{"allow":["GET"]}}],"collection":[{"href":"https:\/\/www.claret.cat\/es\/wp-json\/wp\/v2\/product"}],"about":[{"href":"https:\/\/www.claret.cat\/es\/wp-json\/wp\/v2\/types\/product"}],"wp:featuredmedia":[{"embeddable":true,"href":"https:\/\/www.claret.cat\/es\/wp-json\/wp\/v2\/media\/372885"}],"wp:attachment":[{"href":"https:\/\/www.claret.cat\/es\/wp-json\/wp\/v2\/media?parent=142206"}],"wp:term":[{"taxonomy":"product_brand","embeddable":true,"href":"https:\/\/www.claret.cat\/es\/wp-json\/wp\/v2\/product_brand?post=142206"},{"taxonomy":"product_cat","embeddable":true,"href":"https:\/\/www.claret.cat\/es\/wp-json\/wp\/v2\/product_cat?post=142206"},{"taxonomy":"product_tag","embeddable":true,"href":"https:\/\/www.claret.cat\/es\/wp-json\/wp\/v2\/product_tag?post=142206"}],"curies":[{"name":"wp","href":"https:\/\/api.w.org\/{rel}","templated":true}]}}