{"id":14221,"date":"2022-10-01T22:48:14","date_gmt":"2022-10-01T20:48:14","guid":{"rendered":"http:\/\/dev.claret.cat\/producte\/versos-de-buenas-noches\/"},"modified":"2023-01-28T12:14:27","modified_gmt":"2023-01-28T11:14:27","slug":"versos-de-buenas-noches-9788408196150","status":"publish","type":"product","link":"https:\/\/www.claret.cat\/es\/libro\/versos-de-buenas-noches-9788408196150\/","title":{"rendered":"VERSOS DE BUENAS NOCHES"},"content":{"rendered":"<p>Versos de buenas noches es la primera compilaci\u00f3n de poes\u00eda infantil que re\u00fane a los m\u00e1s destacados representantes de la nueva ola de po\u00e9tica, con el hermoso prop\u00f3sito de que padres e hijos compartan un momento m\u00e1gico cada noche. Un libro muy especial repleto de\u00a0\u00a0poemas cargados de lirismo, simpat\u00eda y ternura, acompa\u00f1ados de hermosas ilustraciones.<br \/> Poemas de Patricia Benito, Iago de la Campa, Defreds, Irene G Punto, Miguel Gane, Mar\u00eda Leach, Luna Miguel, Benjam\u00edn Prado, Loreto Sesma, Rayden y Zahara.<br \/> Ilustraciones de Mar\u00eda Caba\u00f1as, Mar\u00eda Hesse, Lady Desidia y Elena Pancorbo.<br \/>  En este libro unos cuantos amigos poetas recogen el testigo de nuestra querida Gloria Fuertes, para conseguir de nuevo la haza\u00f1a: llevar la poes\u00eda a los m\u00e1s peque\u00f1os y hacerlos disfrutar con ella, Marwan.<\/p>\n","protected":false},"excerpt":{"rendered":"<p>PATRICIA BENITO<\/p>\n","protected":false},"featured_media":69380,"template":"","meta":{"_acf_changed":false,"om_disable_all_campaigns":false,"rs_blank_template":"","rs_page_bg_color":"","slide_template_v7":"","inline_featured_image":false,"_monsterinsights_skip_tracking":false,"_monsterinsights_sitenote_active":false,"_monsterinsights_sitenote_note":"","_monsterinsights_sitenote_category":0},"product_brand":[],"product_cat":[121,105],"product_tag":[],"class_list":{"0":"post-14221","1":"product","2":"type-product","3":"status-publish","4":"has-post-thumbnail","6":"product_cat-poesia","7":"product_cat-regal","9":"first","10":"instock","11":"taxable","12":"shipping-taxable","13":"purchasable","14":"product-type-simple"},"acf":{"autor":"PATRICIA BENITO","codart":"840819615","libros-coleccion":"Nov\u00edsimos","ediciones":"1","encuadernacion":"Carton\u00e9","fecha_de_publicacion":"01\/11\/2018","novedad":"1","paginas":"123","subtitulo":"","orden":"0","portada":"0","idioma":"spa","editorial":[{"ID":6377,"post_author":"3","post_date":"2022-07-28 17:50:53","post_date_gmt":"2022-07-28 15:50:53","post_content":"","post_title":"Timun Mas CAT","post_excerpt":"","post_status":"publish","comment_status":"closed","ping_status":"closed","post_password":"","post_name":"timun-mas-cat","to_ping":"","pinged":"","post_modified":"2022-07-28 17:50:53","post_modified_gmt":"2022-07-28 15:50:53","post_content_filtered":"","post_parent":0,"guid":"http:\/\/dev.claret.cat\/editorial\/timun-mas-cat\/","menu_order":0,"post_type":"editorial","post_mime_type":"","comment_count":"0","filter":"raw"}],"autores-libros":[{"ID":166613,"post_author":"3","post_date":"2022-10-14 18:04:40","post_date_gmt":"2022-10-14 16:04:40","post_content":"","post_title":"PATRICIA BENITO","post_excerpt":"","post_status":"publish","comment_status":"closed","ping_status":"closed","post_password":"","post_name":"patricia-benito","to_ping":"","pinged":"","post_modified":"2022-10-14 18:04:40","post_modified_gmt":"2022-10-14 16:04:40","post_content_filtered":"","post_parent":0,"guid":"http:\/\/dev.claret.cat\/autor\/patricia-benito\/","menu_order":0,"post_type":"autor","post_mime_type":"","comment_count":"0","filter":"raw"}]},"aioseo_notices":[],"_links":{"self":[{"href":"https:\/\/www.claret.cat\/es\/wp-json\/wp\/v2\/product\/14221","targetHints":{"allow":["GET"]}}],"collection":[{"href":"https:\/\/www.claret.cat\/es\/wp-json\/wp\/v2\/product"}],"about":[{"href":"https:\/\/www.claret.cat\/es\/wp-json\/wp\/v2\/types\/product"}],"wp:featuredmedia":[{"embeddable":true,"href":"https:\/\/www.claret.cat\/es\/wp-json\/wp\/v2\/media\/69380"}],"wp:attachment":[{"href":"https:\/\/www.claret.cat\/es\/wp-json\/wp\/v2\/media?parent=14221"}],"wp:term":[{"taxonomy":"product_brand","embeddable":true,"href":"https:\/\/www.claret.cat\/es\/wp-json\/wp\/v2\/product_brand?post=14221"},{"taxonomy":"product_cat","embeddable":true,"href":"https:\/\/www.claret.cat\/es\/wp-json\/wp\/v2\/product_cat?post=14221"},{"taxonomy":"product_tag","embeddable":true,"href":"https:\/\/www.claret.cat\/es\/wp-json\/wp\/v2\/product_tag?post=14221"}],"curies":[{"name":"wp","href":"https:\/\/api.w.org\/{rel}","templated":true}]}}