{"id":142248,"date":"2022-10-13T13:28:39","date_gmt":"2022-10-13T11:28:39","guid":{"rendered":"http:\/\/dev.claret.cat\/producte\/las-pequenas-alegrias\/"},"modified":"2024-02-07T14:50:33","modified_gmt":"2024-02-07T13:50:33","slug":"las-pequenas-alegrias-9788416222957","status":"publish","type":"product","link":"https:\/\/www.claret.cat\/es\/libro\/las-pequenas-alegrias-9788416222957\/","title":{"rendered":"LAS PEQUE\u00d1AS ALEGR\u00cdAS"},"content":{"rendered":"<p>Una deliciosa reflexi\u00f3n sobre la felicidad<br \/> En la vida existen momentos de felicidad repentina e inesperada, que se producen incluso en las situaciones m\u00e1s dif\u00edciles, y que impregnan nuestra memoria. Estas son las peque\u00f1as alegr\u00edas, sencillas pero intensas: reencuentros con una persona, un paisaje, un libro, una canci\u00f3n o una pel\u00edcula que nos hablan de las relaciones, la soledad, el pasado, el futuro y, en definitiva, de la esencia del ser humano. Marc Aug\u00e9, uno de los antrop\u00f3logos m\u00e1s importantes de nuestro tiempo, desgrana por qu\u00e9 necesitamos las \u00abpeque\u00f1as alegr\u00edas\u00bb en este \u00edntimo diario de la felicidad y establece un di\u00e1logo con el lector mientras viaja por recuerdos, memoria y experiencias comunes a todas las personas. Una deliciosa joya que nos har\u00e1 descubrir la importancia de las peque\u00f1as alegr\u00edas.<\/p>\n","protected":false},"excerpt":{"rendered":"<p>AUG\u00c9, MARC<\/p>\n","protected":false},"featured_media":142249,"template":"","meta":{"_acf_changed":false,"om_disable_all_campaigns":false,"rs_blank_template":"","rs_page_bg_color":"","slide_template_v7":"","inline_featured_image":false,"_monsterinsights_skip_tracking":false,"_monsterinsights_sitenote_active":false,"_monsterinsights_sitenote_note":"","_monsterinsights_sitenote_category":0},"product_brand":[],"product_cat":[345,79,81,347],"product_tag":[],"class_list":{"0":"post-142248","1":"product","2":"type-product","3":"status-publish","4":"has-post-thumbnail","6":"product_cat-espiritualidad","7":"product_cat-espiritualitat","8":"product_cat-psicologia","9":"product_cat-psicologia-2_humanidades","11":"first","12":"instock","13":"taxable","14":"shipping-taxable","15":"purchasable","16":"product-type-simple"},"acf":{"editorial":[{"ID":6131,"post_author":"3","post_date":"2022-07-28 17:45:33","post_date_gmt":"2022-07-28 15:45:33","post_content":"","post_title":"ATICO DE LOS LIBROS","post_excerpt":"","post_status":"publish","comment_status":"closed","ping_status":"closed","post_password":"","post_name":"atico-de-los-libros","to_ping":"","pinged":"","post_modified":"2022-07-28 17:45:33","post_modified_gmt":"2022-07-28 15:45:33","post_content_filtered":"","post_parent":0,"guid":"http:\/\/dev.claret.cat\/editorial\/atico-de-los-libros\/","menu_order":0,"post_type":"editorial","post_mime_type":"","comment_count":"0","filter":"raw"}],"autores-libros":[{"ID":163287,"post_author":"3","post_date":"2022-10-14 17:37:49","post_date_gmt":"2022-10-14 15:37:49","post_content":"","post_title":"MARC AUG\u00c9","post_excerpt":"","post_status":"publish","comment_status":"closed","ping_status":"closed","post_password":"","post_name":"marc-auge","to_ping":"","pinged":"","post_modified":"2022-10-14 17:37:49","post_modified_gmt":"2022-10-14 15:37:49","post_content_filtered":"","post_parent":0,"guid":"http:\/\/dev.claret.cat\/autor\/marc-auge\/","menu_order":0,"post_type":"autor","post_mime_type":"","comment_count":"0","filter":"raw"}],"autor":"AUG\u00c9, MARC","codart":"841622295","libros-coleccion":"\u00c1tico de los Libros","ediciones":"1","encuadernacion":"R\u00fastica","fecha_de_publicacion":"01\/01\/2019","novedad":"1","paginas":"108","subtitulo":"LA FELICIDAD DEL INSTANTE","orden":"0","portada":"0","idioma":"spa"},"aioseo_notices":[],"_links":{"self":[{"href":"https:\/\/www.claret.cat\/es\/wp-json\/wp\/v2\/product\/142248","targetHints":{"allow":["GET"]}}],"collection":[{"href":"https:\/\/www.claret.cat\/es\/wp-json\/wp\/v2\/product"}],"about":[{"href":"https:\/\/www.claret.cat\/es\/wp-json\/wp\/v2\/types\/product"}],"wp:featuredmedia":[{"embeddable":true,"href":"https:\/\/www.claret.cat\/es\/wp-json\/wp\/v2\/media\/142249"}],"wp:attachment":[{"href":"https:\/\/www.claret.cat\/es\/wp-json\/wp\/v2\/media?parent=142248"}],"wp:term":[{"taxonomy":"product_brand","embeddable":true,"href":"https:\/\/www.claret.cat\/es\/wp-json\/wp\/v2\/product_brand?post=142248"},{"taxonomy":"product_cat","embeddable":true,"href":"https:\/\/www.claret.cat\/es\/wp-json\/wp\/v2\/product_cat?post=142248"},{"taxonomy":"product_tag","embeddable":true,"href":"https:\/\/www.claret.cat\/es\/wp-json\/wp\/v2\/product_tag?post=142248"}],"curies":[{"name":"wp","href":"https:\/\/api.w.org\/{rel}","templated":true}]}}