{"id":142251,"date":"2022-10-13T13:28:41","date_gmt":"2022-10-13T11:28:41","guid":{"rendered":"http:\/\/dev.claret.cat\/producte\/complices\/"},"modified":"2023-01-28T23:03:41","modified_gmt":"2023-01-28T22:03:41","slug":"complices-9788499886619","status":"publish","type":"product","link":"https:\/\/www.claret.cat\/es\/libro\/complices-9788499886619\/","title":{"rendered":"C\u00d3MPLICES"},"content":{"rendered":"<p>Vivimos relaciones insatisfactorias, condicionadas por lastres sociales, culturales e hist\u00f3ricos que nos han llevado a un vac\u00edo interior. Siglos de liderazgo patriarcal y de feminidad dependiente han desembocado en situaciones de desencuentro entre hombres y mujeres. <br \/> En este libro, Miriam Subirana comparte los resultados de su investigaci\u00f3n profesional, de su experiencia y de acompa\u00f1ar a cientos de personas en su desarrollo personal y relacional. Nos muestra c\u00f3mo aprender a relacionarnos sin da\u00f1arnos, amarnos sin atarnos, ser c\u00f3mplices recuperando y preservando quienes somos en nuestra esencia; nos alienta a experimentar la unidad en la diversidad y, as\u00ed, florecer con todo nuestro potencial. En estas p\u00e1ginas encontrar\u00e1s propuestas para que sea posible la armon\u00eda en las relaciones. Porque de lo que se trata es de recuperar el poder interior para ser, sin necesidad de imponer, forzar ni presionar. Esta es la condici\u00f3n imprescindible para el encuentro con el otro.<br \/> Despu\u00e9s del \u00e9xito de la primera edici\u00f3n, publicada en castellano y traducida a numerosos idiomas, esta edici\u00f3n est\u00e1 revisada, actualizada y ampliada con m\u00e1s ejemplos y nuevas propuestas.<\/p>\n","protected":false},"excerpt":{"rendered":"<p>SUBIRANA VILANOVA, MIRIAM<\/p>\n","protected":false},"featured_media":142252,"template":"","meta":{"_acf_changed":false,"om_disable_all_campaigns":false,"rs_blank_template":"","rs_page_bg_color":"","slide_template_v7":"","inline_featured_image":false,"_monsterinsights_skip_tracking":false,"_monsterinsights_sitenote_active":false,"_monsterinsights_sitenote_note":"","_monsterinsights_sitenote_category":0},"product_brand":[],"product_cat":[81],"product_tag":[],"class_list":{"0":"post-142251","1":"product","2":"type-product","3":"status-publish","4":"has-post-thumbnail","6":"product_cat-psicologia","8":"first","9":"instock","10":"taxable","11":"shipping-taxable","12":"purchasable","13":"product-type-simple"},"acf":{"editorial":[{"ID":6227,"post_author":"3","post_date":"2022-07-28 17:47:37","post_date_gmt":"2022-07-28 15:47:37","post_content":"","post_title":"Editorial Kair\u00f3s","post_excerpt":"","post_status":"publish","comment_status":"closed","ping_status":"closed","post_password":"","post_name":"editorial-kairos","to_ping":"","pinged":"","post_modified":"2022-07-28 17:47:37","post_modified_gmt":"2022-07-28 15:47:37","post_content_filtered":"","post_parent":0,"guid":"http:\/\/dev.claret.cat\/editorial\/editorial-kairos\/","menu_order":0,"post_type":"editorial","post_mime_type":"","comment_count":"0","filter":"raw"}],"autor":"SUBIRANA VILANOVA, MIRIAM","codart":"849988661","libros-coleccion":"Psicolog\u00eda","ediciones":"1","encuadernacion":"R\u00fastica","fecha_de_publicacion":"01\/01\/2019","novedad":"1","paginas":"303","subtitulo":"M\u00c1S ALL\u00c1 DE LAS RELACIONES DE DEPENDENCIA","orden":"0","portada":"0","idioma":"spa","autores-libros":[{"ID":165231,"post_author":"3","post_date":"2022-10-14 17:53:30","post_date_gmt":"2022-10-14 15:53:30","post_content":"","post_title":"MIRIAM SUBIRANA VILANOVA","post_excerpt":"","post_status":"publish","comment_status":"closed","ping_status":"closed","post_password":"","post_name":"miriam-subirana-vilanova","to_ping":"","pinged":"","post_modified":"2022-10-14 17:53:30","post_modified_gmt":"2022-10-14 15:53:30","post_content_filtered":"","post_parent":0,"guid":"http:\/\/dev.claret.cat\/autor\/miriam-subirana-vilanova\/","menu_order":0,"post_type":"autor","post_mime_type":"","comment_count":"0","filter":"raw"}]},"aioseo_notices":[],"_links":{"self":[{"href":"https:\/\/www.claret.cat\/es\/wp-json\/wp\/v2\/product\/142251","targetHints":{"allow":["GET"]}}],"collection":[{"href":"https:\/\/www.claret.cat\/es\/wp-json\/wp\/v2\/product"}],"about":[{"href":"https:\/\/www.claret.cat\/es\/wp-json\/wp\/v2\/types\/product"}],"wp:featuredmedia":[{"embeddable":true,"href":"https:\/\/www.claret.cat\/es\/wp-json\/wp\/v2\/media\/142252"}],"wp:attachment":[{"href":"https:\/\/www.claret.cat\/es\/wp-json\/wp\/v2\/media?parent=142251"}],"wp:term":[{"taxonomy":"product_brand","embeddable":true,"href":"https:\/\/www.claret.cat\/es\/wp-json\/wp\/v2\/product_brand?post=142251"},{"taxonomy":"product_cat","embeddable":true,"href":"https:\/\/www.claret.cat\/es\/wp-json\/wp\/v2\/product_cat?post=142251"},{"taxonomy":"product_tag","embeddable":true,"href":"https:\/\/www.claret.cat\/es\/wp-json\/wp\/v2\/product_tag?post=142251"}],"curies":[{"name":"wp","href":"https:\/\/api.w.org\/{rel}","templated":true}]}}