{"id":142266,"date":"2022-10-13T13:28:54","date_gmt":"2022-10-13T11:28:54","guid":{"rendered":"http:\/\/dev.claret.cat\/producte\/14-de-julio-2\/"},"modified":"2023-01-28T03:57:38","modified_gmt":"2023-01-28T02:57:38","slug":"14-de-julio-9788490666425","status":"publish","type":"product","link":"https:\/\/www.claret.cat\/es\/libro\/14-de-julio-9788490666425\/","title":{"rendered":"14 DE JULIO"},"content":{"rendered":"<p>La Historia suele contar la toma de la Bastilla desde el punto de vista de grandes personajes que, en realidad, nunca estuvieron all\u00ed: en esta obra, se cuenta la historia de quienes s\u00ed se hallaban all\u00ed ese preciso d\u00eda, el c\u00e9lebre 14 de julio de 1789. Sus protagonistas eran gentes an\u00f3nimas, impulsadas por el hambre, el malestar, la carest\u00eda de lo indispensable. Pero antes de seguir los pasos de estos desconocidos revolucionarios, Vuillard retrocede unos meses para relatar la rebeli\u00f3n de los trabajadores de las manufacturas R\u00e9veillon, que vieron recortados sus salarios, y cuya cruenta represi\u00f3n caus\u00f3 m\u00e1s muertos que los del 14 de julio. Tambi\u00e9n se detiene en narrar c\u00f3mo se viv\u00eda en esos momentos en la gran corte de Versalles, as\u00ed como el trasfondo econ\u00f3mico y social que provoc\u00f3 el levantamiento. Pero sobre todo sigue, hora a hora, de manera vibrante y apasionada, c\u00f3mo individuos sin derechos convulsionaron un r\u00e9gimen arcaico para dar un nuevo sentido a la historia. Y relatar la historia, advierte el autor, \u00abes una manera de mirar el presente\u00bb.<\/p>\n","protected":false},"excerpt":{"rendered":"<p>VUILLARD, \u00c9RIC<\/p>\n","protected":false},"featured_media":142267,"template":"","meta":{"_acf_changed":false,"om_disable_all_campaigns":false,"rs_blank_template":"","rs_page_bg_color":"","slide_template_v7":"","inline_featured_image":false,"_monsterinsights_skip_tracking":false,"_monsterinsights_sitenote_active":false,"_monsterinsights_sitenote_note":"","_monsterinsights_sitenote_category":0},"product_brand":[],"product_cat":[87],"product_tag":[],"class_list":{"0":"post-142266","1":"product","2":"type-product","3":"status-publish","4":"has-post-thumbnail","6":"product_cat-literatura","8":"first","9":"instock","10":"taxable","11":"shipping-taxable","12":"purchasable","13":"product-type-simple"},"acf":{"editorial":[{"ID":148913,"post_author":"3","post_date":"2022-10-14 12:01:58","post_date_gmt":"2022-10-14 10:01:58","post_content":"","post_title":"Tusquets Editores S.A.","post_excerpt":"","post_status":"publish","comment_status":"closed","ping_status":"closed","post_password":"","post_name":"tusquets-editores-s-a","to_ping":"","pinged":"","post_modified":"2022-10-14 12:01:58","post_modified_gmt":"2022-10-14 10:01:58","post_content_filtered":"","post_parent":0,"guid":"http:\/\/dev.claret.cat\/editorial\/tusquets-editores-s-a\/","menu_order":0,"post_type":"editorial","post_mime_type":"","comment_count":"0","filter":"raw"}],"autor":"VUILLARD, \u00c9RIC","codart":"849066642","libros-coleccion":"Andanzas","ediciones":"1","encuadernacion":"R\u00fastica","fecha_de_publicacion":"01\/01\/2019","novedad":"1","paginas":"185","subtitulo":"","orden":"0","portada":"0","idioma":"spa","autores-libros":[{"ID":155270,"post_author":"3","post_date":"2022-10-14 15:11:30","post_date_gmt":"2022-10-14 13:11:30","post_content":"","post_title":"\u00c9RIC VUILLARD","post_excerpt":"","post_status":"publish","comment_status":"closed","ping_status":"closed","post_password":"","post_name":"eric-vuillard","to_ping":"","pinged":"","post_modified":"2022-10-14 15:11:30","post_modified_gmt":"2022-10-14 13:11:30","post_content_filtered":"","post_parent":0,"guid":"http:\/\/dev.claret.cat\/autor\/eric-vuillard\/","menu_order":0,"post_type":"autor","post_mime_type":"","comment_count":"0","filter":"raw"}]},"aioseo_notices":[],"_links":{"self":[{"href":"https:\/\/www.claret.cat\/es\/wp-json\/wp\/v2\/product\/142266","targetHints":{"allow":["GET"]}}],"collection":[{"href":"https:\/\/www.claret.cat\/es\/wp-json\/wp\/v2\/product"}],"about":[{"href":"https:\/\/www.claret.cat\/es\/wp-json\/wp\/v2\/types\/product"}],"wp:featuredmedia":[{"embeddable":true,"href":"https:\/\/www.claret.cat\/es\/wp-json\/wp\/v2\/media\/142267"}],"wp:attachment":[{"href":"https:\/\/www.claret.cat\/es\/wp-json\/wp\/v2\/media?parent=142266"}],"wp:term":[{"taxonomy":"product_brand","embeddable":true,"href":"https:\/\/www.claret.cat\/es\/wp-json\/wp\/v2\/product_brand?post=142266"},{"taxonomy":"product_cat","embeddable":true,"href":"https:\/\/www.claret.cat\/es\/wp-json\/wp\/v2\/product_cat?post=142266"},{"taxonomy":"product_tag","embeddable":true,"href":"https:\/\/www.claret.cat\/es\/wp-json\/wp\/v2\/product_tag?post=142266"}],"curies":[{"name":"wp","href":"https:\/\/api.w.org\/{rel}","templated":true}]}}