{"id":142329,"date":"2022-10-13T13:30:36","date_gmt":"2022-10-13T11:30:36","guid":{"rendered":"http:\/\/dev.claret.cat\/producte\/despres-del-proces-que\/"},"modified":"2023-01-28T18:57:32","modified_gmt":"2023-01-28T17:57:32","slug":"despres-del-proces-que-9788413030401","status":"publish","type":"product","link":"https:\/\/www.claret.cat\/es\/libro\/despres-del-proces-que-9788413030401\/","title":{"rendered":"DESPR\u00c9S DEL PROC\u00c9S, QU\u00c8?"},"content":{"rendered":"<p>En el llibre s\u2019hi ajunten tan reflexions generals com sectorials sobre, per exemple, les relacions entre independentisme i moviments socials, els reptes del feminisme republic\u00e0, la gesti\u00f3 de la repressi\u00f3 de l\u2019Estat o les oportunitats per bastir un sindicalisme nacionalment<br \/>autocentrat. La caracter\u00edstica comuna de totes elles \u00e9s la voluntat de tractar de manera concreta problem\u00e0tiques candents i debats irresolts de l\u2019independentisme, tenint com a guia principal la voluntat de mirar m\u00e9s al futur que al passat, \u00e9s a dir, de proposar m\u00e9s que criticar.<br \/>Ara tot just comen\u00e7a l\u2019hora de la generaci\u00f3 que ha crescut pol\u00edticament durant el proc\u00e9s, que nom\u00e9s ha fet pol\u00edtica en proc\u00e9s. D\u2019una generaci\u00f3, per tant, que tot i recordar el fangar de l\u2019autonomisme, ha crescut amb la perspectiva de la independ\u00e8ncia a tocar. Que no s\u2019equivoquin, que aix\u00f2 nom\u00e9s ha fet que comen\u00e7ar.<\/p>\n","protected":false},"excerpt":{"rendered":"<p>FONT, ADRIA \/ VILA, MIQUEL\/ MIR\u00d3, JOAN\/ VIVES, JORDI<\/p>\n","protected":false},"featured_media":142330,"template":"","meta":{"_acf_changed":false,"om_disable_all_campaigns":false,"rs_blank_template":"","rs_page_bg_color":"","slide_template_v7":"","inline_featured_image":false,"_monsterinsights_skip_tracking":false,"_monsterinsights_sitenote_active":false,"_monsterinsights_sitenote_note":"","_monsterinsights_sitenote_category":0},"product_brand":[],"product_cat":[120],"product_tag":[],"class_list":{"0":"post-142329","1":"product","2":"type-product","3":"status-publish","4":"has-post-thumbnail","6":"product_cat-politica","8":"first","9":"instock","10":"taxable","11":"shipping-taxable","12":"purchasable","13":"product-type-simple"},"acf":{"editorial":[{"ID":6322,"post_author":"3","post_date":"2022-07-28 17:49:42","post_date_gmt":"2022-07-28 15:49:42","post_content":"","post_title":"PAG\u00c8S EDITORS","post_excerpt":"","post_status":"publish","comment_status":"closed","ping_status":"closed","post_password":"","post_name":"pages-editors","to_ping":"","pinged":"","post_modified":"2022-07-28 17:49:42","post_modified_gmt":"2022-07-28 15:49:42","post_content_filtered":"","post_parent":0,"guid":"http:\/\/dev.claret.cat\/editorial\/pages-editors\/","menu_order":0,"post_type":"editorial","post_mime_type":"","comment_count":"0","filter":"raw"}],"autores-libros":[{"ID":165178,"post_author":"3","post_date":"2022-10-14 17:53:03","post_date_gmt":"2022-10-14 15:53:03","post_content":"","post_title":"MIQUEL VILA","post_excerpt":"","post_status":"publish","comment_status":"closed","ping_status":"closed","post_password":"","post_name":"miquel-vila","to_ping":"","pinged":"","post_modified":"2022-10-14 17:53:03","post_modified_gmt":"2022-10-14 15:53:03","post_content_filtered":"","post_parent":0,"guid":"http:\/\/dev.claret.cat\/autor\/miquel-vila\/","menu_order":0,"post_type":"autor","post_mime_type":"","comment_count":"0","filter":"raw"},{"ID":149169,"post_author":"3","post_date":"2022-10-14 14:22:42","post_date_gmt":"2022-10-14 12:22:42","post_content":"","post_title":"ADRIA FONT","post_excerpt":"","post_status":"publish","comment_status":"closed","ping_status":"closed","post_password":"","post_name":"adria-font","to_ping":"","pinged":"","post_modified":"2022-10-14 14:22:42","post_modified_gmt":"2022-10-14 12:22:42","post_content_filtered":"","post_parent":0,"guid":"http:\/\/dev.claret.cat\/autor\/adria-font\/","menu_order":0,"post_type":"autor","post_mime_type":"","comment_count":"0","filter":"raw"},{"ID":159374,"post_author":"3","post_date":"2022-10-14 15:44:19","post_date_gmt":"2022-10-14 13:44:19","post_content":"","post_title":"JOAN MIR\u00d3","post_excerpt":"","post_status":"publish","comment_status":"closed","ping_status":"closed","post_password":"","post_name":"joan-miro","to_ping":"","pinged":"","post_modified":"2022-10-14 15:44:19","post_modified_gmt":"2022-10-14 13:44:19","post_content_filtered":"","post_parent":0,"guid":"http:\/\/dev.claret.cat\/autor\/joan-miro\/","menu_order":0,"post_type":"autor","post_mime_type":"","comment_count":"0","filter":"raw"},{"ID":160037,"post_author":"3","post_date":"2022-10-14 15:49:47","post_date_gmt":"2022-10-14 13:49:47","post_content":"","post_title":"JORDI VIVES","post_excerpt":"","post_status":"publish","comment_status":"closed","ping_status":"closed","post_password":"","post_name":"jordi-vives","to_ping":"","pinged":"","post_modified":"2022-10-14 15:49:47","post_modified_gmt":"2022-10-14 13:49:47","post_content_filtered":"","post_parent":0,"guid":"http:\/\/dev.claret.cat\/autor\/jordi-vives\/","menu_order":0,"post_type":"autor","post_mime_type":"","comment_count":"0","filter":"raw"}],"autor":"FONT, ADRIA \/ VILA, MIQUEL\/ MIR\u00d3, JOAN\/ VIVES, JORDI","codart":"841303040","libros-coleccion":"Monografies","ediciones":"1","encuadernacion":"R\u00fastica","fecha_de_publicacion":"01\/01\/2019","novedad":"1","paginas":"256","subtitulo":"REFLEXIONS DE LA GENERACI\u00d3 QUE VE","orden":"0","portada":"0","idioma":"cat"},"aioseo_notices":[],"_links":{"self":[{"href":"https:\/\/www.claret.cat\/es\/wp-json\/wp\/v2\/product\/142329","targetHints":{"allow":["GET"]}}],"collection":[{"href":"https:\/\/www.claret.cat\/es\/wp-json\/wp\/v2\/product"}],"about":[{"href":"https:\/\/www.claret.cat\/es\/wp-json\/wp\/v2\/types\/product"}],"wp:featuredmedia":[{"embeddable":true,"href":"https:\/\/www.claret.cat\/es\/wp-json\/wp\/v2\/media\/142330"}],"wp:attachment":[{"href":"https:\/\/www.claret.cat\/es\/wp-json\/wp\/v2\/media?parent=142329"}],"wp:term":[{"taxonomy":"product_brand","embeddable":true,"href":"https:\/\/www.claret.cat\/es\/wp-json\/wp\/v2\/product_brand?post=142329"},{"taxonomy":"product_cat","embeddable":true,"href":"https:\/\/www.claret.cat\/es\/wp-json\/wp\/v2\/product_cat?post=142329"},{"taxonomy":"product_tag","embeddable":true,"href":"https:\/\/www.claret.cat\/es\/wp-json\/wp\/v2\/product_tag?post=142329"}],"curies":[{"name":"wp","href":"https:\/\/api.w.org\/{rel}","templated":true}]}}