{"id":142371,"date":"2022-10-13T13:31:10","date_gmt":"2022-10-13T11:31:10","guid":{"rendered":"http:\/\/dev.claret.cat\/producte\/14-de-juliol-2\/"},"modified":"2024-01-31T20:10:04","modified_gmt":"2024-01-31T19:10:04","slug":"14-de-juliol-9788429777505","status":"publish","type":"product","link":"https:\/\/www.claret.cat\/es\/libro\/14-de-juliol-9788429777505\/","title":{"rendered":"14 DE JULIOL"},"content":{"rendered":"<p>Un relat cr\u00f2nica hist\u00f2rica, de l?estil de L?ordre del dia, sobre els dies d?abans, durant i despr\u00e9s<br \/>de la presa de la Bastilla. Una pintura general del que va passar i del perqu\u00e8. Mostra les circumst\u00e0ncies<br \/>(fam, decisions pol\u00edtiques err\u00f2nies, pobresa&#8230;) que van possibilitar l?esclat de viol\u00e8ncia.<br \/>Tal com passa a L?ordre del dia, el punt de vista \u00e9s moral i pol\u00edtic i apunta a la idea que avui dia<br \/>estem en una situaci\u00f3 comparable.<\/p>\n","protected":false},"excerpt":{"rendered":"<p>VUILLARD, \u00c9RIC<\/p>\n","protected":false},"featured_media":142372,"template":"","meta":{"_acf_changed":false,"om_disable_all_campaigns":false,"rs_blank_template":"","rs_page_bg_color":"","slide_template_v7":"","inline_featured_image":false,"_monsterinsights_skip_tracking":false,"_monsterinsights_sitenote_active":false,"_monsterinsights_sitenote_note":"","_monsterinsights_sitenote_category":0},"product_brand":[],"product_cat":[87,353],"product_tag":[],"class_list":{"0":"post-142371","1":"product","2":"type-product","3":"status-publish","4":"has-post-thumbnail","6":"product_cat-literatura","7":"product_cat-literatura-2_humanidades","9":"first","10":"instock","11":"taxable","12":"shipping-taxable","13":"purchasable","14":"product-type-simple"},"acf":{"editorial":[{"ID":6210,"post_author":"3","post_date":"2022-07-28 17:47:13","post_date_gmt":"2022-07-28 15:47:13","post_content":"","post_title":"Edicions 62","post_excerpt":"","post_status":"publish","comment_status":"closed","ping_status":"closed","post_password":"","post_name":"edicions-62","to_ping":"","pinged":"","post_modified":"2022-07-28 17:47:13","post_modified_gmt":"2022-07-28 15:47:13","post_content_filtered":"","post_parent":0,"guid":"http:\/\/dev.claret.cat\/editorial\/edicions-62\/","menu_order":0,"post_type":"editorial","post_mime_type":"","comment_count":"0","filter":"raw"}],"autor":"VUILLARD, \u00c9RIC","codart":"842977750","libros-coleccion":"El Balanc\u00ed","ediciones":"1","encuadernacion":"R\u00fastica","fecha_de_publicacion":"01\/01\/2019","novedad":"1","paginas":"181","subtitulo":"","orden":"0","portada":"0","idioma":"cat","autores-libros":[{"ID":155270,"post_author":"3","post_date":"2022-10-14 15:11:30","post_date_gmt":"2022-10-14 13:11:30","post_content":"","post_title":"\u00c9RIC VUILLARD","post_excerpt":"","post_status":"publish","comment_status":"closed","ping_status":"closed","post_password":"","post_name":"eric-vuillard","to_ping":"","pinged":"","post_modified":"2022-10-14 15:11:30","post_modified_gmt":"2022-10-14 13:11:30","post_content_filtered":"","post_parent":0,"guid":"http:\/\/dev.claret.cat\/autor\/eric-vuillard\/","menu_order":0,"post_type":"autor","post_mime_type":"","comment_count":"0","filter":"raw"}]},"aioseo_notices":[],"_links":{"self":[{"href":"https:\/\/www.claret.cat\/es\/wp-json\/wp\/v2\/product\/142371","targetHints":{"allow":["GET"]}}],"collection":[{"href":"https:\/\/www.claret.cat\/es\/wp-json\/wp\/v2\/product"}],"about":[{"href":"https:\/\/www.claret.cat\/es\/wp-json\/wp\/v2\/types\/product"}],"wp:featuredmedia":[{"embeddable":true,"href":"https:\/\/www.claret.cat\/es\/wp-json\/wp\/v2\/media\/142372"}],"wp:attachment":[{"href":"https:\/\/www.claret.cat\/es\/wp-json\/wp\/v2\/media?parent=142371"}],"wp:term":[{"taxonomy":"product_brand","embeddable":true,"href":"https:\/\/www.claret.cat\/es\/wp-json\/wp\/v2\/product_brand?post=142371"},{"taxonomy":"product_cat","embeddable":true,"href":"https:\/\/www.claret.cat\/es\/wp-json\/wp\/v2\/product_cat?post=142371"},{"taxonomy":"product_tag","embeddable":true,"href":"https:\/\/www.claret.cat\/es\/wp-json\/wp\/v2\/product_tag?post=142371"}],"curies":[{"name":"wp","href":"https:\/\/api.w.org\/{rel}","templated":true}]}}