{"id":142386,"date":"2022-10-13T13:31:23","date_gmt":"2022-10-13T11:31:23","guid":{"rendered":"http:\/\/dev.claret.cat\/producte\/arriesga-la-aventura-del-amor\/"},"modified":"2024-05-02T06:03:28","modified_gmt":"2024-05-02T04:03:28","slug":"arriesga-la-aventura-del-amor-9788428833196","status":"publish","type":"product","link":"https:\/\/www.claret.cat\/es\/libro\/arriesga-la-aventura-del-amor-9788428833196\/","title":{"rendered":"\u00a1ARRIESGA&#8230;! LA AVENTURA DEL AMOR"},"content":{"rendered":"<p>La vida es una gran aventura y una ruleta movida por el deseo de amar y ser amado. Y hay personas que han consagrado su vida a algo m\u00e1s grande que a s\u00ed mismas: amar y servir; este podr\u00eda ser el lema de estos h\u00e9roes. Dice el papa Francisco: &#8216;\u00bfC\u00f3mo podemos despertar la grandeza y la valent\u00eda de elecciones de gran calado, de impulsos del coraz\u00f3n, para afrontar desaf\u00edos educativos y afectivos? La palabra la he dicho tantas veces: \u00a1arriesga!&#8217;. Para alcanzar la plenitud y cumplir el lema de &#8216;amar y servir&#8217;, cada uno debe transformar muchas cosas en su interior. Este libro pretende hacer un servicio de acompa\u00f1amiento al proceso de madurez en la fe. Arrancando en diferentes pel\u00edculas, cada cap\u00edtulo trabaja una serie de ense\u00f1anzas y entrenamientos, que concluyen con un salmo.<\/p>\n","protected":false},"excerpt":{"rendered":"<p>ACOSTA PESO, RAM\u00d3N; CRESPO HIDALGO, ALFONSO<\/p>\n","protected":false},"featured_media":337859,"template":"","meta":{"_acf_changed":false,"om_disable_all_campaigns":false,"rs_blank_template":"","rs_page_bg_color":"","slide_template_v7":"","inline_featured_image":false,"_monsterinsights_skip_tracking":false,"_monsterinsights_sitenote_active":false,"_monsterinsights_sitenote_note":"","_monsterinsights_sitenote_category":0},"product_brand":[],"product_cat":[77,343,566,117],"product_tag":[],"class_list":{"0":"post-142386","1":"product","2":"type-product","3":"status-publish","4":"has-post-thumbnail","6":"product_cat-catequesi","7":"product_cat-catequesis","8":"product_cat-juvenil-3_infantil-juvenil-spa-spa","9":"product_cat-juvenil","11":"first","12":"instock","13":"taxable","14":"shipping-taxable","15":"purchasable","16":"product-type-simple"},"acf":{"editorial":[{"ID":6335,"post_author":"3","post_date":"2022-07-28 17:49:59","post_date_gmt":"2022-07-28 15:49:59","post_content":"","post_title":"PPC altres","post_excerpt":"","post_status":"publish","comment_status":"closed","ping_status":"closed","post_password":"","post_name":"ppc-altres","to_ping":"","pinged":"","post_modified":"2022-07-28 17:49:59","post_modified_gmt":"2022-07-28 15:49:59","post_content_filtered":"","post_parent":0,"guid":"http:\/\/dev.claret.cat\/editorial\/ppc-altres\/","menu_order":0,"post_type":"editorial","post_mime_type":"","comment_count":"0","filter":"raw"}],"autor":"ACOSTA PESO, RAM\u00d3N; CRESPO HIDALGO, ALFONSO","codart":"842883319","libros-coleccion":"Pastoral escolar","ediciones":"1","encuadernacion":"R\u00fastica","fecha_de_publicacion":"28\/01\/2019","novedad":"1","paginas":"176","subtitulo":"LA AVENTURA DEL AMOR","orden":"0","portada":"0","idioma":"spa","autores-libros":[{"ID":149753,"post_author":"3","post_date":"2022-10-14 14:27:25","post_date_gmt":"2022-10-14 12:27:25","post_content":"","post_title":"ALFONSO CRESPO HIDALGO","post_excerpt":"","post_status":"publish","comment_status":"closed","ping_status":"closed","post_password":"","post_name":"alfonso-crespo-hidalgo","to_ping":"","pinged":"","post_modified":"2022-10-14 14:27:25","post_modified_gmt":"2022-10-14 12:27:25","post_content_filtered":"","post_parent":0,"guid":"http:\/\/dev.claret.cat\/autor\/alfonso-crespo-hidalgo\/","menu_order":0,"post_type":"autor","post_mime_type":"","comment_count":"0","filter":"raw"},{"ID":167677,"post_author":"3","post_date":"2022-10-14 18:13:07","post_date_gmt":"2022-10-14 16:13:07","post_content":"","post_title":"RAMON ACOSTA PESO","post_excerpt":"","post_status":"publish","comment_status":"closed","ping_status":"closed","post_password":"","post_name":"ramon-acosta-peso","to_ping":"","pinged":"","post_modified":"2022-10-14 18:13:07","post_modified_gmt":"2022-10-14 16:13:07","post_content_filtered":"","post_parent":0,"guid":"http:\/\/dev.claret.cat\/autor\/ramon-acosta-peso\/","menu_order":0,"post_type":"autor","post_mime_type":"","comment_count":"0","filter":"raw"}]},"aioseo_notices":[],"_links":{"self":[{"href":"https:\/\/www.claret.cat\/es\/wp-json\/wp\/v2\/product\/142386","targetHints":{"allow":["GET"]}}],"collection":[{"href":"https:\/\/www.claret.cat\/es\/wp-json\/wp\/v2\/product"}],"about":[{"href":"https:\/\/www.claret.cat\/es\/wp-json\/wp\/v2\/types\/product"}],"wp:featuredmedia":[{"embeddable":true,"href":"https:\/\/www.claret.cat\/es\/wp-json\/wp\/v2\/media\/337859"}],"wp:attachment":[{"href":"https:\/\/www.claret.cat\/es\/wp-json\/wp\/v2\/media?parent=142386"}],"wp:term":[{"taxonomy":"product_brand","embeddable":true,"href":"https:\/\/www.claret.cat\/es\/wp-json\/wp\/v2\/product_brand?post=142386"},{"taxonomy":"product_cat","embeddable":true,"href":"https:\/\/www.claret.cat\/es\/wp-json\/wp\/v2\/product_cat?post=142386"},{"taxonomy":"product_tag","embeddable":true,"href":"https:\/\/www.claret.cat\/es\/wp-json\/wp\/v2\/product_tag?post=142386"}],"curies":[{"name":"wp","href":"https:\/\/api.w.org\/{rel}","templated":true}]}}