{"id":142419,"date":"2022-10-13T13:31:50","date_gmt":"2022-10-13T11:31:50","guid":{"rendered":"http:\/\/dev.claret.cat\/producte\/la-economia-en-100-preguntas\/"},"modified":"2025-06-03T13:30:15","modified_gmt":"2025-06-03T11:30:15","slug":"la-economia-en-100-preguntas-9788499679990","status":"publish","type":"product","link":"https:\/\/www.claret.cat\/es\/libro\/la-economia-en-100-preguntas-9788499679990\/","title":{"rendered":"LA ECONOM\u00cdA EN 100 PREGUNTAS"},"content":{"rendered":"<p>Las respuestas de esta moderna ciencia social a las grandes preguntas sobre la actividad econ\u00f3mica en la sociedad. Los conceptos b\u00e1sicos y su aplicaci\u00f3n pr\u00e1ctica, la microeconom\u00eda y la macroeconom\u00eda, la econom\u00eda aplicada y la pol\u00edtica econ\u00f3mica, las escuelas econ\u00f3micas y las relaciones entre la econom\u00eda y otras ramas del saber.<\/p>\n<p> \u00bfSaber de econom\u00eda te saca de pobre? \u00bfEs la econom\u00eda una ciencia como las dem\u00e1s? \u00bfSirve la econom\u00eda para predecir el futuro? \u00bfQui\u00e9n genera la riqueza: el empresario o el trabajador? \u00bfSon inevitables las crisis econ\u00f3micas? \u00bfPor qu\u00e9 a veces si la macroeconom\u00eda va bien la microeconom\u00eda no va bien? \u00bfEs posible una sociedad sin impuestos? \u00bfPodr\u00edamos organizarnos econ\u00f3micamente si no existiera el Estado y utilizar, por ejemplo, criptomonedas? \u00bfEs el estado de bienestar la s\u00edntesis entre liberalismo y socialismo? \u00bfEs leg\u00edtimo, \u00e9tico y moral todo lo que funciona bien econ\u00f3micamente? \u00bfPodremos acabar alguna vez con la pobreza y las desigualdades sociales?<\/p>\n","protected":false},"excerpt":{"rendered":"<p>ARMESILLA CONDE, SANTIAGO JAVIER<\/p>\n","protected":false},"featured_media":142420,"template":"","meta":{"_acf_changed":false,"om_disable_all_campaigns":false,"rs_blank_template":"","rs_page_bg_color":"","slide_template_v7":"","inline_featured_image":false,"_monsterinsights_skip_tracking":false,"_monsterinsights_sitenote_active":false,"_monsterinsights_sitenote_note":"","_monsterinsights_sitenote_category":0},"product_brand":[],"product_cat":[120,569],"product_tag":[],"class_list":{"0":"post-142419","1":"product","2":"type-product","3":"status-publish","4":"has-post-thumbnail","6":"product_cat-politica","7":"product_cat-politica-2_humanidades-spa","9":"first","10":"instock","11":"taxable","12":"shipping-taxable","13":"purchasable","14":"product-type-simple"},"acf":{"editorial":[{"ID":148589,"post_author":"3","post_date":"2022-10-14 11:59:25","post_date_gmt":"2022-10-14 09:59:25","post_content":"","post_title":"NOWTILUS EDITORIAL","post_excerpt":"","post_status":"publish","comment_status":"closed","ping_status":"closed","post_password":"","post_name":"nowtilus-editorial","to_ping":"","pinged":"","post_modified":"2022-10-14 11:59:25","post_modified_gmt":"2022-10-14 09:59:25","post_content_filtered":"","post_parent":0,"guid":"http:\/\/dev.claret.cat\/editorial\/nowtilus-editorial\/","menu_order":0,"post_type":"editorial","post_mime_type":"","comment_count":"0","filter":"raw"}],"autor":"ARMESILLA CONDE, SANTIAGO JAVIER","codart":"849967999","libros-coleccion":"100 Preguntas esenciales","ediciones":"1","encuadernacion":"R\u00fastica","fecha_de_publicacion":"01\/11\/2018","novedad":"1","paginas":"349","subtitulo":"","orden":"0","portada":"0","idioma":"spa","autores-libros":[{"ID":169053,"post_author":"3","post_date":"2022-10-14 22:24:06","post_date_gmt":"2022-10-14 20:24:06","post_content":"","post_title":"SANTIAGO JAVIER ARMESILLA CONDE","post_excerpt":"","post_status":"publish","comment_status":"closed","ping_status":"closed","post_password":"","post_name":"santiago-javier-armesilla-conde","to_ping":"","pinged":"","post_modified":"2022-10-14 22:24:06","post_modified_gmt":"2022-10-14 20:24:06","post_content_filtered":"","post_parent":0,"guid":"http:\/\/dev.claret.cat\/autor\/santiago-javier-armesilla-conde\/","menu_order":0,"post_type":"autor","post_mime_type":"","comment_count":"0","filter":"raw"}],"booktrailer":"","resenas":""},"aioseo_notices":[],"_links":{"self":[{"href":"https:\/\/www.claret.cat\/es\/wp-json\/wp\/v2\/product\/142419","targetHints":{"allow":["GET"]}}],"collection":[{"href":"https:\/\/www.claret.cat\/es\/wp-json\/wp\/v2\/product"}],"about":[{"href":"https:\/\/www.claret.cat\/es\/wp-json\/wp\/v2\/types\/product"}],"wp:featuredmedia":[{"embeddable":true,"href":"https:\/\/www.claret.cat\/es\/wp-json\/wp\/v2\/media\/142420"}],"wp:attachment":[{"href":"https:\/\/www.claret.cat\/es\/wp-json\/wp\/v2\/media?parent=142419"}],"wp:term":[{"taxonomy":"product_brand","embeddable":true,"href":"https:\/\/www.claret.cat\/es\/wp-json\/wp\/v2\/product_brand?post=142419"},{"taxonomy":"product_cat","embeddable":true,"href":"https:\/\/www.claret.cat\/es\/wp-json\/wp\/v2\/product_cat?post=142419"},{"taxonomy":"product_tag","embeddable":true,"href":"https:\/\/www.claret.cat\/es\/wp-json\/wp\/v2\/product_tag?post=142419"}],"curies":[{"name":"wp","href":"https:\/\/api.w.org\/{rel}","templated":true}]}}