{"id":142482,"date":"2022-10-13T13:32:44","date_gmt":"2022-10-13T11:32:44","guid":{"rendered":"http:\/\/dev.claret.cat\/producte\/abba-el-mensaje-central-del-nuevo-testamento\/"},"modified":"2026-04-16T17:30:29","modified_gmt":"2026-04-16T15:30:29","slug":"abba-el-mensaje-central-del-nuevo-testamento-9788430120208","status":"publish","type":"product","link":"https:\/\/www.claret.cat\/es\/libro\/abba-el-mensaje-central-del-nuevo-testamento-9788430120208\/","title":{"rendered":"ABBA. EL MENSAJE CENTRAL DEL NUEVO TESTAMENTO"},"content":{"rendered":"<p>El presente volumen contiene diversos estudios y art\u00edculos que recogen las mejores aportaciones del gran exegeta protestante Joachim Jeremias.<br \/>Dos son sus n\u00facleos principales. Por su parte, el problema del Jes\u00fas hist\u00f3rico y su mensaje, la necesidad de conectar directamente con la persona del profeta de Natzaret, con su acci\u00f3n su \u00abmism\u00edsima palabra\u00bb y la conciencia que ten\u00eda de s\u00ed.<br \/>Por otra parte, el empe\u00f1o por determinar cu\u00e1l es el mensaje central del Nuevo Testamento, el n\u00facleo que genera, condensa e ilumina toda la predicaci\u00f3n de Jes\u00fas.<\/p>\n","protected":false},"excerpt":{"rendered":"<p>JEREMIAS, JOACHIM<\/p>\n","protected":false},"featured_media":342236,"template":"","meta":{"_acf_changed":false,"om_disable_all_campaigns":false,"rs_blank_template":"","rs_page_bg_color":"","slide_template_v7":"","inline_featured_image":false,"_monsterinsights_skip_tracking":false,"_monsterinsights_sitenote_active":false,"_monsterinsights_sitenote_note":"","_monsterinsights_sitenote_category":0},"product_brand":[],"product_cat":[75,341,541,91],"product_tag":[],"class_list":{"0":"post-142482","1":"product","2":"type-product","3":"status-publish","4":"has-post-thumbnail","6":"product_cat-biblia","7":"product_cat-biblia-es","8":"product_cat-cristologia-1_espiritualidad-spa","9":"product_cat-cristologia","11":"first","12":"instock","13":"taxable","14":"shipping-taxable","15":"purchasable","16":"product-type-simple"},"acf":{"editorial":[{"ID":6364,"post_author":"3","post_date":"2022-07-28 17:50:36","post_date_gmt":"2022-07-28 15:50:36","post_content":"","post_title":"S\u00edgueme","post_excerpt":"","post_status":"publish","comment_status":"closed","ping_status":"closed","post_password":"","post_name":"sigueme","to_ping":"","pinged":"","post_modified":"2022-07-28 17:50:36","post_modified_gmt":"2022-07-28 15:50:36","post_content_filtered":"","post_parent":0,"guid":"http:\/\/dev.claret.cat\/editorial\/sigueme\/","menu_order":0,"post_type":"editorial","post_mime_type":"","comment_count":"0","filter":"raw"}],"autor":"JEREMIAS, JOACHIM","codart":"843012020","libros-coleccion":"BIBLIOTECA DE ESTUDIOS B\u00cdBLICOS","ediciones":"1","encuadernacion":"R\u00fastica","fecha_de_publicacion":"25\/01\/2019","novedad":"1","paginas":"352","subtitulo":"EL MENSAJE CENTRAL DEL NUEVO TESTAMENTO","orden":"0","portada":"0","idioma":"spa","autores-libros":[{"ID":159230,"post_author":"3","post_date":"2022-10-14 15:43:09","post_date_gmt":"2022-10-14 13:43:09","post_content":"","post_title":"JOACHIM JEREMIAS","post_excerpt":"","post_status":"publish","comment_status":"closed","ping_status":"closed","post_password":"","post_name":"joachim-jeremias","to_ping":"","pinged":"","post_modified":"2022-10-14 15:43:09","post_modified_gmt":"2022-10-14 13:43:09","post_content_filtered":"","post_parent":0,"guid":"http:\/\/dev.claret.cat\/autor\/joachim-jeremias\/","menu_order":0,"post_type":"autor","post_mime_type":"","comment_count":"0","filter":"raw"}],"booktrailer":"","resenas":""},"aioseo_notices":[],"_links":{"self":[{"href":"https:\/\/www.claret.cat\/es\/wp-json\/wp\/v2\/product\/142482","targetHints":{"allow":["GET"]}}],"collection":[{"href":"https:\/\/www.claret.cat\/es\/wp-json\/wp\/v2\/product"}],"about":[{"href":"https:\/\/www.claret.cat\/es\/wp-json\/wp\/v2\/types\/product"}],"wp:featuredmedia":[{"embeddable":true,"href":"https:\/\/www.claret.cat\/es\/wp-json\/wp\/v2\/media\/342236"}],"wp:attachment":[{"href":"https:\/\/www.claret.cat\/es\/wp-json\/wp\/v2\/media?parent=142482"}],"wp:term":[{"taxonomy":"product_brand","embeddable":true,"href":"https:\/\/www.claret.cat\/es\/wp-json\/wp\/v2\/product_brand?post=142482"},{"taxonomy":"product_cat","embeddable":true,"href":"https:\/\/www.claret.cat\/es\/wp-json\/wp\/v2\/product_cat?post=142482"},{"taxonomy":"product_tag","embeddable":true,"href":"https:\/\/www.claret.cat\/es\/wp-json\/wp\/v2\/product_tag?post=142482"}],"curies":[{"name":"wp","href":"https:\/\/api.w.org\/{rel}","templated":true}]}}