{"id":142491,"date":"2022-10-13T13:32:51","date_gmt":"2022-10-13T11:32:51","guid":{"rendered":"http:\/\/dev.claret.cat\/producte\/ser-discipulo\/"},"modified":"2026-02-02T11:56:14","modified_gmt":"2026-02-02T10:56:14","slug":"ser-discipulo-9788430120222","status":"publish","type":"product","link":"https:\/\/www.claret.cat\/es\/libro\/ser-discipulo-9788430120222\/","title":{"rendered":"SER DISC\u00cdPULO"},"content":{"rendered":"<p>Quien movido por el Esp\u00edritu decide hoy servir a Jes\u00fas, no tardar\u00e1 mucho en darse cuenta de que, si no quiere extraviarse por sendas extra\u00f1as, precisa conocer y practicar los rasgos esenciales de la existencia cristiana.<br \/>Porque ser disc\u00edpulo de Jes\u00fas es nutrir la vida con el alimento de la fe, de la esperanza y, sobre todo, del amor.<br \/>Quien desea seguir al Maestro aprende a acoger el perd\u00f3n de Dios y a practicarlo, primero con uno mismo y luego con los dem\u00e1s.<br \/>Porque el verdadero disc\u00edpulo se esfuerza en crecer d\u00eda a d\u00eda en la santidad con sosiego, con alegr\u00eda y siempre con libertad.<br \/>Ser disc\u00edpulo requiere, en fin, estar atento a los signos de la presencia de Jes\u00fas en la vida cotidiana y en hacerse hermano de quienes m\u00e1s lo necesitan.<\/p>\n","protected":false},"excerpt":{"rendered":"<p>WILLIAMS, ROWAN<\/p>\n","protected":false},"featured_media":1080185,"template":"","meta":{"_acf_changed":false,"om_disable_all_campaigns":false,"rs_blank_template":"","rs_page_bg_color":"","slide_template_v7":"","inline_featured_image":false,"_monsterinsights_skip_tracking":false,"_monsterinsights_sitenote_active":false,"_monsterinsights_sitenote_note":"","_monsterinsights_sitenote_category":0},"product_brand":[],"product_cat":[341,75,93,543,345,79,342,76],"product_tag":[],"class_list":{"0":"post-142491","1":"product","2":"type-product","3":"status-publish","4":"has-post-thumbnail","6":"product_cat-biblia-es","7":"product_cat-biblia","8":"product_cat-eclesiologia","9":"product_cat-eclesiologia-es","10":"product_cat-espiritualidad","11":"product_cat-espiritualitat","12":"product_cat-teologia-1_espiritualidad","13":"product_cat-teologia","15":"first","16":"instock","17":"taxable","18":"shipping-taxable","19":"purchasable","20":"product-type-simple"},"acf":{"editorial":[{"ID":6364,"post_author":"3","post_date":"2022-07-28 17:50:36","post_date_gmt":"2022-07-28 15:50:36","post_content":"","post_title":"S\u00edgueme","post_excerpt":"","post_status":"publish","comment_status":"closed","ping_status":"closed","post_password":"","post_name":"sigueme","to_ping":"","pinged":"","post_modified":"2022-07-28 17:50:36","post_modified_gmt":"2022-07-28 15:50:36","post_content_filtered":"","post_parent":0,"guid":"http:\/\/dev.claret.cat\/editorial\/sigueme\/","menu_order":0,"post_type":"editorial","post_mime_type":"","comment_count":"0","filter":"raw"}],"autor":"WILLIAMS, ROWAN","codart":"843012022","libros-coleccion":"Nueva Alianza","ediciones":"1","encuadernacion":"R\u00fastica","fecha_de_publicacion":"25\/01\/2019","novedad":"1","paginas":"128","subtitulo":"RASGOS ESENCIALES DE LA VIDA CRISTIANA","orden":"0","portada":"0","idioma":"spa","autores-libros":[{"ID":168622,"post_author":"3","post_date":"2022-10-14 22:20:35","post_date_gmt":"2022-10-14 20:20:35","post_content":"","post_title":"ROWAN WILLIAMS","post_excerpt":"","post_status":"publish","comment_status":"closed","ping_status":"closed","post_password":"","post_name":"rowan-williams","to_ping":"","pinged":"","post_modified":"2022-10-14 22:20:35","post_modified_gmt":"2022-10-14 20:20:35","post_content_filtered":"","post_parent":0,"guid":"http:\/\/dev.claret.cat\/autor\/rowan-williams\/","menu_order":0,"post_type":"autor","post_mime_type":"","comment_count":"0","filter":"raw"}],"booktrailer":"","resenas":""},"aioseo_notices":[],"_links":{"self":[{"href":"https:\/\/www.claret.cat\/es\/wp-json\/wp\/v2\/product\/142491","targetHints":{"allow":["GET"]}}],"collection":[{"href":"https:\/\/www.claret.cat\/es\/wp-json\/wp\/v2\/product"}],"about":[{"href":"https:\/\/www.claret.cat\/es\/wp-json\/wp\/v2\/types\/product"}],"wp:featuredmedia":[{"embeddable":true,"href":"https:\/\/www.claret.cat\/es\/wp-json\/wp\/v2\/media\/1080185"}],"wp:attachment":[{"href":"https:\/\/www.claret.cat\/es\/wp-json\/wp\/v2\/media?parent=142491"}],"wp:term":[{"taxonomy":"product_brand","embeddable":true,"href":"https:\/\/www.claret.cat\/es\/wp-json\/wp\/v2\/product_brand?post=142491"},{"taxonomy":"product_cat","embeddable":true,"href":"https:\/\/www.claret.cat\/es\/wp-json\/wp\/v2\/product_cat?post=142491"},{"taxonomy":"product_tag","embeddable":true,"href":"https:\/\/www.claret.cat\/es\/wp-json\/wp\/v2\/product_tag?post=142491"}],"curies":[{"name":"wp","href":"https:\/\/api.w.org\/{rel}","templated":true}]}}