{"id":142698,"date":"2022-10-13T13:35:42","date_gmt":"2022-10-13T11:35:42","guid":{"rendered":"http:\/\/dev.claret.cat\/producte\/aprende-ingles-desde-cero\/"},"modified":"2023-01-28T16:56:24","modified_gmt":"2023-01-28T15:56:24","slug":"aprende-ingles-desde-cero-9788416667680","status":"publish","type":"product","link":"https:\/\/www.claret.cat\/es\/libro\/aprende-ingles-desde-cero-9788416667680\/","title":{"rendered":"APRENDE INGL\u00c9S DESDE CERO"},"content":{"rendered":"<p>Aprende ingl\u00e9s desde cero es un curso que combina la gram\u00e1tica con vocabulario, pronunciaci\u00f3n, errores comunes, expresiones \u00fatiles y otros aspectos fundamentales del ingl\u00e9s para ofrecer una experiencia completa a aquellas personas con un nivel principiante. Est\u00e1 pensado tanto para los que tienen algunas nociones b\u00e1sicas del ingl\u00e9s como para los que necesitan empezar a aprender ingl\u00e9s desde cero.<br \/>Aprende ingl\u00e9s desde cero ense\u00f1a el ingl\u00e9s de manera pr\u00e1ctica, concisa, din\u00e1mica y f\u00e1cil de entender a trav\u00e9s de cap\u00edtulos cortos en los que abundan los ejemplos. <br \/>La clave para llevar a cabo con \u00e9xito este curso es la constancia. Si dedicas 15 minutos al d\u00eda a estudiar un cap\u00edtulo junto con su correspondiente audio, pronto ver\u00e1s que construir una base s\u00f3lida del ingl\u00e9s no es tan dif\u00edcil como pensabas.<\/p>\n","protected":false},"excerpt":{"rendered":"<p>VAUGHAN, RICHARD \/ BROWN, RICHARD \/ MART\u00cdNEZ FREUND, CLAUDIA \/ VALLEJO, CARMEN<\/p>\n","protected":false},"featured_media":142699,"template":"","meta":{"_acf_changed":false,"om_disable_all_campaigns":false,"rs_blank_template":"","rs_page_bg_color":"","slide_template_v7":"","inline_featured_image":false,"_monsterinsights_skip_tracking":false,"_monsterinsights_sitenote_active":false,"_monsterinsights_sitenote_note":"","_monsterinsights_sitenote_category":0},"product_brand":[],"product_cat":[109,98],"product_tag":[],"class_list":{"0":"post-142698","1":"product","2":"type-product","3":"status-publish","4":"has-post-thumbnail","6":"product_cat-angles","7":"product_cat-diccionaris","9":"first","10":"instock","11":"taxable","12":"shipping-taxable","13":"purchasable","14":"product-type-simple"},"acf":{"editorial":[{"ID":148954,"post_author":"3","post_date":"2022-10-14 12:02:18","post_date_gmt":"2022-10-14 10:02:18","post_content":"","post_title":"VAUGHAN","post_excerpt":"","post_status":"publish","comment_status":"closed","ping_status":"closed","post_password":"","post_name":"vaughan","to_ping":"","pinged":"","post_modified":"2022-10-14 12:02:18","post_modified_gmt":"2022-10-14 10:02:18","post_content_filtered":"","post_parent":0,"guid":"http:\/\/dev.claret.cat\/editorial\/vaughan\/","menu_order":0,"post_type":"editorial","post_mime_type":"","comment_count":"0","filter":"raw"}],"autores-libros":[{"ID":168120,"post_author":"3","post_date":"2022-10-14 18:16:41","post_date_gmt":"2022-10-14 16:16:41","post_content":"","post_title":"RICHARD VAUGHAN","post_excerpt":"","post_status":"publish","comment_status":"closed","ping_status":"closed","post_password":"","post_name":"richard-vaughan","to_ping":"","pinged":"","post_modified":"2022-10-14 18:16:41","post_modified_gmt":"2022-10-14 16:16:41","post_content_filtered":"","post_parent":0,"guid":"http:\/\/dev.claret.cat\/autor\/richard-vaughan\/","menu_order":0,"post_type":"autor","post_mime_type":"","comment_count":"0","filter":"raw"},{"ID":168081,"post_author":"3","post_date":"2022-10-14 18:16:22","post_date_gmt":"2022-10-14 16:16:22","post_content":"","post_title":"RICHARD BROWN","post_excerpt":"","post_status":"publish","comment_status":"closed","ping_status":"closed","post_password":"","post_name":"richard-brown","to_ping":"","pinged":"","post_modified":"2022-10-14 18:16:22","post_modified_gmt":"2022-10-14 16:16:22","post_content_filtered":"","post_parent":0,"guid":"http:\/\/dev.claret.cat\/autor\/richard-brown\/","menu_order":0,"post_type":"autor","post_mime_type":"","comment_count":"0","filter":"raw"},{"ID":153090,"post_author":"3","post_date":"2022-10-14 14:53:59","post_date_gmt":"2022-10-14 12:53:59","post_content":"","post_title":"CLAUDIA MART\u00cdNEZ FREUND","post_excerpt":"","post_status":"publish","comment_status":"closed","ping_status":"closed","post_password":"","post_name":"claudia-martinez-freund","to_ping":"","pinged":"","post_modified":"2022-10-14 14:53:59","post_modified_gmt":"2022-10-14 12:53:59","post_content_filtered":"","post_parent":0,"guid":"http:\/\/dev.claret.cat\/autor\/claudia-martinez-freund\/","menu_order":0,"post_type":"autor","post_mime_type":"","comment_count":"0","filter":"raw"},{"ID":152452,"post_author":"3","post_date":"2022-10-14 14:48:53","post_date_gmt":"2022-10-14 12:48:53","post_content":"","post_title":"CARMEN VALLEJO","post_excerpt":"","post_status":"publish","comment_status":"closed","ping_status":"closed","post_password":"","post_name":"carmen-vallejo","to_ping":"","pinged":"","post_modified":"2022-10-14 14:48:53","post_modified_gmt":"2022-10-14 12:48:53","post_content_filtered":"","post_parent":0,"guid":"http:\/\/dev.claret.cat\/autor\/carmen-vallejo\/","menu_order":0,"post_type":"autor","post_mime_type":"","comment_count":"0","filter":"raw"}],"autor":"VAUGHAN, RICHARD \/ BROWN, RICHARD \/ MART\u00cdNEZ FREUND, CLAUDIA \/ VALLEJO, CARMEN","codart":"841666768","libros-coleccion":"METODO VAUGHAN","ediciones":"1","encuadernacion":"R\u00fastica","fecha_de_publicacion":"01\/01\/2019","novedad":"1","paginas":"406","subtitulo":"CURSO DE INGL\u00c9S PARA PRINCIPIANTES","orden":"0","portada":"0","idioma":"spa"},"aioseo_notices":[],"_links":{"self":[{"href":"https:\/\/www.claret.cat\/es\/wp-json\/wp\/v2\/product\/142698","targetHints":{"allow":["GET"]}}],"collection":[{"href":"https:\/\/www.claret.cat\/es\/wp-json\/wp\/v2\/product"}],"about":[{"href":"https:\/\/www.claret.cat\/es\/wp-json\/wp\/v2\/types\/product"}],"wp:featuredmedia":[{"embeddable":true,"href":"https:\/\/www.claret.cat\/es\/wp-json\/wp\/v2\/media\/142699"}],"wp:attachment":[{"href":"https:\/\/www.claret.cat\/es\/wp-json\/wp\/v2\/media?parent=142698"}],"wp:term":[{"taxonomy":"product_brand","embeddable":true,"href":"https:\/\/www.claret.cat\/es\/wp-json\/wp\/v2\/product_brand?post=142698"},{"taxonomy":"product_cat","embeddable":true,"href":"https:\/\/www.claret.cat\/es\/wp-json\/wp\/v2\/product_cat?post=142698"},{"taxonomy":"product_tag","embeddable":true,"href":"https:\/\/www.claret.cat\/es\/wp-json\/wp\/v2\/product_tag?post=142698"}],"curies":[{"name":"wp","href":"https:\/\/api.w.org\/{rel}","templated":true}]}}