{"id":142851,"date":"2022-10-13T13:37:46","date_gmt":"2022-10-13T11:37:46","guid":{"rendered":"http:\/\/dev.claret.cat\/producte\/psicodiagnostico-clinico-infantil\/"},"modified":"2023-01-28T21:30:01","modified_gmt":"2023-01-28T20:30:01","slug":"psicodiagnostico-clinico-infantil-9788447532452","status":"publish","type":"product","link":"https:\/\/www.claret.cat\/es\/libro\/psicodiagnostico-clinico-infantil-9788447532452\/","title":{"rendered":"PSICODIAGN\u00d3STICO CL\u00cdNICO INFANTIL"},"content":{"rendered":"<p>Esta obra constituye la intersecci\u00f3n, a lo largo de d\u00e9cadas, de encuentros muy diversos y enriquecedores entre mis alumnos de Psicodiagn\u00f3stico Infantil, Psicodiagn\u00f3stico, Tests Proyectivos y Test de Rorschach, un equipo de profesionales de un Centro de Diagn\u00f3stico y Tratamiento en una \u00e1rea suburbial de Barcelona, y otros psic\u00f3logos, terapeutas y psicoanalistas de la Psicolog\u00eda acad\u00e9mica y de instituciones privadas. .Su contenido est\u00e1 especialmente orientado a estudiantes de Psicolog\u00eda de pregrado, postgrado y Master, as\u00ed como a todos aquellos psic\u00f3logos cl\u00ednicos que conciben el Psicodiagn\u00f3stico -Evaluaci\u00f3n Psicol\u00f3gica- como un proceso vinculado a la indicaci\u00f3n, aplicaci\u00f3n y evaluaci\u00f3n del tratamiento psicol\u00f3gico, y cuyo objetivo profesional sea favorecer el proceso de pensamiento, cualquiera que fuere el procedimiento o m\u00e9todo de intervenci\u00f3n aplicado<\/p>\n","protected":false},"excerpt":{"rendered":"<p>VIVES GOMILA, MARIA<\/p>\n","protected":false},"featured_media":142852,"template":"","meta":{"_acf_changed":false,"om_disable_all_campaigns":false,"rs_blank_template":"","rs_page_bg_color":"","slide_template_v7":"","inline_featured_image":false,"_monsterinsights_skip_tracking":false,"_monsterinsights_sitenote_active":false,"_monsterinsights_sitenote_note":"","_monsterinsights_sitenote_category":0},"product_brand":[],"product_cat":[81],"product_tag":[],"class_list":{"0":"post-142851","1":"product","2":"type-product","3":"status-publish","4":"has-post-thumbnail","6":"product_cat-psicologia","8":"first","9":"instock","10":"taxable","11":"shipping-taxable","12":"purchasable","13":"product-type-simple"},"acf":{"autor":"VIVES GOMILA, MARIA","codart":"844753245","libros-coleccion":"","ediciones":"1","encuadernacion":"R\u00fastica","fecha_de_publicacion":"01\/01\/2008","novedad":"0","paginas":"230","subtitulo":"","orden":"0","portada":"0","idioma":"spa","editorial":[{"ID":148711,"post_author":"3","post_date":"2022-10-14 12:00:23","post_date_gmt":"2022-10-14 10:00:23","post_content":"","post_title":"Publicacions i Edicions de la Universita","post_excerpt":"","post_status":"publish","comment_status":"closed","ping_status":"closed","post_password":"","post_name":"publicacions-i-edicions-de-la-universita","to_ping":"","pinged":"","post_modified":"2022-10-14 12:00:23","post_modified_gmt":"2022-10-14 10:00:23","post_content_filtered":"","post_parent":0,"guid":"http:\/\/dev.claret.cat\/editorial\/publicacions-i-edicions-de-la-universita\/","menu_order":0,"post_type":"editorial","post_mime_type":"","comment_count":"0","filter":"raw"}],"autores-libros":[{"ID":163803,"post_author":"3","post_date":"2022-10-14 17:41:59","post_date_gmt":"2022-10-14 15:41:59","post_content":"","post_title":"MARIA VIVES GOMILA","post_excerpt":"","post_status":"publish","comment_status":"closed","ping_status":"closed","post_password":"","post_name":"maria-vives-gomila","to_ping":"","pinged":"","post_modified":"2022-10-14 17:41:59","post_modified_gmt":"2022-10-14 15:41:59","post_content_filtered":"","post_parent":0,"guid":"http:\/\/dev.claret.cat\/autor\/maria-vives-gomila\/","menu_order":0,"post_type":"autor","post_mime_type":"","comment_count":"0","filter":"raw"}]},"aioseo_notices":[],"_links":{"self":[{"href":"https:\/\/www.claret.cat\/es\/wp-json\/wp\/v2\/product\/142851","targetHints":{"allow":["GET"]}}],"collection":[{"href":"https:\/\/www.claret.cat\/es\/wp-json\/wp\/v2\/product"}],"about":[{"href":"https:\/\/www.claret.cat\/es\/wp-json\/wp\/v2\/types\/product"}],"wp:featuredmedia":[{"embeddable":true,"href":"https:\/\/www.claret.cat\/es\/wp-json\/wp\/v2\/media\/142852"}],"wp:attachment":[{"href":"https:\/\/www.claret.cat\/es\/wp-json\/wp\/v2\/media?parent=142851"}],"wp:term":[{"taxonomy":"product_brand","embeddable":true,"href":"https:\/\/www.claret.cat\/es\/wp-json\/wp\/v2\/product_brand?post=142851"},{"taxonomy":"product_cat","embeddable":true,"href":"https:\/\/www.claret.cat\/es\/wp-json\/wp\/v2\/product_cat?post=142851"},{"taxonomy":"product_tag","embeddable":true,"href":"https:\/\/www.claret.cat\/es\/wp-json\/wp\/v2\/product_tag?post=142851"}],"curies":[{"name":"wp","href":"https:\/\/api.w.org\/{rel}","templated":true}]}}