{"id":142869,"date":"2022-10-13T13:38:01","date_gmt":"2022-10-13T11:38:01","guid":{"rendered":"http:\/\/dev.claret.cat\/producte\/la-dependienta\/"},"modified":"2023-01-28T19:56:01","modified_gmt":"2023-01-28T18:56:01","slug":"la-dependienta-9788416634620","status":"publish","type":"product","link":"https:\/\/www.claret.cat\/es\/libro\/la-dependienta-9788416634620\/","title":{"rendered":"LA DEPENDIENTA"},"content":{"rendered":"<p>Keiko Furukura tiene 36 a\u00f1os y est\u00e1 soltera. De hecho, nunca ha tenido pareja. Desde que abandon\u00f3 a su tradicional familia para mudarse a Tokio, trabaja a tiempo parcial como dependienta de una konbini, un supermercado japon\u00e9s abierto las 24 horas del d\u00eda. Siempre ha sentido que no encajaba en la sociedad, pero en la tienda ha encontrado un mundo predecible, gobernado por un manual que dicta a los trabajadores c\u00f3mo actuar y qu\u00e9 decir. Ha conseguido lograr esa normalidad que la sociedad le reclama: todos quieren ver a Keiko formar un hogar, seguir un camino convencional que la convierta, a sus ojos, en una adulta.<br \/> Con esta visi\u00f3n hilarante de las expectativas de la sociedad hacia las mujeres solteras, Sayaka Murata se ha consagrado como la nueva voz de la literatura japonesa.<\/p>\n","protected":false},"excerpt":{"rendered":"<p>MURATA, SAYAKA<\/p>\n","protected":false},"featured_media":142870,"template":"","meta":{"_acf_changed":false,"om_disable_all_campaigns":false,"rs_blank_template":"","rs_page_bg_color":"","slide_template_v7":"","inline_featured_image":false,"_monsterinsights_skip_tracking":false,"_monsterinsights_sitenote_active":false,"_monsterinsights_sitenote_note":"","_monsterinsights_sitenote_category":0},"product_brand":[],"product_cat":[87],"product_tag":[],"class_list":{"0":"post-142869","1":"product","2":"type-product","3":"status-publish","4":"has-post-thumbnail","6":"product_cat-literatura","8":"first","9":"instock","10":"taxable","11":"shipping-taxable","12":"purchasable","13":"product-type-simple"},"acf":{"editorial":[{"ID":6188,"post_author":"3","post_date":"2022-07-28 17:46:47","post_date_gmt":"2022-07-28 15:46:47","post_content":"","post_title":"Duomo ediciones","post_excerpt":"","post_status":"publish","comment_status":"closed","ping_status":"closed","post_password":"","post_name":"duomo-ediciones","to_ping":"","pinged":"","post_modified":"2022-07-28 17:46:47","post_modified_gmt":"2022-07-28 15:46:47","post_content_filtered":"","post_parent":0,"guid":"http:\/\/dev.claret.cat\/editorial\/duomo-ediciones\/","menu_order":0,"post_type":"editorial","post_mime_type":"","comment_count":"0","filter":"raw"}],"autores-libros":[{"ID":169198,"post_author":"3","post_date":"2022-10-14 22:25:17","post_date_gmt":"2022-10-14 20:25:17","post_content":"","post_title":"SAYAKA MURATA","post_excerpt":"","post_status":"publish","comment_status":"closed","ping_status":"closed","post_password":"","post_name":"sayaka-murata","to_ping":"","pinged":"","post_modified":"2022-10-14 22:25:17","post_modified_gmt":"2022-10-14 20:25:17","post_content_filtered":"","post_parent":0,"guid":"http:\/\/dev.claret.cat\/autor\/sayaka-murata\/","menu_order":0,"post_type":"autor","post_mime_type":"","comment_count":"0","filter":"raw"}],"autor":"MURATA, SAYAKA","codart":"841663462","libros-coleccion":"NEFELIBATA","ediciones":"1","encuadernacion":"R\u00fastica","fecha_de_publicacion":"01\/12\/2018","novedad":"1","paginas":"162","subtitulo":"","orden":"0","portada":"0","idioma":"spa"},"aioseo_notices":[],"_links":{"self":[{"href":"https:\/\/www.claret.cat\/es\/wp-json\/wp\/v2\/product\/142869","targetHints":{"allow":["GET"]}}],"collection":[{"href":"https:\/\/www.claret.cat\/es\/wp-json\/wp\/v2\/product"}],"about":[{"href":"https:\/\/www.claret.cat\/es\/wp-json\/wp\/v2\/types\/product"}],"wp:featuredmedia":[{"embeddable":true,"href":"https:\/\/www.claret.cat\/es\/wp-json\/wp\/v2\/media\/142870"}],"wp:attachment":[{"href":"https:\/\/www.claret.cat\/es\/wp-json\/wp\/v2\/media?parent=142869"}],"wp:term":[{"taxonomy":"product_brand","embeddable":true,"href":"https:\/\/www.claret.cat\/es\/wp-json\/wp\/v2\/product_brand?post=142869"},{"taxonomy":"product_cat","embeddable":true,"href":"https:\/\/www.claret.cat\/es\/wp-json\/wp\/v2\/product_cat?post=142869"},{"taxonomy":"product_tag","embeddable":true,"href":"https:\/\/www.claret.cat\/es\/wp-json\/wp\/v2\/product_tag?post=142869"}],"curies":[{"name":"wp","href":"https:\/\/api.w.org\/{rel}","templated":true}]}}