{"id":142887,"date":"2022-10-13T13:38:16","date_gmt":"2022-10-13T11:38:16","guid":{"rendered":"http:\/\/dev.claret.cat\/producte\/cuentos-5\/"},"modified":"2025-02-04T17:48:06","modified_gmt":"2025-02-04T16:48:06","slug":"cuentos-9788491875598","status":"publish","type":"product","link":"https:\/\/www.claret.cat\/es\/libro\/cuentos-9788491875598\/","title":{"rendered":"CUENTOS"},"content":{"rendered":"<p>Casi siempre ignorado por sus contempor\u00e1neos, el genio atormentado de Edgar Allan Poe no tard\u00f3 en ser recono\u00adcido tras su muerte por autores de la talla de Baudelaire, Dostoievski, Jules Verne o Mallarm\u00e9. En la actualidad, sus cuentos son considerados como perfectas obras pioneras del terror psicol\u00f3gico y tambi\u00e9n de otros g\u00e9neros como la narraci\u00f3n detectivesca o la ciencia ficci\u00f3n. Adem\u00e1s de recopilar todos sus relatos breves, este volumen se abre con una completa introducci\u00f3n al universo tene\u00adbroso y oscuro de Poe, y presenta la c\u00e9lebre traducci\u00f3n de otro maestro del cuento: Julio Cort\u00e1zar.<\/p>\n","protected":false},"excerpt":{"rendered":"<p>ALLAN POE, EDGAR<\/p>\n","protected":false},"featured_media":142888,"template":"","meta":{"_acf_changed":false,"om_disable_all_campaigns":false,"rs_blank_template":"","rs_page_bg_color":"","slide_template_v7":"","inline_featured_image":false,"_monsterinsights_skip_tracking":false,"_monsterinsights_sitenote_active":false,"_monsterinsights_sitenote_note":"","_monsterinsights_sitenote_category":0},"product_brand":[],"product_cat":[87,353],"product_tag":[],"class_list":{"0":"post-142887","1":"product","2":"type-product","3":"status-publish","4":"has-post-thumbnail","6":"product_cat-literatura","7":"product_cat-literatura-2_humanidades","9":"first","10":"instock","11":"taxable","12":"shipping-taxable","13":"purchasable","14":"product-type-simple"},"acf":{"editorial":[{"ID":148737,"post_author":"3","post_date":"2022-10-14 12:00:35","post_date_gmt":"2022-10-14 10:00:35","post_content":"","post_title":"RBA Libros","post_excerpt":"","post_status":"publish","comment_status":"closed","ping_status":"closed","post_password":"","post_name":"rba-libros","to_ping":"","pinged":"","post_modified":"2022-10-14 12:00:35","post_modified_gmt":"2022-10-14 10:00:35","post_content_filtered":"","post_parent":0,"guid":"http:\/\/dev.claret.cat\/editorial\/rba-libros\/","menu_order":0,"post_type":"editorial","post_mime_type":"","comment_count":"0","filter":"raw"}],"autor":"ALLAN POE, EDGAR","codart":"849187559","libros-coleccion":"FICCION GENERAL","ediciones":"1","encuadernacion":"R\u00fastica","fecha_de_publicacion":"01\/01\/2019","novedad":"1","paginas":"845","subtitulo":"","orden":"0","portada":"0","idioma":"spa","autores-libros":[{"ID":154483,"post_author":"3","post_date":"2022-10-14 15:05:10","post_date_gmt":"2022-10-14 13:05:10","post_content":"","post_title":"EDGAR ALLAN POE","post_excerpt":"","post_status":"publish","comment_status":"closed","ping_status":"closed","post_password":"","post_name":"edgar-allan-poe","to_ping":"","pinged":"","post_modified":"2022-10-14 15:05:10","post_modified_gmt":"2022-10-14 13:05:10","post_content_filtered":"","post_parent":0,"guid":"http:\/\/dev.claret.cat\/autor\/edgar-allan-poe\/","menu_order":0,"post_type":"autor","post_mime_type":"","comment_count":"0","filter":"raw"}]},"aioseo_notices":[],"_links":{"self":[{"href":"https:\/\/www.claret.cat\/es\/wp-json\/wp\/v2\/product\/142887","targetHints":{"allow":["GET"]}}],"collection":[{"href":"https:\/\/www.claret.cat\/es\/wp-json\/wp\/v2\/product"}],"about":[{"href":"https:\/\/www.claret.cat\/es\/wp-json\/wp\/v2\/types\/product"}],"wp:featuredmedia":[{"embeddable":true,"href":"https:\/\/www.claret.cat\/es\/wp-json\/wp\/v2\/media\/142888"}],"wp:attachment":[{"href":"https:\/\/www.claret.cat\/es\/wp-json\/wp\/v2\/media?parent=142887"}],"wp:term":[{"taxonomy":"product_brand","embeddable":true,"href":"https:\/\/www.claret.cat\/es\/wp-json\/wp\/v2\/product_brand?post=142887"},{"taxonomy":"product_cat","embeddable":true,"href":"https:\/\/www.claret.cat\/es\/wp-json\/wp\/v2\/product_cat?post=142887"},{"taxonomy":"product_tag","embeddable":true,"href":"https:\/\/www.claret.cat\/es\/wp-json\/wp\/v2\/product_tag?post=142887"}],"curies":[{"name":"wp","href":"https:\/\/api.w.org\/{rel}","templated":true}]}}