{"id":142896,"date":"2022-10-13T13:38:23","date_gmt":"2022-10-13T11:38:23","guid":{"rendered":"http:\/\/dev.claret.cat\/producte\/la-biblia-per-a-tots-els-nens\/"},"modified":"2026-02-26T19:00:06","modified_gmt":"2026-02-26T18:00:06","slug":"la-biblia-per-a-tots-els-nens-9788417521141","status":"publish","type":"product","link":"https:\/\/www.claret.cat\/es\/libro\/la-biblia-per-a-tots-els-nens-9788417521141\/","title":{"rendered":"LA B\u00cdBLIA PER A TOTS ELS NENS"},"content":{"rendered":"<p>Ja \u00e9s aqu\u00ed la B\u00edblia per a tots els nens en catal\u00e0!<br \/>Amb m\u00e9s de 200.000 unitats venudes en castell\u00e0, la nova edici\u00f3 en catal\u00e0 arriba ja a les llibreries. La B\u00edblia per a tots els nens cont\u00e9 las hist\u00f2ries b\u00edbliques m\u00e9s conegudes en 277 p\u00e0gines a tot color, amb ilustracions ben divertides. I est\u00e0 pensada per a nens de 3 a 8 anys.<br \/>La nova B\u00edblia per a tots els nens \u00e9s un dels millors regals que podem fer als nens, familiars, companys de classe dels teus fills, esdeveniments especials per a nens\u2026<br \/>Aquesta \u00e9s una B\u00edblia per a nens que acosta l&#8217;es\u00e8ncia dels evangelis als m\u00e9s petits. En les seves p\u00e0gines hi trobem les hist\u00f2ries B\u00edbliques m\u00e9s destacades de l&#8217;Antic i Nou Testament: La creaci\u00f3, la vida de No\u00e9, d&#8217;Abraham, d&#8217;Isaac, de Jacob, d&#8217;Ester de Rut i obviament el naixament, la mort i la resurrecci\u00f3 de Jes\u00fas.<\/p>\n","protected":false},"excerpt":{"rendered":"<p>JONATAN MIRA; JOAN G.ANGURELL<\/p>\n","protected":false},"featured_media":392711,"template":"","meta":{"_acf_changed":false,"om_disable_all_campaigns":false,"rs_blank_template":"","rs_page_bg_color":"","slide_template_v7":"","inline_featured_image":false,"_monsterinsights_skip_tracking":false,"_monsterinsights_sitenote_active":false,"_monsterinsights_sitenote_note":"","_monsterinsights_sitenote_category":0},"product_brand":[],"product_cat":[75,341,86,352],"product_tag":[],"class_list":{"0":"post-142896","1":"product","2":"type-product","3":"status-publish","4":"has-post-thumbnail","6":"product_cat-biblia","7":"product_cat-biblia-es","8":"product_cat-infantil","9":"product_cat-infantil-3_infantil-juvenil-spa","11":"first","12":"instock","13":"taxable","14":"shipping-taxable","15":"purchasable","16":"product-type-simple"},"acf":{"editorial":[{"ID":6366,"post_author":"3","post_date":"2022-07-28 17:50:39","post_date_gmt":"2022-07-28 15:50:39","post_content":"","post_title":"Sociedad B\u00edblica","post_excerpt":"","post_status":"publish","comment_status":"closed","ping_status":"closed","post_password":"","post_name":"sociedad-biblica","to_ping":"","pinged":"","post_modified":"2022-07-28 17:50:39","post_modified_gmt":"2022-07-28 15:50:39","post_content_filtered":"","post_parent":0,"guid":"http:\/\/dev.claret.cat\/editorial\/sociedad-biblica\/","menu_order":0,"post_type":"editorial","post_mime_type":"","comment_count":"0","filter":"raw"}],"autor":"JONATAN MIRA; JOAN G.ANGURELL","codart":"841752114","libros-coleccion":"","ediciones":"1","encuadernacion":"R\u00fastica","fecha_de_publicacion":"01\/12\/2019","novedad":"1","paginas":"275","subtitulo":"","orden":"0","portada":"0","idioma":"cat","autores-libros":[{"ID":159751,"post_author":"3","post_date":"2022-10-14 15:47:25","post_date_gmt":"2022-10-14 13:47:25","post_content":"","post_title":"JONATAN MIRA","post_excerpt":"","post_status":"publish","comment_status":"closed","ping_status":"closed","post_password":"","post_name":"jonatan-mira","to_ping":"","pinged":"","post_modified":"2022-10-14 15:47:25","post_modified_gmt":"2022-10-14 13:47:25","post_content_filtered":"","post_parent":0,"guid":"http:\/\/dev.claret.cat\/autor\/jonatan-mira\/","menu_order":0,"post_type":"autor","post_mime_type":"","comment_count":"0","filter":"raw"},{"ID":159321,"post_author":"3","post_date":"2022-10-14 15:43:53","post_date_gmt":"2022-10-14 13:43:53","post_content":"","post_title":"JOAN G.ANGURELL","post_excerpt":"","post_status":"publish","comment_status":"closed","ping_status":"closed","post_password":"","post_name":"joan-g-angurell","to_ping":"","pinged":"","post_modified":"2022-10-14 15:43:53","post_modified_gmt":"2022-10-14 13:43:53","post_content_filtered":"","post_parent":0,"guid":"http:\/\/dev.claret.cat\/autor\/joan-g-angurell\/","menu_order":0,"post_type":"autor","post_mime_type":"","comment_count":"0","filter":"raw"}],"traductores-libros":"","ilustradores-libros":"","formato":"","linkebook":"","ficha":"","muestra":"","presentacion":"","booktrailer":"","resenas":"","recomendamos":"","mas_vendido":""},"aioseo_notices":[],"_links":{"self":[{"href":"https:\/\/www.claret.cat\/es\/wp-json\/wp\/v2\/product\/142896","targetHints":{"allow":["GET"]}}],"collection":[{"href":"https:\/\/www.claret.cat\/es\/wp-json\/wp\/v2\/product"}],"about":[{"href":"https:\/\/www.claret.cat\/es\/wp-json\/wp\/v2\/types\/product"}],"wp:featuredmedia":[{"embeddable":true,"href":"https:\/\/www.claret.cat\/es\/wp-json\/wp\/v2\/media\/392711"}],"wp:attachment":[{"href":"https:\/\/www.claret.cat\/es\/wp-json\/wp\/v2\/media?parent=142896"}],"wp:term":[{"taxonomy":"product_brand","embeddable":true,"href":"https:\/\/www.claret.cat\/es\/wp-json\/wp\/v2\/product_brand?post=142896"},{"taxonomy":"product_cat","embeddable":true,"href":"https:\/\/www.claret.cat\/es\/wp-json\/wp\/v2\/product_cat?post=142896"},{"taxonomy":"product_tag","embeddable":true,"href":"https:\/\/www.claret.cat\/es\/wp-json\/wp\/v2\/product_tag?post=142896"}],"curies":[{"name":"wp","href":"https:\/\/api.w.org\/{rel}","templated":true}]}}