{"id":14302,"date":"2022-10-01T22:49:41","date_gmt":"2022-10-01T20:49:41","guid":{"rendered":"http:\/\/dev.claret.cat\/producte\/jordania-5\/"},"modified":"2023-01-28T17:28:29","modified_gmt":"2023-01-28T16:28:29","slug":"jordania-5-9788408197263","status":"publish","type":"product","link":"https:\/\/www.claret.cat\/es\/libro\/jordania-5-9788408197263\/","title":{"rendered":"JORDANIA 5"},"content":{"rendered":"<p>Este puerto seguro en una regi\u00f3n de conflictos ha maravillado a sus visitantes durante siglos con su Patrimonio Mundial, sus gentes afables y sus evocadores paisajes. Son muchos los tesoros que cobija, desde incontables ruinas de antiguas civilizaciones hasta tesoros naturales inigualables, como el desierto de Wadi Rum, el mar Muerto o el mar Rojo, que alberga algunos de los paisajes submarinos m\u00e1s bellos del mundo? y por supuesto la joya de la Corona, Petra, la antigua ciudad nabatea que emana una magia irresistible con sus laber\u00ednticos paisajes de arenisca. Sin duda, Jordania tiene mucho que ofrecer al viajero y esta gu\u00eda se convertir\u00e1 en un aliado perfecto para sacar el m\u00e1ximo partido a cualquier experiencia en el pa\u00eds.<\/p>\n","protected":false},"excerpt":{"rendered":"<p>WALKER, JENNY \/ CLAMMER, PAUL<\/p>\n","protected":false},"featured_media":69066,"template":"","meta":{"_acf_changed":false,"om_disable_all_campaigns":false,"rs_blank_template":"","rs_page_bg_color":"","slide_template_v7":"","inline_featured_image":false,"_monsterinsights_skip_tracking":false,"_monsterinsights_sitenote_active":false,"_monsterinsights_sitenote_note":"","_monsterinsights_sitenote_category":0},"product_brand":[],"product_cat":[107],"product_tag":[],"class_list":{"0":"post-14302","1":"product","2":"type-product","3":"status-publish","4":"has-post-thumbnail","6":"product_cat-guies-de-viatge","8":"first","9":"instock","10":"taxable","11":"shipping-taxable","12":"purchasable","13":"product-type-simple"},"acf":{"autor":"WALKER, JENNY \/ CLAMMER, PAUL","codart":"840819726","libros-coleccion":"Gu\u00edas de Pa\u00eds Lonely Planet","ediciones":"1","encuadernacion":"R\u00fastica","fecha_de_publicacion":"01\/01\/2019","novedad":"1","paginas":"341","subtitulo":"","orden":"0","portada":"0","idioma":"spa","editorial":[{"ID":6377,"post_author":"3","post_date":"2022-07-28 17:50:53","post_date_gmt":"2022-07-28 15:50:53","post_content":"","post_title":"Timun Mas CAT","post_excerpt":"","post_status":"publish","comment_status":"closed","ping_status":"closed","post_password":"","post_name":"timun-mas-cat","to_ping":"","pinged":"","post_modified":"2022-07-28 17:50:53","post_modified_gmt":"2022-07-28 15:50:53","post_content_filtered":"","post_parent":0,"guid":"http:\/\/dev.claret.cat\/editorial\/timun-mas-cat\/","menu_order":0,"post_type":"editorial","post_mime_type":"","comment_count":"0","filter":"raw"}],"autores-libros":[{"ID":159006,"post_author":"3","post_date":"2022-10-14 15:41:20","post_date_gmt":"2022-10-14 13:41:20","post_content":"","post_title":"JENNY WALKER","post_excerpt":"","post_status":"publish","comment_status":"closed","ping_status":"closed","post_password":"","post_name":"jenny-walker","to_ping":"","pinged":"","post_modified":"2022-10-14 15:41:20","post_modified_gmt":"2022-10-14 13:41:20","post_content_filtered":"","post_parent":0,"guid":"http:\/\/dev.claret.cat\/autor\/jenny-walker\/","menu_order":0,"post_type":"autor","post_mime_type":"","comment_count":"0","filter":"raw"},{"ID":166723,"post_author":"3","post_date":"2022-10-14 18:05:32","post_date_gmt":"2022-10-14 16:05:32","post_content":"","post_title":"PAUL CLAMMER","post_excerpt":"","post_status":"publish","comment_status":"closed","ping_status":"closed","post_password":"","post_name":"paul-clammer","to_ping":"","pinged":"","post_modified":"2022-10-14 18:05:32","post_modified_gmt":"2022-10-14 16:05:32","post_content_filtered":"","post_parent":0,"guid":"http:\/\/dev.claret.cat\/autor\/paul-clammer\/","menu_order":0,"post_type":"autor","post_mime_type":"","comment_count":"0","filter":"raw"}]},"aioseo_notices":[],"_links":{"self":[{"href":"https:\/\/www.claret.cat\/es\/wp-json\/wp\/v2\/product\/14302","targetHints":{"allow":["GET"]}}],"collection":[{"href":"https:\/\/www.claret.cat\/es\/wp-json\/wp\/v2\/product"}],"about":[{"href":"https:\/\/www.claret.cat\/es\/wp-json\/wp\/v2\/types\/product"}],"wp:featuredmedia":[{"embeddable":true,"href":"https:\/\/www.claret.cat\/es\/wp-json\/wp\/v2\/media\/69066"}],"wp:attachment":[{"href":"https:\/\/www.claret.cat\/es\/wp-json\/wp\/v2\/media?parent=14302"}],"wp:term":[{"taxonomy":"product_brand","embeddable":true,"href":"https:\/\/www.claret.cat\/es\/wp-json\/wp\/v2\/product_brand?post=14302"},{"taxonomy":"product_cat","embeddable":true,"href":"https:\/\/www.claret.cat\/es\/wp-json\/wp\/v2\/product_cat?post=14302"},{"taxonomy":"product_tag","embeddable":true,"href":"https:\/\/www.claret.cat\/es\/wp-json\/wp\/v2\/product_tag?post=14302"}],"curies":[{"name":"wp","href":"https:\/\/api.w.org\/{rel}","templated":true}]}}