{"id":14311,"date":"2022-10-01T22:49:49","date_gmt":"2022-10-01T20:49:49","guid":{"rendered":"http:\/\/dev.claret.cat\/producte\/londres-de-cerca-6\/"},"modified":"2023-03-18T12:46:04","modified_gmt":"2023-03-18T11:46:04","slug":"londres-de-cerca-6-9788408197294","status":"publish","type":"product","link":"https:\/\/www.claret.cat\/es\/libro\/londres-de-cerca-6-9788408197294\/","title":{"rendered":"LONDRES DE CERCA 6"},"content":{"rendered":"<p>Londres tiene algo que ofrecer a todos: desde arte hasta fant\u00e1sticos museos, arquitectura deslumbrante, esplendor real, diversidad, maravillosos parques y un dinamismo incontenible. Rebosa de historia, pero sin dejar de innovar en cultura y creatividad. Su car\u00e1cter cosmopolita la convierte en la ciudad probablemente m\u00e1s internacional del mundo, sin perder su esencia brit\u00e1nica.<\/p>\n","protected":false},"excerpt":{"rendered":"<p>FILOU, EMILIE \/ HARPER, DAMIAN \/ DRAGICEVICH, PETER \/ FALLON, STEVE<\/p>\n","protected":false},"featured_media":64600,"template":"","meta":{"_acf_changed":false,"om_disable_all_campaigns":false,"rs_blank_template":"","rs_page_bg_color":"","slide_template_v7":"","inline_featured_image":false,"_monsterinsights_skip_tracking":false,"_monsterinsights_sitenote_active":false,"_monsterinsights_sitenote_note":"","_monsterinsights_sitenote_category":0},"product_brand":[],"product_cat":[557,107],"product_tag":[],"class_list":{"0":"post-14311","1":"product","2":"type-product","3":"status-publish","4":"has-post-thumbnail","6":"product_cat-guias-de-viaje","7":"product_cat-guies-de-viatge","9":"first","10":"instock","11":"taxable","12":"shipping-taxable","13":"purchasable","14":"product-type-simple"},"acf":{"autor":"FILOU, EMILIE \/ HARPER, DAMIAN \/ DRAGICEVICH, PETER \/ FALLON, STEVE","codart":"840819729","libros-coleccion":"GU\u00cdAS DE CERCA LONELY PLANET","ediciones":"1","encuadernacion":"R\u00fastica","fecha_de_publicacion":"01\/02\/2019","novedad":"1","paginas":"224","subtitulo":"","orden":"0","portada":"0","idioma":"spa","editorial":[{"ID":6233,"post_author":"3","post_date":"2022-07-28 17:47:48","post_date_gmt":"2022-07-28 15:47:48","post_content":"","post_title":"EDITORIAL PLANETA","post_excerpt":"","post_status":"publish","comment_status":"closed","ping_status":"closed","post_password":"","post_name":"editorial-planeta","to_ping":"","pinged":"","post_modified":"2022-07-28 17:47:48","post_modified_gmt":"2022-07-28 15:47:48","post_content_filtered":"","post_parent":0,"guid":"http:\/\/dev.claret.cat\/editorial\/editorial-planeta\/","menu_order":0,"post_type":"editorial","post_mime_type":"","comment_count":"0","filter":"raw"}],"autores-libros":[{"ID":169847,"post_author":"3","post_date":"2022-10-14 22:30:30","post_date_gmt":"2022-10-14 20:30:30","post_content":"","post_title":"STEVE FALLON","post_excerpt":"","post_status":"publish","comment_status":"closed","ping_status":"closed","post_password":"","post_name":"steve-fallon","to_ping":"","pinged":"","post_modified":"2022-10-14 22:30:30","post_modified_gmt":"2022-10-14 20:30:30","post_content_filtered":"","post_parent":0,"guid":"http:\/\/dev.claret.cat\/autor\/steve-fallon\/","menu_order":0,"post_type":"autor","post_mime_type":"","comment_count":"0","filter":"raw"},{"ID":153497,"post_author":"3","post_date":"2022-10-14 14:57:14","post_date_gmt":"2022-10-14 12:57:14","post_content":"","post_title":"DAMIAN HARPER","post_excerpt":"","post_status":"publish","comment_status":"closed","ping_status":"closed","post_password":"","post_name":"damian-harper","to_ping":"","pinged":"","post_modified":"2022-10-14 14:57:14","post_modified_gmt":"2022-10-14 12:57:14","post_content_filtered":"","post_parent":0,"guid":"http:\/\/dev.claret.cat\/autor\/damian-harper\/","menu_order":0,"post_type":"autor","post_mime_type":"","comment_count":"0","filter":"raw"},{"ID":154973,"post_author":"3","post_date":"2022-10-14 15:09:09","post_date_gmt":"2022-10-14 13:09:09","post_content":"","post_title":"EMILIE FILOU","post_excerpt":"","post_status":"publish","comment_status":"closed","ping_status":"closed","post_password":"","post_name":"emilie-filou","to_ping":"","pinged":"","post_modified":"2022-10-14 15:09:09","post_modified_gmt":"2022-10-14 13:09:09","post_content_filtered":"","post_parent":0,"guid":"http:\/\/dev.claret.cat\/autor\/emilie-filou\/","menu_order":0,"post_type":"autor","post_mime_type":"","comment_count":"0","filter":"raw"},{"ID":167087,"post_author":"3","post_date":"2022-10-14 18:08:26","post_date_gmt":"2022-10-14 16:08:26","post_content":"","post_title":"PETER DRAGICEVICH","post_excerpt":"","post_status":"publish","comment_status":"closed","ping_status":"closed","post_password":"","post_name":"peter-dragicevich","to_ping":"","pinged":"","post_modified":"2022-10-14 18:08:26","post_modified_gmt":"2022-10-14 16:08:26","post_content_filtered":"","post_parent":0,"guid":"http:\/\/dev.claret.cat\/autor\/peter-dragicevich\/","menu_order":0,"post_type":"autor","post_mime_type":"","comment_count":"0","filter":"raw"}]},"aioseo_notices":[],"_links":{"self":[{"href":"https:\/\/www.claret.cat\/es\/wp-json\/wp\/v2\/product\/14311","targetHints":{"allow":["GET"]}}],"collection":[{"href":"https:\/\/www.claret.cat\/es\/wp-json\/wp\/v2\/product"}],"about":[{"href":"https:\/\/www.claret.cat\/es\/wp-json\/wp\/v2\/types\/product"}],"wp:featuredmedia":[{"embeddable":true,"href":"https:\/\/www.claret.cat\/es\/wp-json\/wp\/v2\/media\/64600"}],"wp:attachment":[{"href":"https:\/\/www.claret.cat\/es\/wp-json\/wp\/v2\/media?parent=14311"}],"wp:term":[{"taxonomy":"product_brand","embeddable":true,"href":"https:\/\/www.claret.cat\/es\/wp-json\/wp\/v2\/product_brand?post=14311"},{"taxonomy":"product_cat","embeddable":true,"href":"https:\/\/www.claret.cat\/es\/wp-json\/wp\/v2\/product_cat?post=14311"},{"taxonomy":"product_tag","embeddable":true,"href":"https:\/\/www.claret.cat\/es\/wp-json\/wp\/v2\/product_tag?post=14311"}],"curies":[{"name":"wp","href":"https:\/\/api.w.org\/{rel}","templated":true}]}}