{"id":143148,"date":"2022-10-13T13:41:49","date_gmt":"2022-10-13T11:41:49","guid":{"rendered":"http:\/\/dev.claret.cat\/producte\/sangre-intocable\/"},"modified":"2026-02-23T11:20:03","modified_gmt":"2026-02-23T10:20:03","slug":"sangre-intocable-9788416087822","status":"publish","type":"product","link":"https:\/\/www.claret.cat\/es\/libro\/sangre-intocable-9788416087822\/","title":{"rendered":"SANGRE INTOCABLE"},"content":{"rendered":"<p>Un despiadado asesino siembra el terror por las calles de Benar\u00e9s<br \/>Thomas Connors se ve envuelto en un extra\u00f1o caso cuando el cad\u00e1ver de un conocido de su infancia aparece en Lyon. Con la ayuda de la  forense  Laura Therraux, seguir\u00e1  una pista que lo conduce hasta Benar\u00e9s. All\u00ed, una ni\u00f1a llamada Tanika debe huir tras la muerte de sus padres, relacionada con siniestras pr\u00e1cticas de la industria farmac\u00e9utica.<\/p>\n","protected":false},"excerpt":{"rendered":"<p>MEDINA, MARIBEL<\/p>\n","protected":false},"featured_media":1085475,"template":"","meta":{"_acf_changed":false,"om_disable_all_campaigns":false,"rs_blank_template":"","rs_page_bg_color":"","slide_template_v7":"","inline_featured_image":false,"_monsterinsights_skip_tracking":false,"_monsterinsights_sitenote_active":false,"_monsterinsights_sitenote_note":"","_monsterinsights_sitenote_category":0},"product_brand":[],"product_cat":[90,540],"product_tag":[],"class_list":{"0":"post-143148","1":"product","2":"type-product","3":"status-publish","4":"has-post-thumbnail","6":"product_cat-altres","7":"product_cat-otros","9":"first","10":"outofstock","11":"taxable","12":"shipping-taxable","13":"purchasable","14":"product-type-simple"},"acf":{"editorial":[{"ID":148087,"post_author":"3","post_date":"2022-10-14 11:55:32","post_date_gmt":"2022-10-14 09:55:32","post_content":"","post_title":"EMBOLSILLO","post_excerpt":"","post_status":"publish","comment_status":"closed","ping_status":"closed","post_password":"","post_name":"embolsillo","to_ping":"","pinged":"","post_modified":"2022-10-14 11:55:32","post_modified_gmt":"2022-10-14 09:55:32","post_content_filtered":"","post_parent":0,"guid":"http:\/\/dev.claret.cat\/editorial\/embolsillo\/","menu_order":0,"post_type":"editorial","post_mime_type":"","comment_count":"0","filter":"raw"}],"autores-libros":[{"ID":163870,"post_author":"3","post_date":"2022-10-14 17:42:31","post_date_gmt":"2022-10-14 15:42:31","post_content":"","post_title":"MARIBEL MEDINA","post_excerpt":"","post_status":"publish","comment_status":"closed","ping_status":"closed","post_password":"","post_name":"maribel-medina","to_ping":"","pinged":"","post_modified":"2022-10-14 17:42:31","post_modified_gmt":"2022-10-14 15:42:31","post_content_filtered":"","post_parent":0,"guid":"http:\/\/dev.claret.cat\/autor\/maribel-medina\/","menu_order":0,"post_type":"autor","post_mime_type":"","comment_count":"0","filter":"raw"}],"autor":"MEDINA, MARIBEL","codart":"841608782","libros-coleccion":"EMBOLSILLO. MAEVA","ediciones":"1","encuadernacion":"R\u00fastica","fecha_de_publicacion":"01\/01\/2019","novedad":"0","paginas":"0","subtitulo":"UN DESPIADADO ASESINO SIEMBRA EL TERROR POR LAS CALLES DE BENAR\u00c9S","orden":"0","portada":"0","idioma":"spa","booktrailer":"","resenas":""},"aioseo_notices":[],"_links":{"self":[{"href":"https:\/\/www.claret.cat\/es\/wp-json\/wp\/v2\/product\/143148","targetHints":{"allow":["GET"]}}],"collection":[{"href":"https:\/\/www.claret.cat\/es\/wp-json\/wp\/v2\/product"}],"about":[{"href":"https:\/\/www.claret.cat\/es\/wp-json\/wp\/v2\/types\/product"}],"wp:featuredmedia":[{"embeddable":true,"href":"https:\/\/www.claret.cat\/es\/wp-json\/wp\/v2\/media\/1085475"}],"wp:attachment":[{"href":"https:\/\/www.claret.cat\/es\/wp-json\/wp\/v2\/media?parent=143148"}],"wp:term":[{"taxonomy":"product_brand","embeddable":true,"href":"https:\/\/www.claret.cat\/es\/wp-json\/wp\/v2\/product_brand?post=143148"},{"taxonomy":"product_cat","embeddable":true,"href":"https:\/\/www.claret.cat\/es\/wp-json\/wp\/v2\/product_cat?post=143148"},{"taxonomy":"product_tag","embeddable":true,"href":"https:\/\/www.claret.cat\/es\/wp-json\/wp\/v2\/product_tag?post=143148"}],"curies":[{"name":"wp","href":"https:\/\/api.w.org\/{rel}","templated":true}]}}