{"id":143163,"date":"2022-10-13T13:42:01","date_gmt":"2022-10-13T11:42:01","guid":{"rendered":"http:\/\/dev.claret.cat\/producte\/sangre-entre-la-hierba\/"},"modified":"2023-01-28T08:22:45","modified_gmt":"2023-01-28T07:22:45","slug":"sangre-entre-la-hierba-9788417108953","status":"publish","type":"product","link":"https:\/\/www.claret.cat\/es\/libro\/sangre-entre-la-hierba-9788417108953\/","title":{"rendered":"SANGRE ENTRE LA HIERBA"},"content":{"rendered":"<p>La b\u00fasqueda de una madre y una nueva investigaci\u00f3n para el agente de la Interpol y la forense, que los llevar\u00e1 desde La Rinconada, en Per\u00fa, hasta Madrid.<br \/>Una madre llega a la inh\u00f3spita localidad de La Rinconada en busca de su hija tras recibir un e-mail an\u00f3nimo seg\u00fan el cual \u00c1ngela  Mar\u00eda, desaparecida diecis\u00e9is a\u00f1os atr\u00e1s, podr\u00eda estar all\u00ed. Mientras tanto, el agente de la Interpol Thomas Connors recibe una llamada de la mujer de su amigo George, que le informa del secuestro de su marido. Como rescate solo piden que se les entregue a una mujer: Dolores Menchero. Thomas recurre a su amiga Laura Terraux para pedirle ayuda y los dos parten hacia Per\u00fa.<\/p>\n","protected":false},"excerpt":{"rendered":"<p>MEDINA, MARIBEL<\/p>\n","protected":false},"featured_media":143164,"template":"","meta":{"_acf_changed":false,"om_disable_all_campaigns":false,"rs_blank_template":"","rs_page_bg_color":"","slide_template_v7":"","inline_featured_image":false,"_monsterinsights_skip_tracking":false,"_monsterinsights_sitenote_active":false,"_monsterinsights_sitenote_note":"","_monsterinsights_sitenote_category":0},"product_brand":[],"product_cat":[16],"product_tag":[],"class_list":{"0":"post-143163","1":"product","2":"type-product","3":"status-publish","4":"has-post-thumbnail","6":"product_cat-sense-categoria","8":"first","9":"instock","10":"taxable","11":"shipping-taxable","12":"purchasable","13":"product-type-simple"},"acf":{"editorial":[{"ID":6297,"post_author":"3","post_date":"2022-07-28 17:49:10","post_date_gmt":"2022-07-28 15:49:10","post_content":"","post_title":"Maeva Ediciones","post_excerpt":"","post_status":"publish","comment_status":"closed","ping_status":"closed","post_password":"","post_name":"maeva-ediciones","to_ping":"","pinged":"","post_modified":"2022-07-28 17:49:10","post_modified_gmt":"2022-07-28 15:49:10","post_content_filtered":"","post_parent":0,"guid":"http:\/\/dev.claret.cat\/editorial\/maeva-ediciones\/","menu_order":0,"post_type":"editorial","post_mime_type":"","comment_count":"0","filter":"raw"}],"autor":"MEDINA, MARIBEL","codart":"841710895","libros-coleccion":"MAEVA noir","ediciones":"1","encuadernacion":"R\u00fastica","fecha_de_publicacion":"01\/01\/2019","novedad":"1","paginas":"301","subtitulo":"","orden":"0","portada":"0","idioma":"spa","autores-libros":[{"ID":163870,"post_author":"3","post_date":"2022-10-14 17:42:31","post_date_gmt":"2022-10-14 15:42:31","post_content":"","post_title":"MARIBEL MEDINA","post_excerpt":"","post_status":"publish","comment_status":"closed","ping_status":"closed","post_password":"","post_name":"maribel-medina","to_ping":"","pinged":"","post_modified":"2022-10-14 17:42:31","post_modified_gmt":"2022-10-14 15:42:31","post_content_filtered":"","post_parent":0,"guid":"http:\/\/dev.claret.cat\/autor\/maribel-medina\/","menu_order":0,"post_type":"autor","post_mime_type":"","comment_count":"0","filter":"raw"}]},"aioseo_notices":[],"_links":{"self":[{"href":"https:\/\/www.claret.cat\/es\/wp-json\/wp\/v2\/product\/143163","targetHints":{"allow":["GET"]}}],"collection":[{"href":"https:\/\/www.claret.cat\/es\/wp-json\/wp\/v2\/product"}],"about":[{"href":"https:\/\/www.claret.cat\/es\/wp-json\/wp\/v2\/types\/product"}],"wp:featuredmedia":[{"embeddable":true,"href":"https:\/\/www.claret.cat\/es\/wp-json\/wp\/v2\/media\/143164"}],"wp:attachment":[{"href":"https:\/\/www.claret.cat\/es\/wp-json\/wp\/v2\/media?parent=143163"}],"wp:term":[{"taxonomy":"product_brand","embeddable":true,"href":"https:\/\/www.claret.cat\/es\/wp-json\/wp\/v2\/product_brand?post=143163"},{"taxonomy":"product_cat","embeddable":true,"href":"https:\/\/www.claret.cat\/es\/wp-json\/wp\/v2\/product_cat?post=143163"},{"taxonomy":"product_tag","embeddable":true,"href":"https:\/\/www.claret.cat\/es\/wp-json\/wp\/v2\/product_tag?post=143163"}],"curies":[{"name":"wp","href":"https:\/\/api.w.org\/{rel}","templated":true}]}}