{"id":143244,"date":"2022-10-13T13:43:13","date_gmt":"2022-10-13T11:43:13","guid":{"rendered":"http:\/\/dev.claret.cat\/producte\/cuaderno-de-ejercicios-de-morfopsicologia\/"},"modified":"2023-01-28T05:03:18","modified_gmt":"2023-01-28T04:03:18","slug":"cuaderno-de-ejercicios-de-morfopsicologia-9788416972562","status":"publish","type":"product","link":"https:\/\/www.claret.cat\/es\/libro\/cuaderno-de-ejercicios-de-morfopsicologia-9788416972562\/","title":{"rendered":"CUADERNO DE EJERCICIOS DE MORFOPSICOLOG\u00cdA"},"content":{"rendered":"<p>\u00bfSab\u00edas que es posible aprender mucho sobre las personas que frecuentas simplemente estudiando su morfolog\u00eda?<br \/> En efecto, la personalidad es una superposici\u00f3n de rasgos de car\u00e1cter distintivos: extrovertido, introvertido, r\u00e1pido, independiente, emprendedor, lento, prudente&#8230; Y la forma de la cara dice mucho sobre nuestros tipos de caracteres, sobre \u00abqui\u00e9nes\u00bb somos.<\/p>\n","protected":false},"excerpt":{"rendered":"<p>RAS, PATRICE \/ AUGAGNEUR, JEAN<\/p>\n","protected":false},"featured_media":143245,"template":"","meta":{"_acf_changed":false,"om_disable_all_campaigns":false,"rs_blank_template":"","rs_page_bg_color":"","slide_template_v7":"","inline_featured_image":false,"_monsterinsights_skip_tracking":false,"_monsterinsights_sitenote_active":false,"_monsterinsights_sitenote_note":"","_monsterinsights_sitenote_category":0},"product_brand":[],"product_cat":[81],"product_tag":[],"class_list":{"0":"post-143244","1":"product","2":"type-product","3":"status-publish","4":"has-post-thumbnail","6":"product_cat-psicologia","8":"first","9":"instock","10":"taxable","11":"shipping-taxable","12":"purchasable","13":"product-type-simple"},"acf":{"editorial":[{"ID":148867,"post_author":"3","post_date":"2022-10-14 12:01:36","post_date_gmt":"2022-10-14 10:01:36","post_content":"","post_title":"Terapias Verdes","post_excerpt":"","post_status":"publish","comment_status":"closed","ping_status":"closed","post_password":"","post_name":"terapias-verdes","to_ping":"","pinged":"","post_modified":"2022-10-14 12:01:36","post_modified_gmt":"2022-10-14 10:01:36","post_content_filtered":"","post_parent":0,"guid":"http:\/\/dev.claret.cat\/editorial\/terapias-verdes\/","menu_order":0,"post_type":"editorial","post_mime_type":"","comment_count":"0","filter":"raw"}],"autores-libros":[{"ID":158821,"post_author":"3","post_date":"2022-10-14 15:39:52","post_date_gmt":"2022-10-14 13:39:52","post_content":"","post_title":"JEAN AUGAGNEUR","post_excerpt":"","post_status":"publish","comment_status":"closed","ping_status":"closed","post_password":"","post_name":"jean-augagneur","to_ping":"","pinged":"","post_modified":"2022-10-14 15:39:52","post_modified_gmt":"2022-10-14 13:39:52","post_content_filtered":"","post_parent":0,"guid":"http:\/\/dev.claret.cat\/autor\/jean-augagneur\/","menu_order":0,"post_type":"autor","post_mime_type":"","comment_count":"0","filter":"raw"},{"ID":166607,"post_author":"3","post_date":"2022-10-14 18:04:37","post_date_gmt":"2022-10-14 16:04:37","post_content":"","post_title":"PATRICE RAS","post_excerpt":"","post_status":"publish","comment_status":"closed","ping_status":"closed","post_password":"","post_name":"patrice-ras","to_ping":"","pinged":"","post_modified":"2022-10-14 18:04:37","post_modified_gmt":"2022-10-14 16:04:37","post_content_filtered":"","post_parent":0,"guid":"http:\/\/dev.claret.cat\/autor\/patrice-ras\/","menu_order":0,"post_type":"autor","post_mime_type":"","comment_count":"0","filter":"raw"}],"autor":"RAS, PATRICE \/ AUGAGNEUR, JEAN","codart":"841697256","libros-coleccion":"Terapias Cuadernos ejercicios","ediciones":"1","encuadernacion":"R\u00fastica","fecha_de_publicacion":"01\/01\/2019","novedad":"1","paginas":"62","subtitulo":"","orden":"0","portada":"0","idioma":"spa"},"aioseo_notices":[],"_links":{"self":[{"href":"https:\/\/www.claret.cat\/es\/wp-json\/wp\/v2\/product\/143244","targetHints":{"allow":["GET"]}}],"collection":[{"href":"https:\/\/www.claret.cat\/es\/wp-json\/wp\/v2\/product"}],"about":[{"href":"https:\/\/www.claret.cat\/es\/wp-json\/wp\/v2\/types\/product"}],"wp:featuredmedia":[{"embeddable":true,"href":"https:\/\/www.claret.cat\/es\/wp-json\/wp\/v2\/media\/143245"}],"wp:attachment":[{"href":"https:\/\/www.claret.cat\/es\/wp-json\/wp\/v2\/media?parent=143244"}],"wp:term":[{"taxonomy":"product_brand","embeddable":true,"href":"https:\/\/www.claret.cat\/es\/wp-json\/wp\/v2\/product_brand?post=143244"},{"taxonomy":"product_cat","embeddable":true,"href":"https:\/\/www.claret.cat\/es\/wp-json\/wp\/v2\/product_cat?post=143244"},{"taxonomy":"product_tag","embeddable":true,"href":"https:\/\/www.claret.cat\/es\/wp-json\/wp\/v2\/product_tag?post=143244"}],"curies":[{"name":"wp","href":"https:\/\/api.w.org\/{rel}","templated":true}]}}