{"id":143253,"date":"2022-10-13T13:43:20","date_gmt":"2022-10-13T11:43:20","guid":{"rendered":"http:\/\/dev.claret.cat\/producte\/cuaderno-de-ejercicios-de-arte-terapia\/"},"modified":"2025-10-31T16:10:06","modified_gmt":"2025-10-31T15:10:06","slug":"cuaderno-de-ejercicios-de-arteterapia-9788416972579","status":"publish","type":"product","link":"https:\/\/www.claret.cat\/es\/libro\/cuaderno-de-ejercicios-de-arteterapia-9788416972579\/","title":{"rendered":"CUADERNO DE EJERCICIOS DE ARTE-TERAPIA"},"content":{"rendered":"<p>\u00bfBuscas una manera original de liberar tus emociones y conocerte mejor? \u00bfQuieres desarrollar tu confianza en ti mismo? \u00bfExplorar tu potencial?<br \/> \u00a1Este cuaderno lleno de color te propone unos ejercicios de arte-terapia accesibles a todos! Cada cap\u00edtulo te sugiere experiencias tem\u00e1ticas (cuerpo, autorretrato, relaciones con los dem\u00e1s, emociones, desapego, etc.), que representar\u00e1n pistas para tu realizaci\u00f3n.<\/p>\n","protected":false},"excerpt":{"rendered":"<p>DIKANN, ALAIN \/ AUGAGNEUR, JEAN<\/p>\n","protected":false},"featured_media":143254,"template":"","meta":{"_acf_changed":false,"om_disable_all_campaigns":false,"rs_blank_template":"","rs_page_bg_color":"","slide_template_v7":"","inline_featured_image":false,"_monsterinsights_skip_tracking":false,"_monsterinsights_sitenote_active":false,"_monsterinsights_sitenote_note":"","_monsterinsights_sitenote_category":0},"product_brand":[],"product_cat":[81,347],"product_tag":[],"class_list":{"0":"post-143253","1":"product","2":"type-product","3":"status-publish","4":"has-post-thumbnail","6":"product_cat-psicologia","7":"product_cat-psicologia-2_humanidades","9":"first","10":"instock","11":"taxable","12":"shipping-taxable","13":"purchasable","14":"product-type-simple"},"acf":{"editorial":[{"ID":148867,"post_author":"3","post_date":"2022-10-14 12:01:36","post_date_gmt":"2022-10-14 10:01:36","post_content":"","post_title":"Terapias Verdes","post_excerpt":"","post_status":"publish","comment_status":"closed","ping_status":"closed","post_password":"","post_name":"terapias-verdes","to_ping":"","pinged":"","post_modified":"2022-10-14 12:01:36","post_modified_gmt":"2022-10-14 10:01:36","post_content_filtered":"","post_parent":0,"guid":"http:\/\/dev.claret.cat\/editorial\/terapias-verdes\/","menu_order":0,"post_type":"editorial","post_mime_type":"","comment_count":"0","filter":"raw"}],"autores-libros":[{"ID":158821,"post_author":"3","post_date":"2022-10-14 15:39:52","post_date_gmt":"2022-10-14 13:39:52","post_content":"","post_title":"JEAN AUGAGNEUR","post_excerpt":"","post_status":"publish","comment_status":"closed","ping_status":"closed","post_password":"","post_name":"jean-augagneur","to_ping":"","pinged":"","post_modified":"2022-10-14 15:39:52","post_modified_gmt":"2022-10-14 13:39:52","post_content_filtered":"","post_parent":0,"guid":"http:\/\/dev.claret.cat\/autor\/jean-augagneur\/","menu_order":0,"post_type":"autor","post_mime_type":"","comment_count":"0","filter":"raw"},{"ID":149339,"post_author":"3","post_date":"2022-10-14 14:24:04","post_date_gmt":"2022-10-14 12:24:04","post_content":"","post_title":"ALAIN DIKANN","post_excerpt":"","post_status":"publish","comment_status":"closed","ping_status":"closed","post_password":"","post_name":"alain-dikann","to_ping":"","pinged":"","post_modified":"2022-10-14 14:24:04","post_modified_gmt":"2022-10-14 12:24:04","post_content_filtered":"","post_parent":0,"guid":"http:\/\/dev.claret.cat\/autor\/alain-dikann\/","menu_order":0,"post_type":"autor","post_mime_type":"","comment_count":"0","filter":"raw"}],"autor":"DIKANN, ALAIN \/ AUGAGNEUR, JEAN","codart":"841697257","libros-coleccion":"Terapias Cuadernos ejercicios","ediciones":"1","encuadernacion":"R\u00fastica","fecha_de_publicacion":"01\/01\/2019","novedad":"1","paginas":"62","subtitulo":"","orden":"0","portada":"0","idioma":"spa","booktrailer":"","resenas":""},"aioseo_notices":[],"_links":{"self":[{"href":"https:\/\/www.claret.cat\/es\/wp-json\/wp\/v2\/product\/143253","targetHints":{"allow":["GET"]}}],"collection":[{"href":"https:\/\/www.claret.cat\/es\/wp-json\/wp\/v2\/product"}],"about":[{"href":"https:\/\/www.claret.cat\/es\/wp-json\/wp\/v2\/types\/product"}],"wp:featuredmedia":[{"embeddable":true,"href":"https:\/\/www.claret.cat\/es\/wp-json\/wp\/v2\/media\/143254"}],"wp:attachment":[{"href":"https:\/\/www.claret.cat\/es\/wp-json\/wp\/v2\/media?parent=143253"}],"wp:term":[{"taxonomy":"product_brand","embeddable":true,"href":"https:\/\/www.claret.cat\/es\/wp-json\/wp\/v2\/product_brand?post=143253"},{"taxonomy":"product_cat","embeddable":true,"href":"https:\/\/www.claret.cat\/es\/wp-json\/wp\/v2\/product_cat?post=143253"},{"taxonomy":"product_tag","embeddable":true,"href":"https:\/\/www.claret.cat\/es\/wp-json\/wp\/v2\/product_tag?post=143253"}],"curies":[{"name":"wp","href":"https:\/\/api.w.org\/{rel}","templated":true}]}}