{"id":14332,"date":"2022-10-01T22:50:10","date_gmt":"2022-10-01T20:50:10","guid":{"rendered":"http:\/\/dev.claret.cat\/producte\/estuche-trilogia-de-trajano\/"},"modified":"2026-05-07T15:37:54","modified_gmt":"2026-05-07T13:37:54","slug":"estuche-trilogia-de-trajano-9788408197423","status":"publish","type":"product","link":"https:\/\/www.claret.cat\/es\/libro\/estuche-trilogia-de-trajano-9788408197423\/","title":{"rendered":"ESTUCHE TRILOG\u00cdA DE TRAJANO"},"content":{"rendered":"<p>Los asesinos del emperador: 18 de septiembre del a\u00f1o 96 d. C. Un plan perfecto. Un d\u00eda dise\u00f1ado para escribir la Historia, pero cuando todo sale mal la Historia ya no se escribe? se improvisa: una guerra civil, las fieras del Coliseo, la guardia pretoriana, traiciones, envenenamientos, delatores y poetas, combates en la arena, ejecuciones sumar\u00edsimas, el \u00faltimo disc\u00edpulo de Cristo, el ascenso y ca\u00edda de una dinast\u00eda imperial, locura y esperanza, la erupci\u00f3n de Vesubio, un pu\u00f1ado de gladiadores, la amistad inquebrantable, Marco Ulpio Trajano, el mito de las amazonas, una gladiadora, nueve emperadores, treinta y cinco a\u00f1os de la historia de Roma. <br \/>18 de septiembre del 96 d. C. Un grupo de gladiadores dispuestos a todo avanza por las alcantarillas de Roma. Nada ni nadie puede detenerlos. Ni siquiera la Historia.<br \/>Circo M\u00e1ximo es la historia de Trajano y su gobierno, guerras y traiciones, lealtades insobornables e historias de amor imposibles. Hay una vestal, un juicio, inocentes acusados, un abogado brillante, mensajes cifrados, fortalezas inexpugnables, dos aurigas rivales, gladiadores y tres carreras de cuadrigas. Hay un caballo especial, diferente a todos, leyes antiguas olvidadas, sacrificios humanos, amargura y terror, pero tambi\u00e9n destellos de nobleza y esperanza, como la llama del Templo de Vesta, que mientras arde, preserva a Roma. S\u00f3lo que algunas noches la llama tiembla. La rueda de la Fortuna comienza entonces a girar. En esos momentos, todo es posible y hasta la vida de Trajano puede correr peligro. Y, esto es lo mejor, ocurri\u00f3: hubo un complot para asesinar a Marco Ulpio.<br \/>En el a\u00f1o 53 a. C. el c\u00f3nsul Craso cruz\u00f3 el \u00c9ufrates para conquistar Oriente, pero su ej\u00e9rcito fue destrozado en Carrhae. Una legi\u00f3n entera cay\u00f3 prisionera de los partos. Nadie sabe a ciencia cierta qu\u00e9 pas\u00f3 con aquella legi\u00f3n perdida.<br \/>150 a\u00f1os despu\u00e9s, Trajano est\u00e1 a punto de volver a cruzar el \u00c9ufrates. Los partos esperan al otro lado. Las tropas del C\u00e9sar dudan. Temen terminar como la legi\u00f3n perdida. Pero Trajano no tiene miedo y emprende la mayor campa\u00f1a militar de Roma hacia la victoria o hacia el desastre. Intrigas, batallas, dos mujeres adolescentes, idiomas extra\u00f1os, Roma, Partia, India, China, dos C\u00e9sares y una emperatriz se entrecruzan en el mayor relato \u00e9pico del mundo antiguo, La legi\u00f3n perdida, la novela con la que Santiago Posteguillo cierra su aclamada trilog\u00eda sobre Trajano. Hay emperadores que terminan un reinado, pero otros cabalgan directos a la leyenda.<\/p>\n","protected":false},"excerpt":{"rendered":"<p>POSTEGUILLO, SANTIAGO<\/p>\n","protected":false},"featured_media":69358,"template":"","meta":{"_acf_changed":false,"om_disable_all_campaigns":false,"rs_blank_template":"","rs_page_bg_color":"","slide_template_v7":"","inline_featured_image":false,"_monsterinsights_skip_tracking":false,"_monsterinsights_sitenote_active":false,"_monsterinsights_sitenote_note":"","_monsterinsights_sitenote_category":0},"product_brand":[],"product_cat":[85,351,353,87],"product_tag":[],"class_list":{"0":"post-14332","1":"product","2":"type-product","3":"status-publish","4":"has-post-thumbnail","6":"product_cat-historia","7":"product_cat-historia-2_humanidades","8":"product_cat-literatura-2_humanidades","9":"product_cat-literatura","11":"first","12":"instock","13":"taxable","14":"shipping-taxable","15":"purchasable","16":"product-type-simple"},"acf":{"autor":"POSTEGUILLO, SANTIAGO","codart":"840819742","libros-coleccion":"NOVELA HISTORICA","ediciones":"1","encuadernacion":"R\u00fastica","fecha_de_publicacion":"01\/11\/2018","novedad":"1","paginas":"1","subtitulo":"","orden":"0","portada":"0","idioma":"spa","editorial":[{"ID":6377,"post_author":"3","post_date":"2022-07-28 17:50:53","post_date_gmt":"2022-07-28 15:50:53","post_content":"","post_title":"Timun Mas CAT","post_excerpt":"","post_status":"publish","comment_status":"closed","ping_status":"closed","post_password":"","post_name":"timun-mas-cat","to_ping":"","pinged":"","post_modified":"2022-07-28 17:50:53","post_modified_gmt":"2022-07-28 15:50:53","post_content_filtered":"","post_parent":0,"guid":"http:\/\/dev.claret.cat\/editorial\/timun-mas-cat\/","menu_order":0,"post_type":"editorial","post_mime_type":"","comment_count":"0","filter":"raw"}],"autores-libros":[{"ID":6019,"post_author":"3","post_date":"2022-07-28 17:36:26","post_date_gmt":"2022-07-28 15:36:26","post_content":"","post_title":"SANTIAGO POSTEGUILLO","post_excerpt":"","post_status":"publish","comment_status":"closed","ping_status":"closed","post_password":"","post_name":"santiago-posteguillo","to_ping":"","pinged":"","post_modified":"2022-07-28 17:36:26","post_modified_gmt":"2022-07-28 15:36:26","post_content_filtered":"","post_parent":0,"guid":"http:\/\/dev.claret.cat\/autor\/santiago-posteguillo\/","menu_order":0,"post_type":"autor","post_mime_type":"","comment_count":"0","filter":"raw"}],"booktrailer":"","resenas":""},"aioseo_notices":[],"_links":{"self":[{"href":"https:\/\/www.claret.cat\/es\/wp-json\/wp\/v2\/product\/14332","targetHints":{"allow":["GET"]}}],"collection":[{"href":"https:\/\/www.claret.cat\/es\/wp-json\/wp\/v2\/product"}],"about":[{"href":"https:\/\/www.claret.cat\/es\/wp-json\/wp\/v2\/types\/product"}],"wp:featuredmedia":[{"embeddable":true,"href":"https:\/\/www.claret.cat\/es\/wp-json\/wp\/v2\/media\/69358"}],"wp:attachment":[{"href":"https:\/\/www.claret.cat\/es\/wp-json\/wp\/v2\/media?parent=14332"}],"wp:term":[{"taxonomy":"product_brand","embeddable":true,"href":"https:\/\/www.claret.cat\/es\/wp-json\/wp\/v2\/product_brand?post=14332"},{"taxonomy":"product_cat","embeddable":true,"href":"https:\/\/www.claret.cat\/es\/wp-json\/wp\/v2\/product_cat?post=14332"},{"taxonomy":"product_tag","embeddable":true,"href":"https:\/\/www.claret.cat\/es\/wp-json\/wp\/v2\/product_tag?post=14332"}],"curies":[{"name":"wp","href":"https:\/\/api.w.org\/{rel}","templated":true}]}}