{"id":1434,"date":"2022-07-27T20:45:05","date_gmt":"2022-07-27T18:45:05","guid":{"rendered":"http:\/\/dev.claret.cat\/producto\/guinness-world-records-2019-gamers-edition-9788408194286\/"},"modified":"2023-01-28T19:59:23","modified_gmt":"2023-01-28T18:59:23","slug":"guinness-world-records-2019-gamers-edition-9788408194286","status":"publish","type":"product","link":"https:\/\/www.claret.cat\/es\/libro\/guinness-world-records-2019-gamers-edition-9788408194286\/","title":{"rendered":"GUINNESS WORLD RECORDS 2019. GAMER&#8217;S EDITION"},"content":{"rendered":"<p>Con r\u00e9cords alucinantes de cientos de juegos, incluidos FIFA, Minecraft, Pok\u00e9- mon, WWE, Rocket League, Tekken y Overwatch. Adem\u00e1s, encontrar\u00e1s historias de superaci\u00f3n, fotos exclusivas, entrevistas a los campeones de eSports y las Estrellas de YouTube, r\u00e9cords de Speed-runs y \u00a1mucho, mucho m\u00e1s!<\/p>\n","protected":false},"excerpt":{"rendered":"<p>GUINNESS WORLD RECORDS<\/p>\n","protected":false},"featured_media":69922,"template":"","meta":{"_acf_changed":false,"om_disable_all_campaigns":false,"rs_blank_template":"","rs_page_bg_color":"","slide_template_v7":"","inline_featured_image":false,"_monsterinsights_skip_tracking":false,"_monsterinsights_sitenote_active":false,"_monsterinsights_sitenote_note":"","_monsterinsights_sitenote_category":0},"product_brand":[],"product_cat":[105,555,115,564],"product_tag":[],"class_list":{"0":"post-1434","1":"product","2":"type-product","3":"status-publish","4":"has-post-thumbnail","6":"product_cat-regal","7":"product_cat-regalo","8":"product_cat-videojocs","9":"product_cat-videojuegos","11":"first","12":"instock","13":"taxable","14":"shipping-taxable","15":"purchasable","16":"product-type-simple"},"acf":{"autor":"GUINNESS WORLD RECORDS","codart":"840819428","ediciones":"1","encuadernacion":"R\u00fastica","fecha_de_publicacion":"01\/10\/2018","novedad":"1","paginas":"216","subtitulo":"","orden":"0","portada":"0","idioma":"spa","libros-coleccion":"Guinness World Records","autores-libros":[{"ID":5525,"post_author":"3","post_date":"2022-07-28 17:25:51","post_date_gmt":"2022-07-28 15:25:51","post_content":"","post_title":"GUINNESS WORLD RECORDS","post_excerpt":"","post_status":"publish","comment_status":"closed","ping_status":"closed","post_password":"","post_name":"guinness-world-records","to_ping":"","pinged":"","post_modified":"2022-07-28 17:25:51","post_modified_gmt":"2022-07-28 15:25:51","post_content_filtered":"","post_parent":0,"guid":"http:\/\/dev.claret.cat\/autor\/guinness-world-records\/","menu_order":0,"post_type":"autor","post_mime_type":"","comment_count":"0","filter":"raw"}],"editorial":[{"ID":6233,"post_author":"3","post_date":"2022-07-28 17:47:48","post_date_gmt":"2022-07-28 15:47:48","post_content":"","post_title":"EDITORIAL PLANETA","post_excerpt":"","post_status":"publish","comment_status":"closed","ping_status":"closed","post_password":"","post_name":"editorial-planeta","to_ping":"","pinged":"","post_modified":"2022-07-28 17:47:48","post_modified_gmt":"2022-07-28 15:47:48","post_content_filtered":"","post_parent":0,"guid":"http:\/\/dev.claret.cat\/editorial\/editorial-planeta\/","menu_order":0,"post_type":"editorial","post_mime_type":"","comment_count":"0","filter":"raw"}]},"aioseo_notices":[],"_links":{"self":[{"href":"https:\/\/www.claret.cat\/es\/wp-json\/wp\/v2\/product\/1434","targetHints":{"allow":["GET"]}}],"collection":[{"href":"https:\/\/www.claret.cat\/es\/wp-json\/wp\/v2\/product"}],"about":[{"href":"https:\/\/www.claret.cat\/es\/wp-json\/wp\/v2\/types\/product"}],"wp:featuredmedia":[{"embeddable":true,"href":"https:\/\/www.claret.cat\/es\/wp-json\/wp\/v2\/media\/69922"}],"wp:attachment":[{"href":"https:\/\/www.claret.cat\/es\/wp-json\/wp\/v2\/media?parent=1434"}],"wp:term":[{"taxonomy":"product_brand","embeddable":true,"href":"https:\/\/www.claret.cat\/es\/wp-json\/wp\/v2\/product_brand?post=1434"},{"taxonomy":"product_cat","embeddable":true,"href":"https:\/\/www.claret.cat\/es\/wp-json\/wp\/v2\/product_cat?post=1434"},{"taxonomy":"product_tag","embeddable":true,"href":"https:\/\/www.claret.cat\/es\/wp-json\/wp\/v2\/product_tag?post=1434"}],"curies":[{"name":"wp","href":"https:\/\/api.w.org\/{rel}","templated":true}]}}