{"id":14344,"date":"2022-10-01T22:50:20","date_gmt":"2022-10-01T20:50:20","guid":{"rendered":"http:\/\/dev.claret.cat\/producte\/egipto-6\/"},"modified":"2023-07-24T11:30:18","modified_gmt":"2023-07-24T09:30:18","slug":"egipto-6-9788408197522","status":"publish","type":"product","link":"https:\/\/www.claret.cat\/es\/libro\/egipto-6-9788408197522\/","title":{"rendered":"EGIPTO 6"},"content":{"rendered":"<p>Egipto recibe al viajero con magn\u00edficos monumentos, su cautivador desierto y su frondoso delta, un gran pasado y su gente, acogedora y amante de las historias. Y, claro, con el imponente Nilo; el viejo dicho que asegura que Egipto es un regalo del Nilo sigue vigente: sin \u00e9l no habr\u00eda tierras f\u00e9rtiles, comida, y apenas electricidad. La vida egipcia se desvincula f\u00edsicamente del r\u00edo cada vez m\u00e1s, pero este sigue teniendo un papel singular y de suma importancia. Por suerte para los visitantes, es ideal para admirar la mayor\u00eda de los monumentos antiguos, una de las razones por las cuales los cruceros por el Nilo son tan populares.<\/p>\n","protected":false},"excerpt":{"rendered":"<p>LEE, JESSICA \/ SATTIN, ANTHONY<\/p>\n","protected":false},"featured_media":69056,"template":"","meta":{"_acf_changed":false,"om_disable_all_campaigns":false,"rs_blank_template":"","rs_page_bg_color":"","slide_template_v7":"","inline_featured_image":false,"_monsterinsights_skip_tracking":false,"_monsterinsights_sitenote_active":false,"_monsterinsights_sitenote_note":"","_monsterinsights_sitenote_category":0},"product_brand":[],"product_cat":[557,107],"product_tag":[],"class_list":{"0":"post-14344","1":"product","2":"type-product","3":"status-publish","4":"has-post-thumbnail","6":"product_cat-guias-de-viaje","7":"product_cat-guies-de-viatge","9":"first","10":"instock","11":"taxable","12":"shipping-taxable","13":"purchasable","14":"product-type-simple"},"acf":{"autor":"LEE, JESSICA \/ SATTIN, ANTHONY","codart":"840819752","libros-coleccion":"Gu\u00edas de Pa\u00eds Lonely Planet","ediciones":"1","encuadernacion":"R\u00fastica","fecha_de_publicacion":"01\/01\/2019","novedad":"1","paginas":"518","subtitulo":"","orden":"0","portada":"0","idioma":"spa","editorial":[{"ID":6377,"post_author":"3","post_date":"2022-07-28 17:50:53","post_date_gmt":"2022-07-28 15:50:53","post_content":"","post_title":"Timun Mas CAT","post_excerpt":"","post_status":"publish","comment_status":"closed","ping_status":"closed","post_password":"","post_name":"timun-mas-cat","to_ping":"","pinged":"","post_modified":"2022-07-28 17:50:53","post_modified_gmt":"2022-07-28 15:50:53","post_content_filtered":"","post_parent":0,"guid":"http:\/\/dev.claret.cat\/editorial\/timun-mas-cat\/","menu_order":0,"post_type":"editorial","post_mime_type":"","comment_count":"0","filter":"raw"}],"autores-libros":[{"ID":159068,"post_author":"3","post_date":"2022-10-14 15:41:50","post_date_gmt":"2022-10-14 13:41:50","post_content":"","post_title":"JESSICA LEE","post_excerpt":"","post_status":"publish","comment_status":"closed","ping_status":"closed","post_password":"","post_name":"jessica-lee","to_ping":"","pinged":"","post_modified":"2022-10-14 15:41:50","post_modified_gmt":"2022-10-14 13:41:50","post_content_filtered":"","post_parent":0,"guid":"http:\/\/dev.claret.cat\/autor\/jessica-lee\/","menu_order":0,"post_type":"autor","post_mime_type":"","comment_count":"0","filter":"raw"},{"ID":150774,"post_author":"3","post_date":"2022-10-14 14:35:38","post_date_gmt":"2022-10-14 12:35:38","post_content":"","post_title":"ANTHONY SATTIN","post_excerpt":"","post_status":"publish","comment_status":"closed","ping_status":"closed","post_password":"","post_name":"anthony-sattin","to_ping":"","pinged":"","post_modified":"2022-10-14 14:35:38","post_modified_gmt":"2022-10-14 12:35:38","post_content_filtered":"","post_parent":0,"guid":"http:\/\/dev.claret.cat\/autor\/anthony-sattin\/","menu_order":0,"post_type":"autor","post_mime_type":"","comment_count":"0","filter":"raw"}]},"aioseo_notices":[],"_links":{"self":[{"href":"https:\/\/www.claret.cat\/es\/wp-json\/wp\/v2\/product\/14344","targetHints":{"allow":["GET"]}}],"collection":[{"href":"https:\/\/www.claret.cat\/es\/wp-json\/wp\/v2\/product"}],"about":[{"href":"https:\/\/www.claret.cat\/es\/wp-json\/wp\/v2\/types\/product"}],"wp:featuredmedia":[{"embeddable":true,"href":"https:\/\/www.claret.cat\/es\/wp-json\/wp\/v2\/media\/69056"}],"wp:attachment":[{"href":"https:\/\/www.claret.cat\/es\/wp-json\/wp\/v2\/media?parent=14344"}],"wp:term":[{"taxonomy":"product_brand","embeddable":true,"href":"https:\/\/www.claret.cat\/es\/wp-json\/wp\/v2\/product_brand?post=14344"},{"taxonomy":"product_cat","embeddable":true,"href":"https:\/\/www.claret.cat\/es\/wp-json\/wp\/v2\/product_cat?post=14344"},{"taxonomy":"product_tag","embeddable":true,"href":"https:\/\/www.claret.cat\/es\/wp-json\/wp\/v2\/product_tag?post=14344"}],"curies":[{"name":"wp","href":"https:\/\/api.w.org\/{rel}","templated":true}]}}