{"id":143469,"date":"2022-10-13T13:46:22","date_gmt":"2022-10-13T11:46:22","guid":{"rendered":"http:\/\/dev.claret.cat\/producte\/dos-mujeres-excepcionales-hildegarda-de-bingen-y-teresa-de-avila\/"},"modified":"2024-05-23T00:29:33","modified_gmt":"2024-05-22T22:29:33","slug":"dos-mujeres-excepcionales-hildegarda-de-bingen-y-teresa-de-avila-9788496488885","status":"publish","type":"product","link":"https:\/\/www.claret.cat\/es\/libro\/dos-mujeres-excepcionales-hildegarda-de-bingen-y-teresa-de-avila-9788496488885\/","title":{"rendered":"DOS MUJERES EXCEPCIONALES: HILDEGARDA DE BINGEN Y TERESA DE \u00c1VILA"},"content":{"rendered":"<p>Si hay dos personalidades femeninas universales en Europa son la Santa alemana Hildegarda de Bingen en el siglo XII y la Santa abulense Teresa de Jes\u00fas en el siglo XVI. Doctoras de la Iglesia las dos, se acreditan como mujeres extraordinarias, que merece la pena conocer y, si es factible, seguir en su amor a la Trinidad, a Jes\u00fas y al hombre concreto de carne y hueso. Acercarse a su vida y obra, compararlas en sus aspectos principales es lo que pretende esta obra. No nos dejar\u00e1 indiferente encontrarnos con estas dos excepcionales mujeres, que constituyen un aut\u00e9ntico patrimonio de la humanidad y joyas perennes de la Iglesia Cat\u00f3lica.<\/p>\n","protected":false},"excerpt":{"rendered":"<p>MONTES PERAL, LU\u00cdS \u00c1NGEL<\/p>\n","protected":false},"featured_media":362909,"template":"","meta":{"_acf_changed":false,"om_disable_all_campaigns":false,"rs_blank_template":"","rs_page_bg_color":"","slide_template_v7":"","inline_featured_image":false,"_monsterinsights_skip_tracking":false,"_monsterinsights_sitenote_active":false,"_monsterinsights_sitenote_note":"","_monsterinsights_sitenote_category":0},"product_brand":[],"product_cat":[345,79,545,95,542,92],"product_tag":[],"class_list":{"0":"post-143469","1":"product","2":"type-product","3":"status-publish","4":"has-post-thumbnail","6":"product_cat-espiritualidad","7":"product_cat-espiritualitat","8":"product_cat-santoral-1_espiritualidad-spa","9":"product_cat-santoral","10":"product_cat-vida-religiosa-1_espiritualidad-spa","11":"product_cat-vida-religiosa","13":"first","14":"instock","15":"taxable","16":"shipping-taxable","17":"purchasable","18":"product-type-simple"},"acf":{"editorial":[{"ID":6359,"post_author":"3","post_date":"2022-07-28 17:50:30","post_date_gmt":"2022-07-28 15:50:30","post_content":"","post_title":"Secretariado Trinitario","post_excerpt":"","post_status":"publish","comment_status":"closed","ping_status":"closed","post_password":"","post_name":"secretariado-trinitario","to_ping":"","pinged":"","post_modified":"2022-07-28 17:50:30","post_modified_gmt":"2022-07-28 15:50:30","post_content_filtered":"","post_parent":0,"guid":"http:\/\/dev.claret.cat\/editorial\/secretariado-trinitario\/","menu_order":0,"post_type":"editorial","post_mime_type":"","comment_count":"0","filter":"raw"}],"autor":"MONTES PERAL, LU\u00cdS \u00c1NGEL","codart":"849648888","libros-coleccion":"Mundo y Dios","ediciones":"1","encuadernacion":"R\u00fastica","fecha_de_publicacion":"14\/01\/2018","novedad":"1","paginas":"228","subtitulo":"","orden":"0","portada":"0","idioma":"spa","autores-libros":[{"ID":162672,"post_author":"3","post_date":"2022-10-14 17:32:53","post_date_gmt":"2022-10-14 15:32:53","post_content":"","post_title":"LUIS \u00c1NGEL MONTES PERAL","post_excerpt":"","post_status":"publish","comment_status":"closed","ping_status":"closed","post_password":"","post_name":"luis-angel-montes-peral","to_ping":"","pinged":"","post_modified":"2022-10-14 17:32:53","post_modified_gmt":"2022-10-14 15:32:53","post_content_filtered":"","post_parent":0,"guid":"http:\/\/dev.claret.cat\/autor\/luis-angel-montes-peral\/","menu_order":0,"post_type":"autor","post_mime_type":"","comment_count":"0","filter":"raw"}]},"aioseo_notices":[],"_links":{"self":[{"href":"https:\/\/www.claret.cat\/es\/wp-json\/wp\/v2\/product\/143469","targetHints":{"allow":["GET"]}}],"collection":[{"href":"https:\/\/www.claret.cat\/es\/wp-json\/wp\/v2\/product"}],"about":[{"href":"https:\/\/www.claret.cat\/es\/wp-json\/wp\/v2\/types\/product"}],"wp:featuredmedia":[{"embeddable":true,"href":"https:\/\/www.claret.cat\/es\/wp-json\/wp\/v2\/media\/362909"}],"wp:attachment":[{"href":"https:\/\/www.claret.cat\/es\/wp-json\/wp\/v2\/media?parent=143469"}],"wp:term":[{"taxonomy":"product_brand","embeddable":true,"href":"https:\/\/www.claret.cat\/es\/wp-json\/wp\/v2\/product_brand?post=143469"},{"taxonomy":"product_cat","embeddable":true,"href":"https:\/\/www.claret.cat\/es\/wp-json\/wp\/v2\/product_cat?post=143469"},{"taxonomy":"product_tag","embeddable":true,"href":"https:\/\/www.claret.cat\/es\/wp-json\/wp\/v2\/product_tag?post=143469"}],"curies":[{"name":"wp","href":"https:\/\/api.w.org\/{rel}","templated":true}]}}