{"id":143487,"date":"2022-10-13T13:46:37","date_gmt":"2022-10-13T11:46:37","guid":{"rendered":"http:\/\/dev.claret.cat\/producte\/quaderns-de-pastoral-243-setembre-desembre-2018\/"},"modified":"2024-05-02T17:45:46","modified_gmt":"2024-05-02T15:45:46","slug":"quaderns-de-pastoral-243-setembre-desembre-2018-9788402102058","status":"publish","type":"product","link":"https:\/\/www.claret.cat\/es\/libro\/quaderns-de-pastoral-243-setembre-desembre-2018-9788402102058\/","title":{"rendered":"QUADERNS DE PASTORAL &#8211; 243 &#8211; SETEMBRE &#8211; DESEMBRE 2018"},"content":{"rendered":"<p>Editem el nou n\u00famero de la revista Quaderns de Pastoral, n\u00famero 243, promoguda per la c\u00e0tedra de teologia pastoral \u00abarquebisbe Josep Pont i Gol\u00bb. En aquest ocasi\u00f3 la reflexi\u00f3 pastoral s\u2019orienta vers la pastoral a casa nostra, a partir del document \u00abL\u2019Esgl\u00e9sia catalana: present i fitir\u00bb. \u00c9s un desig de la c\u00e0tedra reflexionar i oferir la possibilitat d\u2019obrir un espai obert i ric en aportacions de caire teol\u00f2gic i pastoral al voltant de la pr\u00f2pia realitat catalana. La mateixa revista, en la seva primera \u00e8poca ja ho havia fet en tres ocasions.<\/p>\n","protected":false},"excerpt":{"rendered":"<p>FACULTAT DE TEOLOGIA<\/p>\n","protected":false},"featured_media":329635,"template":"","meta":{"_acf_changed":false,"om_disable_all_campaigns":false,"rs_blank_template":"","rs_page_bg_color":"","slide_template_v7":"","inline_featured_image":false,"_monsterinsights_skip_tracking":false,"_monsterinsights_sitenote_active":false,"_monsterinsights_sitenote_note":"","_monsterinsights_sitenote_category":0},"product_brand":[],"product_cat":[78,344],"product_tag":[],"class_list":{"0":"post-143487","1":"product","2":"type-product","3":"status-publish","4":"has-post-thumbnail","6":"product_cat-pastoral","7":"product_cat-pastoral-1_espiritualidad","9":"first","10":"instock","11":"taxable","12":"shipping-taxable","13":"purchasable","14":"product-type-simple"},"acf":{"editorial":[{"ID":6253,"post_author":"3","post_date":"2022-07-28 17:48:14","post_date_gmt":"2022-07-28 15:48:14","post_content":"","post_title":"Facultat Teologia de Catalunya","post_excerpt":"","post_status":"publish","comment_status":"closed","ping_status":"closed","post_password":"","post_name":"facultat-teologia-de-catalunya","to_ping":"","pinged":"","post_modified":"2022-07-28 17:48:14","post_modified_gmt":"2022-07-28 15:48:14","post_content_filtered":"","post_parent":0,"guid":"http:\/\/dev.claret.cat\/editorial\/facultat-teologia-de-catalunya\/","menu_order":0,"post_type":"editorial","post_mime_type":"","comment_count":"0","filter":"raw"}],"autores-libros":[{"ID":155626,"post_author":"3","post_date":"2022-10-14 15:14:20","post_date_gmt":"2022-10-14 13:14:20","post_content":"","post_title":"FACULTAT DE TEOLOGIA","post_excerpt":"","post_status":"publish","comment_status":"closed","ping_status":"closed","post_password":"","post_name":"facultat-de-teologia","to_ping":"","pinged":"","post_modified":"2022-10-14 15:14:20","post_modified_gmt":"2022-10-14 13:14:20","post_content_filtered":"","post_parent":0,"guid":"http:\/\/dev.claret.cat\/autor\/facultat-de-teologia\/","menu_order":0,"post_type":"autor","post_mime_type":"","comment_count":"0","filter":"raw"}],"autor":"FACULTAT DE TEOLOGIA","codart":"840210205","libros-coleccion":"","ediciones":"1","encuadernacion":"R\u00fastica","fecha_de_publicacion":"11\/01\/2019","novedad":"1","paginas":"186","subtitulo":"L'ESGL\u00c9SIA CATALANA: PRESENT I FUTUR","orden":"0","portada":"0","idioma":"cat"},"aioseo_notices":[],"_links":{"self":[{"href":"https:\/\/www.claret.cat\/es\/wp-json\/wp\/v2\/product\/143487","targetHints":{"allow":["GET"]}}],"collection":[{"href":"https:\/\/www.claret.cat\/es\/wp-json\/wp\/v2\/product"}],"about":[{"href":"https:\/\/www.claret.cat\/es\/wp-json\/wp\/v2\/types\/product"}],"wp:featuredmedia":[{"embeddable":true,"href":"https:\/\/www.claret.cat\/es\/wp-json\/wp\/v2\/media\/329635"}],"wp:attachment":[{"href":"https:\/\/www.claret.cat\/es\/wp-json\/wp\/v2\/media?parent=143487"}],"wp:term":[{"taxonomy":"product_brand","embeddable":true,"href":"https:\/\/www.claret.cat\/es\/wp-json\/wp\/v2\/product_brand?post=143487"},{"taxonomy":"product_cat","embeddable":true,"href":"https:\/\/www.claret.cat\/es\/wp-json\/wp\/v2\/product_cat?post=143487"},{"taxonomy":"product_tag","embeddable":true,"href":"https:\/\/www.claret.cat\/es\/wp-json\/wp\/v2\/product_tag?post=143487"}],"curies":[{"name":"wp","href":"https:\/\/api.w.org\/{rel}","templated":true}]}}