{"id":14350,"date":"2022-10-01T22:50:26","date_gmt":"2022-10-01T20:50:26","guid":{"rendered":"http:\/\/dev.claret.cat\/producte\/cocottes\/"},"modified":"2023-01-28T10:06:24","modified_gmt":"2023-01-28T09:06:24","slug":"cocottes-9788408197546","status":"publish","type":"product","link":"https:\/\/www.claret.cat\/es\/libro\/cocottes-9788408197546\/","title":{"rendered":"COCOTTES"},"content":{"rendered":"<p>Este libro de Paco P\u00e9rez no es solamente para revelarnos los secretos de sus recetas cotidianas sino lograr la reconciliaci\u00f3n definitiva con los fogones. El chef del Miramar nos invita a cocinar de la forma m\u00e1s cl\u00e1sica apostando por los productos de temporada. En definitiva, propone cocinar tal y como lo hac\u00edan nuestras madres y abuelas, en cazuelas, cacerolas, cassoles?, en eternas cocottes, para llevar la comida del huerto a la mesa con cari\u00f1o y el calor de hogar.<\/p>\n","protected":false},"excerpt":{"rendered":"<p>GARC\u00cdA-ARB\u00d3S, SALVADOR \/ P\u00c9REZ, PACO<\/p>\n","protected":false},"featured_media":69362,"template":"","meta":{"_acf_changed":false,"om_disable_all_campaigns":false,"rs_blank_template":"","rs_page_bg_color":"","slide_template_v7":"","inline_featured_image":false,"_monsterinsights_skip_tracking":false,"_monsterinsights_sitenote_active":false,"_monsterinsights_sitenote_note":"","_monsterinsights_sitenote_category":0},"product_brand":[],"product_cat":[103],"product_tag":[],"class_list":{"0":"post-14350","1":"product","2":"type-product","3":"status-publish","4":"has-post-thumbnail","6":"product_cat-cuina","8":"first","9":"instock","10":"taxable","11":"shipping-taxable","12":"purchasable","13":"product-type-simple"},"acf":{"autor":"GARC\u00cdA-ARB\u00d3S, SALVADOR \/ P\u00c9REZ, PACO","codart":"840819754","libros-coleccion":"Grandes restaurantes","ediciones":"1","encuadernacion":"R\u00fastica","fecha_de_publicacion":"01\/11\/2018","novedad":"1","paginas":"240","subtitulo":"CAZUELAS Y CACEROLAS","orden":"0","portada":"0","idioma":"spa","editorial":[{"ID":148676,"post_author":"3","post_date":"2022-10-14 12:00:07","post_date_gmt":"2022-10-14 10:00:07","post_content":"","post_title":"Planeta Gastro","post_excerpt":"","post_status":"publish","comment_status":"closed","ping_status":"closed","post_password":"","post_name":"planeta-gastro","to_ping":"","pinged":"","post_modified":"2022-10-14 12:00:07","post_modified_gmt":"2022-10-14 10:00:07","post_content_filtered":"","post_parent":0,"guid":"http:\/\/dev.claret.cat\/editorial\/planeta-gastro\/","menu_order":0,"post_type":"editorial","post_mime_type":"","comment_count":"0","filter":"raw"}],"autores-libros":[{"ID":168853,"post_author":"3","post_date":"2022-10-14 22:22:28","post_date_gmt":"2022-10-14 20:22:28","post_content":"","post_title":"SALVADOR GARCIA-ARB\u00d3S","post_excerpt":"","post_status":"publish","comment_status":"closed","ping_status":"closed","post_password":"","post_name":"salvador-garcia-arbos","to_ping":"","pinged":"","post_modified":"2022-10-14 22:22:28","post_modified_gmt":"2022-10-14 20:22:28","post_content_filtered":"","post_parent":0,"guid":"http:\/\/dev.claret.cat\/autor\/salvador-garcia-arbos\/","menu_order":0,"post_type":"autor","post_mime_type":"","comment_count":"0","filter":"raw"},{"ID":166478,"post_author":"3","post_date":"2022-10-14 18:03:35","post_date_gmt":"2022-10-14 16:03:35","post_content":"","post_title":"PACO P\u00c9REZ","post_excerpt":"","post_status":"publish","comment_status":"closed","ping_status":"closed","post_password":"","post_name":"paco-perez","to_ping":"","pinged":"","post_modified":"2022-10-14 18:03:35","post_modified_gmt":"2022-10-14 16:03:35","post_content_filtered":"","post_parent":0,"guid":"http:\/\/dev.claret.cat\/autor\/paco-perez\/","menu_order":0,"post_type":"autor","post_mime_type":"","comment_count":"0","filter":"raw"}]},"aioseo_notices":[],"_links":{"self":[{"href":"https:\/\/www.claret.cat\/es\/wp-json\/wp\/v2\/product\/14350","targetHints":{"allow":["GET"]}}],"collection":[{"href":"https:\/\/www.claret.cat\/es\/wp-json\/wp\/v2\/product"}],"about":[{"href":"https:\/\/www.claret.cat\/es\/wp-json\/wp\/v2\/types\/product"}],"wp:featuredmedia":[{"embeddable":true,"href":"https:\/\/www.claret.cat\/es\/wp-json\/wp\/v2\/media\/69362"}],"wp:attachment":[{"href":"https:\/\/www.claret.cat\/es\/wp-json\/wp\/v2\/media?parent=14350"}],"wp:term":[{"taxonomy":"product_brand","embeddable":true,"href":"https:\/\/www.claret.cat\/es\/wp-json\/wp\/v2\/product_brand?post=14350"},{"taxonomy":"product_cat","embeddable":true,"href":"https:\/\/www.claret.cat\/es\/wp-json\/wp\/v2\/product_cat?post=14350"},{"taxonomy":"product_tag","embeddable":true,"href":"https:\/\/www.claret.cat\/es\/wp-json\/wp\/v2\/product_tag?post=14350"}],"curies":[{"name":"wp","href":"https:\/\/api.w.org\/{rel}","templated":true}]}}