{"id":14353,"date":"2022-10-01T22:50:29","date_gmt":"2022-10-01T20:50:29","guid":{"rendered":"http:\/\/dev.claret.cat\/producte\/casa-cacao\/"},"modified":"2023-01-28T20:28:12","modified_gmt":"2023-01-28T19:28:12","slug":"casa-cacao-9788408197553","status":"publish","type":"product","link":"https:\/\/www.claret.cat\/es\/libro\/casa-cacao-9788408197553\/","title":{"rendered":"CASA CACAO"},"content":{"rendered":"<p>Jordi Roca comenz\u00f3 trabajando con chocolates de distintos or\u00edgenes y preparados de formas muy diferentes en sus elaboraciones. Hasta que decidi\u00f3 dar un paso m\u00e1s y empezar un nuevo proceso creativo a partir del redescubrimiento del cacao. La experimentaci\u00f3n le llev\u00f3 a afrontar un recorrido a trav\u00e9s de la historia del chocolate, que le ha transportado al lugar de origen del cacao, en la selva amaz\u00f3nica. Tras conocer la naturaleza de los cacaos criollos y las caracter\u00edsticas de su cultivo, Jordi Roca volvi\u00f3 a su taller y dio un nuevo giro a su trabajo creativo, lanz\u00e1ndose con nuevas elaboraciones a partir de los nuevos cacaos que fue recogiendo a lo largo y ancho de su viaje por los distintos pa\u00edses de Am\u00e9rica Latina. Este libro parte del proceso creativo de una de sus creaciones m\u00e1s reconocidas como detonante del viaje de b\u00fasqueda en las ra\u00edces del cacao, y termina con las nuevas recetas que mostrar\u00e1 tanto en El Celler de Can Roca como en los helados de Rocambolesc o en su nueva chocolater\u00eda.<\/p>\n","protected":false},"excerpt":{"rendered":"<p>ROCA, JORDI \/ MEDINA, IGNACIO<\/p>\n","protected":false},"featured_media":69208,"template":"","meta":{"_acf_changed":false,"om_disable_all_campaigns":false,"rs_blank_template":"","rs_page_bg_color":"","slide_template_v7":"","inline_featured_image":false,"_monsterinsights_skip_tracking":false,"_monsterinsights_sitenote_active":false,"_monsterinsights_sitenote_note":"","_monsterinsights_sitenote_category":0},"product_brand":[],"product_cat":[103],"product_tag":[],"class_list":{"0":"post-14353","1":"product","2":"type-product","3":"status-publish","4":"has-post-thumbnail","6":"product_cat-cuina","8":"first","9":"instock","10":"taxable","11":"shipping-taxable","12":"purchasable","13":"product-type-simple"},"acf":{"autor":"ROCA, JORDI \/ MEDINA, IGNACIO","codart":"840819755","libros-coleccion":"Pasteler\u00eda y postres","ediciones":"1","encuadernacion":"Carton\u00e9","fecha_de_publicacion":"01\/11\/2018","novedad":"1","paginas":"0","subtitulo":"EL VIAJE DE VUELTA AL ORIGEN DEL CHOCOLATE","orden":"0","portada":"0","idioma":"spa","editorial":[{"ID":6377,"post_author":"3","post_date":"2022-07-28 17:50:53","post_date_gmt":"2022-07-28 15:50:53","post_content":"","post_title":"Timun Mas CAT","post_excerpt":"","post_status":"publish","comment_status":"closed","ping_status":"closed","post_password":"","post_name":"timun-mas-cat","to_ping":"","pinged":"","post_modified":"2022-07-28 17:50:53","post_modified_gmt":"2022-07-28 15:50:53","post_content_filtered":"","post_parent":0,"guid":"http:\/\/dev.claret.cat\/editorial\/timun-mas-cat\/","menu_order":0,"post_type":"editorial","post_mime_type":"","comment_count":"0","filter":"raw"}],"autores-libros":[{"ID":159992,"post_author":"3","post_date":"2022-10-14 15:49:24","post_date_gmt":"2022-10-14 13:49:24","post_content":"","post_title":"JORDI ROCA","post_excerpt":"","post_status":"publish","comment_status":"closed","ping_status":"closed","post_password":"","post_name":"jordi-roca","to_ping":"","pinged":"","post_modified":"2022-10-14 15:49:24","post_modified_gmt":"2022-10-14 13:49:24","post_content_filtered":"","post_parent":0,"guid":"http:\/\/dev.claret.cat\/autor\/jordi-roca\/","menu_order":0,"post_type":"autor","post_mime_type":"","comment_count":"0","filter":"raw"},{"ID":157771,"post_author":"3","post_date":"2022-10-14 15:31:29","post_date_gmt":"2022-10-14 13:31:29","post_content":"","post_title":"IGNACIO MEDINA","post_excerpt":"","post_status":"publish","comment_status":"closed","ping_status":"closed","post_password":"","post_name":"ignacio-medina","to_ping":"","pinged":"","post_modified":"2022-10-14 15:31:29","post_modified_gmt":"2022-10-14 13:31:29","post_content_filtered":"","post_parent":0,"guid":"http:\/\/dev.claret.cat\/autor\/ignacio-medina\/","menu_order":0,"post_type":"autor","post_mime_type":"","comment_count":"0","filter":"raw"}]},"aioseo_notices":[],"_links":{"self":[{"href":"https:\/\/www.claret.cat\/es\/wp-json\/wp\/v2\/product\/14353","targetHints":{"allow":["GET"]}}],"collection":[{"href":"https:\/\/www.claret.cat\/es\/wp-json\/wp\/v2\/product"}],"about":[{"href":"https:\/\/www.claret.cat\/es\/wp-json\/wp\/v2\/types\/product"}],"wp:featuredmedia":[{"embeddable":true,"href":"https:\/\/www.claret.cat\/es\/wp-json\/wp\/v2\/media\/69208"}],"wp:attachment":[{"href":"https:\/\/www.claret.cat\/es\/wp-json\/wp\/v2\/media?parent=14353"}],"wp:term":[{"taxonomy":"product_brand","embeddable":true,"href":"https:\/\/www.claret.cat\/es\/wp-json\/wp\/v2\/product_brand?post=14353"},{"taxonomy":"product_cat","embeddable":true,"href":"https:\/\/www.claret.cat\/es\/wp-json\/wp\/v2\/product_cat?post=14353"},{"taxonomy":"product_tag","embeddable":true,"href":"https:\/\/www.claret.cat\/es\/wp-json\/wp\/v2\/product_tag?post=14353"}],"curies":[{"name":"wp","href":"https:\/\/api.w.org\/{rel}","templated":true}]}}